{"id":7408,"date":"2020-09-01T23:44:54","date_gmt":"2020-09-02T02:44:54","guid":{"rendered":"http:\/\/www.accademiaitaliana.siteoficial.ws\/site\/wordpress\/?page_id=7408"},"modified":"2020-10-24T12:30:36","modified_gmt":"2020-10-24T15:30:36","slug":"eventos","status":"publish","type":"page","link":"https:\/\/www.accademiaitaliana.com.br\/site\/wordpress\/eventos\/","title":{"rendered":"Eventos"},"content":{"rendered":"<style type=\"text\/css\"> \n#cmsmasters_row_69f1f3586f5605_97297381 { \n\tbackground-image: url(https:\/\/www.accademiaitaliana.com.br\/site\/wordpress\/wp-content\/uploads\/2020\/10\/eventos_banner.jpg); \n\tbackground-position: center center; \n\tbackground-repeat: no-repeat; \n\tbackground-attachment: scroll; \n\tbackground-size: cover; \n} \n\n#cmsmasters_row_69f1f3586f5605_97297381 .cmsmasters_row_outer_parent { \n\tpadding-top: 180px; \n} \n\n#cmsmasters_row_69f1f3586f5605_97297381 .cmsmasters_row_outer_parent { \n\tpadding-bottom: 180px; \n} \n\n#cmsmasters_row_69f1f3586f5605_97297381 .cmsmasters_row_overlay { \n\tbackground-color:rgba(37,37,49,0.1);\n} \n\n \n#cmsmasters_heading_69f1f3586fad25_43479139 { \n\ttext-align:center; \n\tmargin-top:70px; \n\tmargin-bottom:70px; \n} \n\n#cmsmasters_heading_69f1f3586fad25_43479139 .cmsmasters_heading { \n\ttext-align:center; \n} \n\n#cmsmasters_heading_69f1f3586fad25_43479139 .cmsmasters_heading, #cmsmasters_heading_69f1f3586fad25_43479139 .cmsmasters_heading a { \n\tfont-size:50px; \n\tline-height:90px; \n\tfont-weight:300; \n\tfont-style:normal; \n\tcolor:#ffffff;\n} \n\n#cmsmasters_heading_69f1f3586fad25_43479139 .cmsmasters_heading_divider { \n} \n\n \n#cmsmasters_row_69f1f3586fc124_38807531 .cmsmasters_row_outer_parent { \n\tpadding-top: 20px; \n} \n\n#cmsmasters_row_69f1f3586fc124_38807531 .cmsmasters_row_outer_parent { \n\tpadding-bottom: 20px; \n} \n\n \n#cmsmasters_heading_69f1f3586fd026_07971276 { \n\ttext-align:left; \n\tmargin-top:0px; \n\tmargin-bottom:20px; \n} \n\n#cmsmasters_heading_69f1f3586fd026_07971276 .cmsmasters_heading { \n\ttext-align:left; \n} \n\n#cmsmasters_heading_69f1f3586fd026_07971276 .cmsmasters_heading, #cmsmasters_heading_69f1f3586fd026_07971276 .cmsmasters_heading a { \n\tfont-size:26px; \n\tfont-weight:300; \n\tfont-style:normal; \n} \n\n#cmsmasters_heading_69f1f3586fd026_07971276 .cmsmasters_heading_divider { \n} \n\n \n#cmsmasters_divider_69f1f358705c25_48441991 { \n\tborder-bottom-width:1px; \n\tborder-bottom-style:solid; \n\tpadding-top:15px; \n\tmargin-bottom:15px; \n} \n \n#cmsmasters_row_69f1f358705ff8_42629832 .cmsmasters_row_outer_parent { \n\tpadding-top: 20px; \n} \n\n#cmsmasters_row_69f1f358705ff8_42629832 .cmsmasters_row_outer_parent { \n\tpadding-bottom: 20px; \n} \n\n \n#cmsmasters_heading_69f1f3587064f1_49960219 { \n\ttext-align:left; \n\tmargin-top:0px; \n\tmargin-bottom:20px; \n} \n\n#cmsmasters_heading_69f1f3587064f1_49960219 .cmsmasters_heading { \n\ttext-align:left; \n} \n\n#cmsmasters_heading_69f1f3587064f1_49960219 .cmsmasters_heading, #cmsmasters_heading_69f1f3587064f1_49960219 .cmsmasters_heading a { \n\tfont-size:26px; \n\tfont-weight:300; \n\tfont-style:normal; \n} \n\n#cmsmasters_heading_69f1f3587064f1_49960219 .cmsmasters_heading_divider { \n} \n\n \n#cmsmasters_row_69f1f358706762_74357983 .cmsmasters_row_outer_parent { \n\tpadding-top: 0px; \n} \n\n#cmsmasters_row_69f1f358706762_74357983 .cmsmasters_row_outer_parent { \n\tpadding-bottom: 50px; \n} \n\n \n#cmsmasters_row_69f1f35870b651_36517593 .cmsmasters_row_outer_parent { \n\tpadding-top: 0px; \n} \n\n#cmsmasters_row_69f1f35870b651_36517593 .cmsmasters_row_outer_parent { \n\tpadding-bottom: 10px; \n} \n\n \n#cmsmasters_divider_69f1f35870c5e0_56480184 { \n\tborder-bottom-width:1px; \n\tborder-bottom-style:solid; \n\tpadding-top:0px; \n\tmargin-bottom:0px; \n} \n \n#cmsmasters_row_69f1f35870c849_64204647 .cmsmasters_row_outer_parent { \n\tpadding-top: 20px; \n} \n\n#cmsmasters_row_69f1f35870c849_64204647 .cmsmasters_row_outer_parent { \n\tpadding-bottom: 20px; \n} \n\n \n#cmsmasters_heading_69f1f35870d2d7_22466393 { \n\ttext-align:left; \n\tmargin-top:0px; \n\tmargin-bottom:20px; \n} \n\n#cmsmasters_heading_69f1f35870d2d7_22466393 .cmsmasters_heading { \n\ttext-align:left; \n} \n\n#cmsmasters_heading_69f1f35870d2d7_22466393 .cmsmasters_heading, #cmsmasters_heading_69f1f35870d2d7_22466393 .cmsmasters_heading a { \n\tfont-size:26px; \n\tfont-weight:300; \n\tfont-style:normal; \n} \n\n#cmsmasters_heading_69f1f35870d2d7_22466393 .cmsmasters_heading_divider { \n} \n\n \n#cmsmasters_row_69f1f35870d8c6_88118922 .cmsmasters_row_outer_parent { \n\tpadding-top: 0px; \n} \n\n#cmsmasters_row_69f1f35870d8c6_88118922 .cmsmasters_row_outer_parent { \n\tpadding-bottom: 50px; \n} \n\n \n#cmsmasters_row_69f1f358711a12_90286182 .cmsmasters_row_outer_parent { \n\tpadding-top: 0px; \n} \n\n#cmsmasters_row_69f1f358711a12_90286182 .cmsmasters_row_outer_parent { \n\tpadding-bottom: 50px; \n} \n\n \n#cmsmasters_divider_69f1f358712576_56257981 { \n\tborder-bottom-width:1px; \n\tborder-bottom-style:solid; \n\tpadding-top:0px; \n\tmargin-bottom:0px; \n} \n \n#cmsmasters_row_69f1f3587127a5_84713517 .cmsmasters_row_outer_parent { \n\tpadding-top: 20px; \n} \n\n#cmsmasters_row_69f1f3587127a5_84713517 .cmsmasters_row_outer_parent { \n\tpadding-bottom: 20px; \n} \n\n<\/style><div id=\"cmsmasters_row_69f1f3586f5605_97297381\" class=\"cmsmasters_row cmsmasters_color_scheme_default cmsmasters_row_top_default cmsmasters_row_bot_default cmsmasters_row_boxed\">\n<div class=\"cmsmasters_row_outer_parent\">\n<div class=\"cmsmasters_row_overlay\"><\/div>\n<div class=\"cmsmasters_row_outer\">\n<div class=\"cmsmasters_row_inner\">\n<div class=\"cmsmasters_row_margin\">\n<div class=\"cmsmasters_column one_first\">\n\n<div id=\"cmsmasters_heading_69f1f3586fad25_43479139\" class=\"cmsmasters_heading_wrap cmsmasters_heading_align_center\">\n\t<h1 class=\"cmsmasters_heading\">Eventos<\/h1>\n<\/div>\n<\/div>\n<\/div>\n<\/div>\n<\/div>\n<\/div>\n<\/div>\n<div id=\"cmsmasters_row_69f1f3586fc124_38807531\" class=\"cmsmasters_row cmsmasters_color_scheme_default cmsmasters_row_top_default cmsmasters_row_bot_default cmsmasters_row_boxed\">\n<div class=\"cmsmasters_row_outer_parent\">\n<div class=\"cmsmasters_row_outer\">\n<div class=\"cmsmasters_row_inner\">\n<div class=\"cmsmasters_row_margin\">\n<div class=\"cmsmasters_column one_first\">\n\n<div id=\"cmsmasters_heading_69f1f3586fd026_07971276\" class=\"cmsmasters_heading_wrap cmsmasters_heading_align_left\">\n\t<h2 class=\"cmsmasters_heading cmsmasters-icon-user-3\">Festa da Polenta<\/h2>\n<\/div><div class=\"cmsmasters_text\" data-animation=\"bounceInUp\" data-delay=\"0\">\n<p>Todo ano em julho, a Accademia homenageia a imigra\u00e7\u00e3o italiana com a <em>tradicional Festa da Polenta:<\/em> al\u00e9m de comida e m\u00fasica t\u00edpicas, h\u00e1 apresenta\u00e7\u00f5es culturais ligadas \u00e0 l\u00edngua e cultura italiana.<\/p>\n<p>Confira fotos <a href=\"https:\/\/www.facebook.com\/pg\/accademiaitalianapellegrini\/photos\/?tab=album&amp;album_id=2143262535785200\" target=\"_blank\" rel=\"noopener noreferrer\">aqui<\/a><\/p>\n<div id=\"cmsmasters_video_wrap_69f1f358705619_87193158\" class=\"cmsmasters_video_wrap\">\n<iframe loading=\"lazy\" title=\"Festa da Polenta no quintal da Accademia Italiana Pellegrini\" width=\"500\" height=\"281\" src=\"https:\/\/www.youtube.com\/embed\/M7pIGxBxeP0?feature=oembed\" frameborder=\"0\" allow=\"accelerometer; autoplay; clipboard-write; encrypted-media; gyroscope; picture-in-picture; web-share\" referrerpolicy=\"strict-origin-when-cross-origin\" allowfullscreen><\/iframe>\n<\/div>\n<\/div>\n\n<div id=\"cmsmasters_divider_69f1f358705c25_48441991\" class=\"cmsmasters_divider cmsmasters_divider_width_long cmsmasters_divider_pos_center\"><\/div>\n<\/div>\n<\/div>\n<\/div>\n<\/div>\n<\/div>\n<\/div>\n<div id=\"cmsmasters_row_69f1f358705ff8_42629832\" class=\"cmsmasters_row cmsmasters_color_scheme_default cmsmasters_row_top_default cmsmasters_row_bot_default cmsmasters_row_boxed\">\n<div class=\"cmsmasters_row_outer_parent\">\n<div class=\"cmsmasters_row_outer\">\n<div class=\"cmsmasters_row_inner\">\n<div class=\"cmsmasters_row_margin\">\n<div class=\"cmsmasters_column one_first\">\n\n<div id=\"cmsmasters_heading_69f1f3587064f1_49960219\" class=\"cmsmasters_heading_wrap cmsmasters_heading_align_left\">\n\t<h2 class=\"cmsmasters_heading cmsmasters-icon-food\">Cena dell&#8217; Accademia<\/h2>\n<\/div>\n<\/div>\n<\/div>\n<\/div>\n<\/div>\n<\/div>\n<\/div>\n<div id=\"cmsmasters_row_69f1f358706762_74357983\" class=\"cmsmasters_row cmsmasters_color_scheme_default cmsmasters_row_top_default cmsmasters_row_bot_default cmsmasters_row_boxed\">\n<div class=\"cmsmasters_row_outer_parent\">\n<div class=\"cmsmasters_row_outer\">\n<div class=\"cmsmasters_row_inner\">\n<div class=\"cmsmasters_row_margin\">\n<div class=\"cmsmasters_column one_third\">\n<div class=\"cmsmasters_img  cmsmasters_image_n\">\n<img decoding=\"async\" src=\"https:\/\/www.accademiaitaliana.com.br\/site\/wordpress\/wp-content\/uploads\/2020\/10\/foto1-300x224.jpg\" \/>\n<\/div>\n<\/div>\n<div class=\"cmsmasters_column one_third\">\n<div class=\"aligncenter\">\n<div class=\"cmsmasters_img  cmsmasters_image_c\">\n<img decoding=\"async\" src=\"https:\/\/www.accademiaitaliana.com.br\/site\/wordpress\/wp-content\/uploads\/2020\/10\/foto2-199x300.jpg\" \/>\n<\/div>\n<\/div>\n<\/div>\n<div class=\"cmsmasters_column one_third\">\n<div class=\"cmsmasters_img  cmsmasters_image_n\">\n<img decoding=\"async\" src=\"https:\/\/www.accademiaitaliana.com.br\/site\/wordpress\/wp-content\/uploads\/2020\/10\/foto3-300x225.jpg\" \/>\n<\/div>\n<\/div>\n<\/div>\n<\/div>\n<\/div>\n<\/div>\n<\/div>\n<div id=\"cmsmasters_row_69f1f35870b651_36517593\" class=\"cmsmasters_row cmsmasters_color_scheme_default cmsmasters_row_top_default cmsmasters_row_bot_default cmsmasters_row_boxed\">\n<div class=\"cmsmasters_row_outer_parent\">\n<div class=\"cmsmasters_row_outer\">\n<div class=\"cmsmasters_row_inner\">\n<div class=\"cmsmasters_row_margin\">\n<div class=\"cmsmasters_column one_first\">\n<div class=\"cmsmasters_text\" data-animation=\"bounceInUp\" data-delay=\"0\">\n<p>Todos os anos, em Novembro, a Accademia organiza um jantar de confraterniza\u00e7\u00e3o com todos os alunos, colaboradores e amigos: al\u00e9m do card\u00e1pio italiano, a entrega dos diplomas de formatura aos alunos que conclu\u00edram o curso e do tradicional jogo da <em>Tombola, <\/em>h\u00e1 o esperado sorteio de uma bolsa de estudo na It\u00e1lia!<\/p>\n<p>Confira fotos <a href=\"https:\/\/www.facebook.com\/pg\/accademiaitalianapellegrini\/photos\/?tab=album&amp;album_id=2383744078403710\" target=\"_blank\" rel=\"noopener noreferrer\">aqui<\/a><\/p>\n<\/div>\n\n<div id=\"cmsmasters_divider_69f1f35870c5e0_56480184\" class=\"cmsmasters_divider cmsmasters_divider_width_long cmsmasters_divider_pos_center\"><\/div>\n<\/div>\n<\/div>\n<\/div>\n<\/div>\n<\/div>\n<\/div>\n<div id=\"cmsmasters_row_69f1f35870c849_64204647\" class=\"cmsmasters_row cmsmasters_color_scheme_default cmsmasters_row_top_default cmsmasters_row_bot_default cmsmasters_row_boxed\">\n<div class=\"cmsmasters_row_outer_parent\">\n<div class=\"cmsmasters_row_outer\">\n<div class=\"cmsmasters_row_inner\">\n<div class=\"cmsmasters_row_margin\">\n<div class=\"cmsmasters_column one_first\">\n\n<div id=\"cmsmasters_heading_69f1f35870d2d7_22466393\" class=\"cmsmasters_heading_wrap cmsmasters_heading_align_left\">\n\t<h2 class=\"cmsmasters_heading cmsmasters-icon-food\">Festa dela Mortadela<\/h2>\n<\/div><div class=\"cmsmasters_text\" data-animation=\"bounceInUp\" data-delay=\"0\">\n<p>Todos os anos em mar\u00e7o h\u00e1 outro evento muito apreciado por nossos alunos e amigos, la Festa\u00a0della mortadella!<\/p>\n<\/div>\n<\/div>\n<\/div>\n<\/div>\n<\/div>\n<\/div>\n<\/div>\n<div id=\"cmsmasters_row_69f1f35870d8c6_88118922\" class=\"cmsmasters_row cmsmasters_color_scheme_default cmsmasters_row_top_default cmsmasters_row_bot_default cmsmasters_row_boxed\">\n<div class=\"cmsmasters_row_outer_parent\">\n<div class=\"cmsmasters_row_outer\">\n<div class=\"cmsmasters_row_inner\">\n<div class=\"cmsmasters_row_margin\">\n<div class=\"cmsmasters_column one_third\">\n<div class=\"aligncenter\">\n<div class=\"cmsmasters_img  cmsmasters_image_c\">\n<img decoding=\"async\" src=\"https:\/\/www.accademiaitaliana.com.br\/site\/wordpress\/wp-content\/uploads\/2020\/10\/mortadela3-300x200.jpeg\" \/>\n<\/div>\n<\/div>\n<\/div>\n<div class=\"cmsmasters_column one_third\">\n<div class=\"aligncenter\">\n<div class=\"cmsmasters_img  cmsmasters_image_c\">\n<img decoding=\"async\" src=\"https:\/\/www.accademiaitaliana.com.br\/site\/wordpress\/wp-content\/uploads\/2020\/10\/mortadela2.jpeg\" \/>\n<\/div>\n<\/div>\n<\/div>\n<div class=\"cmsmasters_column one_third\">\n<div class=\"aligncenter\">\n<div class=\"cmsmasters_img  cmsmasters_image_c\">\n<img decoding=\"async\" src=\"https:\/\/www.accademiaitaliana.com.br\/site\/wordpress\/wp-content\/uploads\/2020\/10\/mortadela1-300x200.jpeg\" \/>\n<\/div>\n<\/div>\n<\/div>\n<\/div>\n<\/div>\n<\/div>\n<\/div>\n<\/div>\n<div id=\"cmsmasters_row_69f1f358711a12_90286182\" class=\"cmsmasters_row cmsmasters_color_scheme_default cmsmasters_row_top_default cmsmasters_row_bot_default cmsmasters_row_boxed\">\n<div class=\"cmsmasters_row_outer_parent\">\n<div class=\"cmsmasters_row_outer\">\n<div class=\"cmsmasters_row_inner\">\n<div class=\"cmsmasters_row_margin\">\n<div class=\"cmsmasters_column one_first\">\n\n<div id=\"cmsmasters_divider_69f1f358712576_56257981\" class=\"cmsmasters_divider cmsmasters_divider_width_long cmsmasters_divider_pos_center\"><\/div>\n<\/div>\n<\/div>\n<\/div>\n<\/div>\n<\/div>\n<\/div>\n<div id=\"cmsmasters_row_69f1f3587127a5_84713517\" class=\"cmsmasters_row cmsmasters_color_scheme_default cmsmasters_row_top_default cmsmasters_row_bot_default cmsmasters_row_boxed\">\n<div class=\"cmsmasters_row_outer_parent\">\n<div class=\"cmsmasters_row_outer\">\n<div class=\"cmsmasters_row_inner\">\n<div class=\"cmsmasters_row_margin\">\n<div class=\"cmsmasters_column one_first\">\n<div class=\"cmsmasters_text\" data-animation=\"bounceInUp\" data-delay=\"0\">\n<p>Confira o calend\u00e1rio dos nossos eventos:<\/p>\n<p><a href=\"https:\/\/www.facebook.com\/pg\/accademiaitalianapellegrini\/events\/\">https:\/\/www.facebook.com\/pg\/accademiaitalianapellegrini\/events<\/a><\/p>\n<\/div>\n<\/div>\n<\/div>\n<\/div>\n<\/div>\n<\/div>\n<\/div>\n\n","protected":false},"excerpt":{"rendered":"","protected":false},"author":1,"featured_media":0,"parent":0,"menu_order":0,"comment_status":"closed","ping_status":"open","template":"","meta":{"footnotes":""},"class_list":["post-7408","page","type-page","status-publish","hentry"],"yoast_head":"<!-- This site is optimized with the Yoast SEO plugin v27.2 - https:\/\/yoast.com\/product\/yoast-seo-wordpress\/ -->\n<title>Eventos - Accademia Italiana Pellegrini<\/title>\n<meta name=\"robots\" content=\"index, follow, max-snippet:-1, max-image-preview:large, max-video-preview:-1\" \/>\n<link rel=\"canonical\" href=\"https:\/\/www.accademiaitaliana.com.br\/site\/wordpress\/eventos\/\" \/>\n<meta property=\"og:locale\" content=\"pt_BR\" \/>\n<meta property=\"og:type\" content=\"article\" \/>\n<meta property=\"og:title\" content=\"Eventos - Accademia Italiana Pellegrini\" \/>\n<meta property=\"og:url\" content=\"https:\/\/www.accademiaitaliana.com.br\/site\/wordpress\/eventos\/\" \/>\n<meta property=\"og:site_name\" content=\"Accademia Italiana Pellegrini\" \/>\n<meta property=\"article:publisher\" content=\"http:\/\/facebook.com\/accademiaitalianapellegrini\" \/>\n<meta property=\"article:modified_time\" content=\"2020-10-24T15:30:36+00:00\" \/>\n<meta name=\"twitter:card\" content=\"summary_large_image\" \/>\n<meta name=\"twitter:label1\" content=\"Est. tempo de leitura\" \/>\n\t<meta name=\"twitter:data1\" content=\"4 minutos\" \/>\n<script type=\"application\/ld+json\" class=\"yoast-schema-graph\">{\"@context\":\"https:\/\/schema.org\",\"@graph\":[{\"@type\":\"WebPage\",\"@id\":\"https:\/\/www.accademiaitaliana.com.br\/site\/wordpress\/eventos\/\",\"url\":\"https:\/\/www.accademiaitaliana.com.br\/site\/wordpress\/eventos\/\",\"name\":\"Eventos - Accademia Italiana Pellegrini\",\"isPartOf\":{\"@id\":\"https:\/\/www.accademiaitaliana.com.br\/site\/wordpress\/#website\"},\"datePublished\":\"2020-09-02T02:44:54+00:00\",\"dateModified\":\"2020-10-24T15:30:36+00:00\",\"breadcrumb\":{\"@id\":\"https:\/\/www.accademiaitaliana.com.br\/site\/wordpress\/eventos\/#breadcrumb\"},\"inLanguage\":\"pt-BR\",\"potentialAction\":[{\"@type\":\"ReadAction\",\"target\":[\"https:\/\/www.accademiaitaliana.com.br\/site\/wordpress\/eventos\/\"]}]},{\"@type\":\"BreadcrumbList\",\"@id\":\"https:\/\/www.accademiaitaliana.com.br\/site\/wordpress\/eventos\/#breadcrumb\",\"itemListElement\":[{\"@type\":\"ListItem\",\"position\":1,\"name\":\"Home\",\"item\":\"https:\/\/www.accademiaitaliana.com.br\/site\/wordpress\/\"},{\"@type\":\"ListItem\",\"position\":2,\"name\":\"Eventos\"}]},{\"@type\":\"WebSite\",\"@id\":\"https:\/\/www.accademiaitaliana.com.br\/site\/wordpress\/#website\",\"url\":\"https:\/\/www.accademiaitaliana.com.br\/site\/wordpress\/\",\"name\":\"Accademia Italiana Pellegrini\",\"description\":\"escola, italiano, aula, cultura italiana\",\"potentialAction\":[{\"@type\":\"SearchAction\",\"target\":{\"@type\":\"EntryPoint\",\"urlTemplate\":\"https:\/\/www.accademiaitaliana.com.br\/site\/wordpress\/?s={search_term_string}\"},\"query-input\":{\"@type\":\"PropertyValueSpecification\",\"valueRequired\":true,\"valueName\":\"search_term_string\"}}],\"inLanguage\":\"pt-BR\"}]}<\/script>\n<!-- \/ Yoast SEO plugin. -->","yoast_head_json":{"title":"Eventos - Accademia Italiana Pellegrini","robots":{"index":"index","follow":"follow","max-snippet":"max-snippet:-1","max-image-preview":"max-image-preview:large","max-video-preview":"max-video-preview:-1"},"canonical":"https:\/\/www.accademiaitaliana.com.br\/site\/wordpress\/eventos\/","og_locale":"pt_BR","og_type":"article","og_title":"Eventos - Accademia Italiana Pellegrini","og_url":"https:\/\/www.accademiaitaliana.com.br\/site\/wordpress\/eventos\/","og_site_name":"Accademia Italiana Pellegrini","article_publisher":"http:\/\/facebook.com\/accademiaitalianapellegrini","article_modified_time":"2020-10-24T15:30:36+00:00","twitter_card":"summary_large_image","twitter_misc":{"Est. tempo de leitura":"4 minutos"},"schema":{"@context":"https:\/\/schema.org","@graph":[{"@type":"WebPage","@id":"https:\/\/www.accademiaitaliana.com.br\/site\/wordpress\/eventos\/","url":"https:\/\/www.accademiaitaliana.com.br\/site\/wordpress\/eventos\/","name":"Eventos - Accademia Italiana Pellegrini","isPartOf":{"@id":"https:\/\/www.accademiaitaliana.com.br\/site\/wordpress\/#website"},"datePublished":"2020-09-02T02:44:54+00:00","dateModified":"2020-10-24T15:30:36+00:00","breadcrumb":{"@id":"https:\/\/www.accademiaitaliana.com.br\/site\/wordpress\/eventos\/#breadcrumb"},"inLanguage":"pt-BR","potentialAction":[{"@type":"ReadAction","target":["https:\/\/www.accademiaitaliana.com.br\/site\/wordpress\/eventos\/"]}]},{"@type":"BreadcrumbList","@id":"https:\/\/www.accademiaitaliana.com.br\/site\/wordpress\/eventos\/#breadcrumb","itemListElement":[{"@type":"ListItem","position":1,"name":"Home","item":"https:\/\/www.accademiaitaliana.com.br\/site\/wordpress\/"},{"@type":"ListItem","position":2,"name":"Eventos"}]},{"@type":"WebSite","@id":"https:\/\/www.accademiaitaliana.com.br\/site\/wordpress\/#website","url":"https:\/\/www.accademiaitaliana.com.br\/site\/wordpress\/","name":"Accademia Italiana Pellegrini","description":"escola, italiano, aula, cultura italiana","potentialAction":[{"@type":"SearchAction","target":{"@type":"EntryPoint","urlTemplate":"https:\/\/www.accademiaitaliana.com.br\/site\/wordpress\/?s={search_term_string}"},"query-input":{"@type":"PropertyValueSpecification","valueRequired":true,"valueName":"search_term_string"}}],"inLanguage":"pt-BR"}]}},"_links":{"self":[{"href":"https:\/\/www.accademiaitaliana.com.br\/site\/wordpress\/wp-json\/wp\/v2\/pages\/7408","targetHints":{"allow":["GET"]}}],"collection":[{"href":"https:\/\/www.accademiaitaliana.com.br\/site\/wordpress\/wp-json\/wp\/v2\/pages"}],"about":[{"href":"https:\/\/www.accademiaitaliana.com.br\/site\/wordpress\/wp-json\/wp\/v2\/types\/page"}],"author":[{"embeddable":true,"href":"https:\/\/www.accademiaitaliana.com.br\/site\/wordpress\/wp-json\/wp\/v2\/users\/1"}],"replies":[{"embeddable":true,"href":"https:\/\/www.accademiaitaliana.com.br\/site\/wordpress\/wp-json\/wp\/v2\/comments?post=7408"}],"version-history":[{"count":12,"href":"https:\/\/www.accademiaitaliana.com.br\/site\/wordpress\/wp-json\/wp\/v2\/pages\/7408\/revisions"}],"predecessor-version":[{"id":7590,"href":"https:\/\/www.accademiaitaliana.com.br\/site\/wordpress\/wp-json\/wp\/v2\/pages\/7408\/revisions\/7590"}],"wp:attachment":[{"href":"https:\/\/www.accademiaitaliana.com.br\/site\/wordpress\/wp-json\/wp\/v2\/media?parent=7408"}],"curies":[{"name":"wp","href":"https:\/\/api.w.org\/{rel}","templated":true}]}}