{"id":7404,"date":"2020-09-01T23:34:57","date_gmt":"2020-09-02T02:34:57","guid":{"rendered":"http:\/\/www.accademiaitaliana.siteoficial.ws\/site\/wordpress\/?page_id=7404"},"modified":"2020-10-13T20:23:19","modified_gmt":"2020-10-13T23:23:19","slug":"teste-admissao","status":"publish","type":"page","link":"https:\/\/www.accademiaitaliana.com.br\/site\/wordpress\/teste-admissao\/","title":{"rendered":"Teste de Admiss\u00e3o"},"content":{"rendered":"<style type=\"text\/css\"> \n#cmsmasters_row_69f1f3448d6826_94128154 { \n\tbackground-image: url(https:\/\/www.accademiaitaliana.com.br\/site\/wordpress\/wp-content\/uploads\/2020\/08\/classe_opaque1.jpg); \n\tbackground-position: center center; \n\tbackground-repeat: no-repeat; \n\tbackground-attachment: scroll; \n\tbackground-size: cover; \n} \n\n#cmsmasters_row_69f1f3448d6826_94128154 .cmsmasters_row_outer_parent { \n\tpadding-top: 180px; \n} \n\n#cmsmasters_row_69f1f3448d6826_94128154 .cmsmasters_row_outer_parent { \n\tpadding-bottom: 180px; \n} \n\n#cmsmasters_row_69f1f3448d6826_94128154 .cmsmasters_row_overlay { \n\tbackground-color:rgba(37,37,49,0.1);\n} \n\n \n#cmsmasters_heading_69f1f3448d87c8_08466378 { \n\ttext-align:center; \n\tmargin-top:70px; \n\tmargin-bottom:70px; \n} \n\n#cmsmasters_heading_69f1f3448d87c8_08466378 .cmsmasters_heading { \n\ttext-align:center; \n} \n\n#cmsmasters_heading_69f1f3448d87c8_08466378 .cmsmasters_heading, #cmsmasters_heading_69f1f3448d87c8_08466378 .cmsmasters_heading a { \n\tfont-size:50px; \n\tline-height:90px; \n\tfont-weight:300; \n\tfont-style:normal; \n\tcolor:#ffffff;\n} \n\n#cmsmasters_heading_69f1f3448d87c8_08466378 .cmsmasters_heading_divider { \n} \n\n \n#cmsmasters_row_69f1f3448d93d7_95016546 .cmsmasters_row_outer_parent { \n\tpadding-top: 20px; \n} \n\n#cmsmasters_row_69f1f3448d93d7_95016546 .cmsmasters_row_outer_parent { \n\tpadding-bottom: 20px; \n} \n\n \n#cmsmasters_heading_69f1f3448d9b62_34709072 { \n\ttext-align:left; \n\tmargin-top:0px; \n\tmargin-bottom:20px; \n} \n\n#cmsmasters_heading_69f1f3448d9b62_34709072 .cmsmasters_heading { \n\ttext-align:left; \n} \n\n#cmsmasters_heading_69f1f3448d9b62_34709072 .cmsmasters_heading, #cmsmasters_heading_69f1f3448d9b62_34709072 .cmsmasters_heading a { \n\tfont-weight:normal; \n\tfont-style:normal; \n} \n\n#cmsmasters_heading_69f1f3448d9b62_34709072 .cmsmasters_heading_divider { \n} \n\n<\/style><div id=\"cmsmasters_row_69f1f3448d6826_94128154\" class=\"cmsmasters_row cmsmasters_color_scheme_default cmsmasters_row_top_default cmsmasters_row_bot_default cmsmasters_row_boxed\">\n<div class=\"cmsmasters_row_outer_parent\">\n<div class=\"cmsmasters_row_overlay\"><\/div>\n<div class=\"cmsmasters_row_outer\">\n<div class=\"cmsmasters_row_inner\">\n<div class=\"cmsmasters_row_margin\">\n<div class=\"cmsmasters_column one_first\">\n\n<div id=\"cmsmasters_heading_69f1f3448d87c8_08466378\" class=\"cmsmasters_heading_wrap cmsmasters_heading_align_center\">\n\t<h1 class=\"cmsmasters_heading cmsmasters-icon-notepad\">Teste de Admiss\u00e3o<\/h1>\n<\/div>\n<\/div>\n<\/div>\n<\/div>\n<\/div>\n<\/div>\n<\/div>\n<div id=\"cmsmasters_row_69f1f3448d93d7_95016546\" class=\"cmsmasters_row cmsmasters_color_scheme_default cmsmasters_row_top_default cmsmasters_row_bot_default cmsmasters_row_boxed\">\n<div class=\"cmsmasters_row_outer_parent\">\n<div class=\"cmsmasters_row_outer\">\n<div class=\"cmsmasters_row_inner\">\n<div class=\"cmsmasters_row_margin\">\n<div class=\"cmsmasters_column one_first\">\n\n<div id=\"cmsmasters_heading_69f1f3448d9b62_34709072\" class=\"cmsmasters_heading_wrap cmsmasters_heading_align_left\">\n\t<h2 class=\"cmsmasters_heading cmsmasters-icon-edit-2\">Teste de Admiss\u00e3o<\/h2>\n<\/div><div class=\"cmsmasters_text\">\n<p>Se voc\u00ea j\u00e1 tem conhecimento da l\u00edngua italiana, mas ainda n\u00e3o \u00e9 aluno da Accademia Italiana, deve realizar um TESTE DE ADMISS\u00c3O para poder se inscrever em um n\u00edvel n\u00e3o destinado para iniciantes (ou seja, n\u00e3o precisa fazer o teste se voc\u00ea nunca estudou italiano!).<\/p>\n<p>Fa\u00e7a o <a href=\"http:\/\/www.accademiaitaliana.siteoficial.ws\/files\/teste_admissao_italiano.docx\">download do teste<\/a>, responda-o e encaminhe-o para Secretaria de Cursos.<\/p>\n<p>Envie para <a href=\"mailto:info@accademiaitaliana.com.br\">info@accademiaitaliana.com.br<\/a> \u00a0ou, se preferir, entregue pessoalmente na secretaria da Accademia Italiana.<\/p>\n<p>Assim que o seu teste de admiss\u00e3o estiver corrigido, a Secretaria entrar\u00e1 em contato para informar em qual n\u00edvel poder\u00e1 se matricular e quais os hor\u00e1rios dispon\u00edveis para este n\u00edvel.<\/p>\n<\/div>\n<\/div>\n<\/div>\n<\/div>\n<\/div>\n<\/div>\n<\/div>\n\n","protected":false},"excerpt":{"rendered":"","protected":false},"author":1,"featured_media":0,"parent":0,"menu_order":0,"comment_status":"closed","ping_status":"open","template":"","meta":{"footnotes":""},"class_list":["post-7404","page","type-page","status-publish","hentry"],"yoast_head":"<!-- This site is optimized with the Yoast SEO plugin v27.2 - https:\/\/yoast.com\/product\/yoast-seo-wordpress\/ -->\n<title>Teste de Admiss\u00e3o - Accademia Italiana Pellegrini<\/title>\n<meta name=\"robots\" content=\"index, follow, max-snippet:-1, max-image-preview:large, max-video-preview:-1\" \/>\n<link rel=\"canonical\" href=\"http:\/\/www.accademiaitaliana.com.br\/site\/wordpress\/teste-admissao\/\" \/>\n<meta property=\"og:locale\" content=\"pt_BR\" \/>\n<meta property=\"og:type\" content=\"article\" \/>\n<meta property=\"og:title\" content=\"Teste de Admiss\u00e3o - Accademia Italiana Pellegrini\" \/>\n<meta property=\"og:url\" content=\"http:\/\/www.accademiaitaliana.com.br\/site\/wordpress\/teste-admissao\/\" \/>\n<meta property=\"og:site_name\" content=\"Accademia Italiana Pellegrini\" \/>\n<meta property=\"article:publisher\" content=\"http:\/\/facebook.com\/accademiaitalianapellegrini\" \/>\n<meta property=\"article:modified_time\" content=\"2020-10-13T23:23:19+00:00\" \/>\n<meta name=\"twitter:card\" content=\"summary_large_image\" \/>\n<meta name=\"twitter:label1\" content=\"Est. tempo de leitura\" \/>\n\t<meta name=\"twitter:data1\" content=\"1 minuto\" \/>\n<script type=\"application\/ld+json\" class=\"yoast-schema-graph\">{\"@context\":\"https:\/\/schema.org\",\"@graph\":[{\"@type\":\"WebPage\",\"@id\":\"http:\/\/www.accademiaitaliana.com.br\/site\/wordpress\/teste-admissao\/\",\"url\":\"http:\/\/www.accademiaitaliana.com.br\/site\/wordpress\/teste-admissao\/\",\"name\":\"Teste de Admiss\u00e3o - Accademia Italiana Pellegrini\",\"isPartOf\":{\"@id\":\"https:\/\/www.accademiaitaliana.com.br\/site\/wordpress\/#website\"},\"datePublished\":\"2020-09-02T02:34:57+00:00\",\"dateModified\":\"2020-10-13T23:23:19+00:00\",\"breadcrumb\":{\"@id\":\"http:\/\/www.accademiaitaliana.com.br\/site\/wordpress\/teste-admissao\/#breadcrumb\"},\"inLanguage\":\"pt-BR\",\"potentialAction\":[{\"@type\":\"ReadAction\",\"target\":[\"http:\/\/www.accademiaitaliana.com.br\/site\/wordpress\/teste-admissao\/\"]}]},{\"@type\":\"BreadcrumbList\",\"@id\":\"http:\/\/www.accademiaitaliana.com.br\/site\/wordpress\/teste-admissao\/#breadcrumb\",\"itemListElement\":[{\"@type\":\"ListItem\",\"position\":1,\"name\":\"Home\",\"item\":\"https:\/\/www.accademiaitaliana.com.br\/site\/wordpress\/\"},{\"@type\":\"ListItem\",\"position\":2,\"name\":\"Teste de Admiss\u00e3o\"}]},{\"@type\":\"WebSite\",\"@id\":\"https:\/\/www.accademiaitaliana.com.br\/site\/wordpress\/#website\",\"url\":\"https:\/\/www.accademiaitaliana.com.br\/site\/wordpress\/\",\"name\":\"Accademia Italiana Pellegrini\",\"description\":\"escola, italiano, aula, cultura italiana\",\"potentialAction\":[{\"@type\":\"SearchAction\",\"target\":{\"@type\":\"EntryPoint\",\"urlTemplate\":\"https:\/\/www.accademiaitaliana.com.br\/site\/wordpress\/?s={search_term_string}\"},\"query-input\":{\"@type\":\"PropertyValueSpecification\",\"valueRequired\":true,\"valueName\":\"search_term_string\"}}],\"inLanguage\":\"pt-BR\"}]}<\/script>\n<!-- \/ Yoast SEO plugin. -->","yoast_head_json":{"title":"Teste de Admiss\u00e3o - Accademia Italiana Pellegrini","robots":{"index":"index","follow":"follow","max-snippet":"max-snippet:-1","max-image-preview":"max-image-preview:large","max-video-preview":"max-video-preview:-1"},"canonical":"http:\/\/www.accademiaitaliana.com.br\/site\/wordpress\/teste-admissao\/","og_locale":"pt_BR","og_type":"article","og_title":"Teste de Admiss\u00e3o - Accademia Italiana Pellegrini","og_url":"http:\/\/www.accademiaitaliana.com.br\/site\/wordpress\/teste-admissao\/","og_site_name":"Accademia Italiana Pellegrini","article_publisher":"http:\/\/facebook.com\/accademiaitalianapellegrini","article_modified_time":"2020-10-13T23:23:19+00:00","twitter_card":"summary_large_image","twitter_misc":{"Est. tempo de leitura":"1 minuto"},"schema":{"@context":"https:\/\/schema.org","@graph":[{"@type":"WebPage","@id":"http:\/\/www.accademiaitaliana.com.br\/site\/wordpress\/teste-admissao\/","url":"http:\/\/www.accademiaitaliana.com.br\/site\/wordpress\/teste-admissao\/","name":"Teste de Admiss\u00e3o - Accademia Italiana Pellegrini","isPartOf":{"@id":"https:\/\/www.accademiaitaliana.com.br\/site\/wordpress\/#website"},"datePublished":"2020-09-02T02:34:57+00:00","dateModified":"2020-10-13T23:23:19+00:00","breadcrumb":{"@id":"http:\/\/www.accademiaitaliana.com.br\/site\/wordpress\/teste-admissao\/#breadcrumb"},"inLanguage":"pt-BR","potentialAction":[{"@type":"ReadAction","target":["http:\/\/www.accademiaitaliana.com.br\/site\/wordpress\/teste-admissao\/"]}]},{"@type":"BreadcrumbList","@id":"http:\/\/www.accademiaitaliana.com.br\/site\/wordpress\/teste-admissao\/#breadcrumb","itemListElement":[{"@type":"ListItem","position":1,"name":"Home","item":"https:\/\/www.accademiaitaliana.com.br\/site\/wordpress\/"},{"@type":"ListItem","position":2,"name":"Teste de Admiss\u00e3o"}]},{"@type":"WebSite","@id":"https:\/\/www.accademiaitaliana.com.br\/site\/wordpress\/#website","url":"https:\/\/www.accademiaitaliana.com.br\/site\/wordpress\/","name":"Accademia Italiana Pellegrini","description":"escola, italiano, aula, cultura italiana","potentialAction":[{"@type":"SearchAction","target":{"@type":"EntryPoint","urlTemplate":"https:\/\/www.accademiaitaliana.com.br\/site\/wordpress\/?s={search_term_string}"},"query-input":{"@type":"PropertyValueSpecification","valueRequired":true,"valueName":"search_term_string"}}],"inLanguage":"pt-BR"}]}},"_links":{"self":[{"href":"https:\/\/www.accademiaitaliana.com.br\/site\/wordpress\/wp-json\/wp\/v2\/pages\/7404","targetHints":{"allow":["GET"]}}],"collection":[{"href":"https:\/\/www.accademiaitaliana.com.br\/site\/wordpress\/wp-json\/wp\/v2\/pages"}],"about":[{"href":"https:\/\/www.accademiaitaliana.com.br\/site\/wordpress\/wp-json\/wp\/v2\/types\/page"}],"author":[{"embeddable":true,"href":"https:\/\/www.accademiaitaliana.com.br\/site\/wordpress\/wp-json\/wp\/v2\/users\/1"}],"replies":[{"embeddable":true,"href":"https:\/\/www.accademiaitaliana.com.br\/site\/wordpress\/wp-json\/wp\/v2\/comments?post=7404"}],"version-history":[{"count":6,"href":"https:\/\/www.accademiaitaliana.com.br\/site\/wordpress\/wp-json\/wp\/v2\/pages\/7404\/revisions"}],"predecessor-version":[{"id":7545,"href":"https:\/\/www.accademiaitaliana.com.br\/site\/wordpress\/wp-json\/wp\/v2\/pages\/7404\/revisions\/7545"}],"wp:attachment":[{"href":"https:\/\/www.accademiaitaliana.com.br\/site\/wordpress\/wp-json\/wp\/v2\/media?parent=7404"}],"curies":[{"name":"wp","href":"https:\/\/api.w.org\/{rel}","templated":true}]}}