{"id":7397,"date":"2020-09-01T23:28:29","date_gmt":"2020-09-02T02:28:29","guid":{"rendered":"http:\/\/www.accademiaitaliana.siteoficial.ws\/site\/wordpress\/?page_id=7397"},"modified":"2020-10-13T20:26:16","modified_gmt":"2020-10-13T23:26:16","slug":"preparatorio-certificacao-proficiencia","status":"publish","type":"page","link":"https:\/\/www.accademiaitaliana.com.br\/site\/wordpress\/preparatorio-certificacao-proficiencia\/","title":{"rendered":"Preparat\u00f3rios para Certifica\u00e7\u00e3o e Profici\u00eancia"},"content":{"rendered":"<style type=\"text\/css\"> \n#cmsmasters_row_69f1f501534ac3_03834948 { \n\tbackground-image: url(https:\/\/www.accademiaitaliana.com.br\/site\/wordpress\/wp-content\/uploads\/2020\/10\/preparatorio_banner.jpg); \n\tbackground-position: center center; \n\tbackground-repeat: no-repeat; \n\tbackground-attachment: scroll; \n\tbackground-size: cover; \n} \n\n#cmsmasters_row_69f1f501534ac3_03834948 .cmsmasters_row_outer_parent { \n\tpadding-top: 180px; \n} \n\n#cmsmasters_row_69f1f501534ac3_03834948 .cmsmasters_row_outer_parent { \n\tpadding-bottom: 180px; \n} \n\n#cmsmasters_row_69f1f501534ac3_03834948 .cmsmasters_row_overlay { \n\tbackground-color:rgba(37,37,49,0.1);\n} \n\n \n#cmsmasters_heading_69f1f501536f78_01299365 { \n\ttext-align:center; \n\tmargin-top:70px; \n\tmargin-bottom:70px; \n} \n\n#cmsmasters_heading_69f1f501536f78_01299365 .cmsmasters_heading { \n\ttext-align:center; \n} \n\n#cmsmasters_heading_69f1f501536f78_01299365 .cmsmasters_heading, #cmsmasters_heading_69f1f501536f78_01299365 .cmsmasters_heading a { \n\tfont-size:50px; \n\tline-height:90px; \n\tfont-weight:300; \n\tfont-style:normal; \n\tcolor:#ffffff;\n} \n\n#cmsmasters_heading_69f1f501536f78_01299365 .cmsmasters_heading_divider { \n} \n\n \n#cmsmasters_row_69f1f501537c67_53043653 .cmsmasters_row_outer_parent { \n\tpadding-top: 20px; \n} \n\n#cmsmasters_row_69f1f501537c67_53043653 .cmsmasters_row_outer_parent { \n\tpadding-bottom: 20px; \n} \n\n \n#cmsmasters_heading_69f1f501538c60_53572483 { \n\ttext-align:left; \n\tmargin-top:0px; \n\tmargin-bottom:20px; \n} \n\n#cmsmasters_heading_69f1f501538c60_53572483 .cmsmasters_heading { \n\ttext-align:left; \n} \n\n#cmsmasters_heading_69f1f501538c60_53572483 .cmsmasters_heading, #cmsmasters_heading_69f1f501538c60_53572483 .cmsmasters_heading a { \n\tfont-weight:normal; \n\tfont-style:normal; \n} \n\n#cmsmasters_heading_69f1f501538c60_53572483 .cmsmasters_heading_divider { \n} \n\n \n#cmsmasters_divider_69f1f501538f95_62333467 { \n\tborder-bottom-width:1px; \n\tborder-bottom-style:solid; \n\tpadding-top:15px; \n\tmargin-bottom:30px; \n} \n<\/style><div id=\"cmsmasters_row_69f1f501534ac3_03834948\" class=\"cmsmasters_row cmsmasters_color_scheme_default cmsmasters_row_top_default cmsmasters_row_bot_default cmsmasters_row_boxed\">\n<div class=\"cmsmasters_row_outer_parent\">\n<div class=\"cmsmasters_row_overlay\"><\/div>\n<div class=\"cmsmasters_row_outer\">\n<div class=\"cmsmasters_row_inner\">\n<div class=\"cmsmasters_row_margin\">\n<div class=\"cmsmasters_column one_first\">\n\n<div id=\"cmsmasters_heading_69f1f501536f78_01299365\" class=\"cmsmasters_heading_wrap cmsmasters_heading_align_center\">\n\t<h1 class=\"cmsmasters_heading cmsmasters-icon-notepad\">Preparat\u00f3rios para Certifica\u00e7\u00e3o e Profici\u00eancia<\/h1>\n<\/div>\n<\/div>\n<\/div>\n<\/div>\n<\/div>\n<\/div>\n<\/div>\n<div id=\"cmsmasters_row_69f1f501537c67_53043653\" class=\"cmsmasters_row cmsmasters_color_scheme_default cmsmasters_row_top_default cmsmasters_row_bot_default cmsmasters_row_boxed\">\n<div class=\"cmsmasters_row_outer_parent\">\n<div class=\"cmsmasters_row_outer\">\n<div class=\"cmsmasters_row_inner\">\n<div class=\"cmsmasters_row_margin\">\n<div class=\"cmsmasters_column one_first\">\n\n<div id=\"cmsmasters_heading_69f1f501538c60_53572483\" class=\"cmsmasters_heading_wrap cmsmasters_heading_align_left\">\n\t<h2 class=\"cmsmasters_heading cmsmasters-icon-graduation-cap\">Preparat\u00f3rios para CERTIFICA\u00c7\u00d5ES e PROFICI\u00caNCIA<\/h2>\n<\/div>\n\n<div id=\"cmsmasters_divider_69f1f501538f95_62333467\" class=\"cmsmasters_divider cmsmasters_divider_width_long cmsmasters_divider_pos_center\"><\/div>\n<div class=\"cmsmasters_tabs tabs_mode_tour tabs_pos_left\">\n<ul class=\"cmsmasters_tabs_list\">\n<li id=\"cmsmasters_tabs_list_item_69f1f5015399d1_68662873\" class=\"cmsmasters_tabs_list_item current_tab\">\n<a href=\"#\">\n<span>Preparat\u00f3rio Exame ROMA TRE<\/span>\n<\/a>\n<\/li><li id=\"cmsmasters_tabs_list_item_69f1f501539e63_80710180\" class=\"cmsmasters_tabs_list_item\">\n<a href=\"#\">\n<span>Preparat\u00f3rio para exames CILS\/CELI<\/span>\n<\/a>\n<\/li><li id=\"cmsmasters_tabs_list_item_69f1f50153a150_06929859\" class=\"cmsmasters_tabs_list_item\">\n<a href=\"#\">\n<span>Preparat\u00f3rio Exame \u201cLato Sensu\u201d do Instituto de Cultura de S\u00e3o Paulo<\/span>\n<\/a>\n<\/li><li id=\"cmsmasters_tabs_list_item_69f1f50153a3c0_17222632\" class=\"cmsmasters_tabs_list_item\">\n<a href=\"#\">\n<span>Preparat\u00f3rio Exame \u201cStricto Sensu\u201d para p\u00f3s-gradua\u00e7\u00e3o na \u00e1rea jur\u00eddica<\/span>\n<\/a>\n<\/li><\/ul>\n<div class=\"cmsmasters_tabs_wrap\">\n<div id=\"cmsmasters_tab_69f1f5015399d1_68662873\" class=\"cmsmasters_tab active_tab\">\n<div class=\"cmsmasters_tab_inner\">\n<p>A Accademia Italiana Pellegrini \u00e9 sede credenciada para aplicar o exame oficial de certifica\u00e7\u00e3o em L\u00edngua Italiana cert.it da Universit\u00e0 Roma TRE, entidade certificadora da l\u00edngua italiana reconhecida pelo Minist\u00e9rio do Exterior e pela Universidade de Instru\u00e7\u00e3o e Pesquisa.<\/p>\n<p>O curso preparat\u00f3rio tem por finalidade apresentar a estrutura do exame (tipologia, crit\u00e9rios de avalia\u00e7\u00e3o e pontua\u00e7\u00e3o) e treinar as habilidades a partir de simula\u00e7\u00f5es dos exames anteriors para que o candidato tenha todas as ferramentas necess\u00e1rias para ter \u00eaxito na prova.<\/p>\n<p>A Accademia organiza o <strong>curso preparat\u00f3rio<\/strong> para o exame, na modalidade presencial ou on-line, em grupo ou com aulas individuais.<\/p>\n<p><a href=\"http:\/\/www.accademiaitaliana.siteoficial.ws\/files\/inscricao_roma_tre.docx\">Baixe aqui<\/a> a ficha de inscri\u00e7\u00e3o para o ROMA TRE<\/p>\n<\/div>\n<\/div><div id=\"cmsmasters_tab_69f1f501539e63_80710180\" class=\"cmsmasters_tab\">\n<div class=\"cmsmasters_tab_inner\">\n<p>O curso tem por objetivo preparar os alunos que queiram realizar os exames CILS\u00a0 (Universit\u00e0 di Siena) CELI (Universit\u00e0 di Perugia) para obter as respetivas certifica\u00e7\u00f5es reconhecidas em toda It\u00e1lia e no exterior.<\/p>\n<p>A prepara\u00e7\u00e3o \u00e9 desenvolvida, por um lado, analisando e fazendo simula\u00e7\u00f5es dos exames de anos anteriores, e por outro aprofundando conte\u00fados gramaticais ou preenchendo lacunas espec\u00edficas que o professor identifica durante o desenvolvimentos das simula\u00e7\u00f5es.<br \/>\nO curso preparat\u00f3rio \u00e9 realizado atrav\u00e9s de aulas individuais ou semi-individuais (at\u00e9 3 alunos) tornado o curso ainda mais personalizado e com total dedica\u00e7\u00e3o do professor aos alunos.<br \/>\nOs dias e hor\u00e1rios s\u00e3o flex\u00edveis e personalizados, pass\u00edveis de mudan\u00e7as com um m\u00ednimo de 24h de anteced\u00eancia.<\/p>\n<p>Aulas com m\u00ednimo de 1:30 e m\u00e1ximo de 3 horas.<br \/>\nAs aulas podem ser realizadas na sede da Accademia ou atrav\u00e9s de aulas online (Skype).<\/p>\n<p>*Aconselhamos que as aulas sejam programadas de maneira que terminem mais pr\u00f3ximo poss\u00edvel da data do exame.<\/p>\n<p>Para maiores informa\u00e7\u00f5es, entrar em contato com a secretaria dos cursos. <a href=\"mailto:info@accademiaitaliana.com.br\">info@accademiaitaliana.com.br<\/a><\/p>\n<\/div>\n<\/div><div id=\"cmsmasters_tab_69f1f50153a150_06929859\" class=\"cmsmasters_tab\">\n<div class=\"cmsmasters_tab_inner\">\n<p>A Accademia oferece curso preparat\u00f3rio para o Exame de profici\u00eancia &#8220;Lato Sensu&#8221; exigido para programa de pesquisa ou p\u00f3s-gradua\u00e7\u00e3o na It\u00e1lia, atrav\u00e9s de bolsas de estudo do Governo (CAPES, CNPQ, FAPESP).<br \/>\nO curso \u00e9 oferecido na modalidade presencial (individual ou pequenos grupos) e on-line.<br \/>\nA dura\u00e7\u00e3o do curso varia em fun\u00e7\u00e3o do grau de conhecimento da l\u00edngua italiana.<\/p>\n<p>O objetivo do curso \u00e9 fornecer ao candidato as ferramentas necess\u00e1rias para ter \u00eaxito no exame.<\/p>\n<p>O candidato ser\u00e1 treinado a partir das provas dos anos anteriores, realizar\u00e1 provas orais e escritas e simular\u00e1 as provas de gram\u00e1tica. Al\u00e9m disso, o curso apresenta ao aluno as t\u00e9cnicas para a boa realiza\u00e7\u00e3o da prova. Contempla-se tamb\u00e9m a revis\u00e3o de alguns aspectos gramaticais.<\/p>\n<p>Antes de come\u00e7ar o curso, \u00e9 necess\u00e1rio que o aluno fa\u00e7a um teste de n\u00edvel para enquadramento.<\/p>\n<p>Para mais informa\u00e7\u00f5es sobre o Exame Latu Sensu, <a href=\"https:\/\/iicsanpaolo.esteri.it\/iic_sanpaolo\/pt\/imparare-italiano\/esami-di-proficiencia\/tipologia\/lato-sensu\">clique aqui<\/a><\/p>\n<\/div>\n<\/div><div id=\"cmsmasters_tab_69f1f50153a3c0_17222632\" class=\"cmsmasters_tab\">\n<div class=\"cmsmasters_tab_inner\">\n<p>O curso instrumental \u00e9 um\u00a0curso preparat\u00f3rio para o exame de profici\u00eancia\u00a0\u201cStricto Sensu\u201d que \u00e9 feito por algumas universidades (USP, PUC, por exemplo) para ingressar no curso de doutorado.<br \/>\nEle\u00a0\u00e9 estruturado em\u00a0no m\u00e1ximo 36 horas\/aula\u00a0e tem como objetivo capacitar o aluno para a compreens\u00e3o escrita de um texto t\u00e9cnico em l\u00edngua italiana.<br \/>\nNas aulas, a partir de provas de profici\u00eancias de anos anteriores, ser\u00e3o analisadas as estruturas gramaticais mais usadas e vocabul\u00e1rio especifico.<\/p>\n<p>As aulas s\u00e3o individuais ou em pequenos grupos (m\u00e1ximo 3 pessoas).<\/p>\n<p>As aulas podem ser\u00a0presenciais\u00a0ou\u00a0virtuais\u00a0marcadas uma a cada semana ou de 15 em 15 dias, dependendo da disponibilidade e exig\u00eancias do aluno.<\/p>\n<\/div>\n<\/div><\/div>\n<\/div><div class=\"cmsmasters_text\">\n<p>&nbsp;<\/p>\n<p>Para maiores informa\u00e7\u00f5es sobre os cursos, valores e dias\/hor\u00e1rios de aula, \u00a0<a href=\"http:\/\/www.accademiaitaliana.siteoficial.ws\/site\/wordpress\/contato\/\">fale conosco<\/a><\/p>\n<\/div>\n<\/div>\n<\/div>\n<\/div>\n<\/div>\n<\/div>\n<\/div>\n\n","protected":false},"excerpt":{"rendered":"","protected":false},"author":1,"featured_media":0,"parent":0,"menu_order":0,"comment_status":"closed","ping_status":"open","template":"","meta":{"footnotes":""},"class_list":["post-7397","page","type-page","status-publish","hentry"],"yoast_head":"<!-- This site is optimized with the Yoast SEO plugin v27.2 - https:\/\/yoast.com\/product\/yoast-seo-wordpress\/ -->\n<title>Preparat\u00f3rios para Certifica\u00e7\u00e3o e Profici\u00eancia - Accademia Italiana Pellegrini<\/title>\n<meta name=\"robots\" content=\"index, follow, max-snippet:-1, max-image-preview:large, max-video-preview:-1\" \/>\n<link rel=\"canonical\" href=\"http:\/\/www.accademiaitaliana.com.br\/site\/wordpress\/preparatorio-certificacao-proficiencia\/\" \/>\n<meta property=\"og:locale\" content=\"pt_BR\" \/>\n<meta property=\"og:type\" content=\"article\" \/>\n<meta property=\"og:title\" content=\"Preparat\u00f3rios para Certifica\u00e7\u00e3o e Profici\u00eancia - Accademia Italiana Pellegrini\" \/>\n<meta property=\"og:url\" content=\"http:\/\/www.accademiaitaliana.com.br\/site\/wordpress\/preparatorio-certificacao-proficiencia\/\" \/>\n<meta property=\"og:site_name\" content=\"Accademia Italiana Pellegrini\" \/>\n<meta property=\"article:publisher\" content=\"http:\/\/facebook.com\/accademiaitalianapellegrini\" \/>\n<meta property=\"article:modified_time\" content=\"2020-10-13T23:26:16+00:00\" \/>\n<meta name=\"twitter:card\" content=\"summary_large_image\" \/>\n<meta name=\"twitter:label1\" content=\"Est. tempo de leitura\" \/>\n\t<meta name=\"twitter:data1\" content=\"4 minutos\" \/>\n<script type=\"application\/ld+json\" class=\"yoast-schema-graph\">{\"@context\":\"https:\/\/schema.org\",\"@graph\":[{\"@type\":\"WebPage\",\"@id\":\"http:\/\/www.accademiaitaliana.com.br\/site\/wordpress\/preparatorio-certificacao-proficiencia\/\",\"url\":\"http:\/\/www.accademiaitaliana.com.br\/site\/wordpress\/preparatorio-certificacao-proficiencia\/\",\"name\":\"Preparat\u00f3rios para Certifica\u00e7\u00e3o e Profici\u00eancia - Accademia Italiana Pellegrini\",\"isPartOf\":{\"@id\":\"https:\/\/www.accademiaitaliana.com.br\/site\/wordpress\/#website\"},\"datePublished\":\"2020-09-02T02:28:29+00:00\",\"dateModified\":\"2020-10-13T23:26:16+00:00\",\"breadcrumb\":{\"@id\":\"http:\/\/www.accademiaitaliana.com.br\/site\/wordpress\/preparatorio-certificacao-proficiencia\/#breadcrumb\"},\"inLanguage\":\"pt-BR\",\"potentialAction\":[{\"@type\":\"ReadAction\",\"target\":[\"http:\/\/www.accademiaitaliana.com.br\/site\/wordpress\/preparatorio-certificacao-proficiencia\/\"]}]},{\"@type\":\"BreadcrumbList\",\"@id\":\"http:\/\/www.accademiaitaliana.com.br\/site\/wordpress\/preparatorio-certificacao-proficiencia\/#breadcrumb\",\"itemListElement\":[{\"@type\":\"ListItem\",\"position\":1,\"name\":\"Home\",\"item\":\"https:\/\/www.accademiaitaliana.com.br\/site\/wordpress\/\"},{\"@type\":\"ListItem\",\"position\":2,\"name\":\"Preparat\u00f3rios para Certifica\u00e7\u00e3o e Profici\u00eancia\"}]},{\"@type\":\"WebSite\",\"@id\":\"https:\/\/www.accademiaitaliana.com.br\/site\/wordpress\/#website\",\"url\":\"https:\/\/www.accademiaitaliana.com.br\/site\/wordpress\/\",\"name\":\"Accademia Italiana Pellegrini\",\"description\":\"escola, italiano, aula, cultura italiana\",\"potentialAction\":[{\"@type\":\"SearchAction\",\"target\":{\"@type\":\"EntryPoint\",\"urlTemplate\":\"https:\/\/www.accademiaitaliana.com.br\/site\/wordpress\/?s={search_term_string}\"},\"query-input\":{\"@type\":\"PropertyValueSpecification\",\"valueRequired\":true,\"valueName\":\"search_term_string\"}}],\"inLanguage\":\"pt-BR\"}]}<\/script>\n<!-- \/ Yoast SEO plugin. -->","yoast_head_json":{"title":"Preparat\u00f3rios para Certifica\u00e7\u00e3o e Profici\u00eancia - Accademia Italiana Pellegrini","robots":{"index":"index","follow":"follow","max-snippet":"max-snippet:-1","max-image-preview":"max-image-preview:large","max-video-preview":"max-video-preview:-1"},"canonical":"http:\/\/www.accademiaitaliana.com.br\/site\/wordpress\/preparatorio-certificacao-proficiencia\/","og_locale":"pt_BR","og_type":"article","og_title":"Preparat\u00f3rios para Certifica\u00e7\u00e3o e Profici\u00eancia - Accademia Italiana Pellegrini","og_url":"http:\/\/www.accademiaitaliana.com.br\/site\/wordpress\/preparatorio-certificacao-proficiencia\/","og_site_name":"Accademia Italiana Pellegrini","article_publisher":"http:\/\/facebook.com\/accademiaitalianapellegrini","article_modified_time":"2020-10-13T23:26:16+00:00","twitter_card":"summary_large_image","twitter_misc":{"Est. tempo de leitura":"4 minutos"},"schema":{"@context":"https:\/\/schema.org","@graph":[{"@type":"WebPage","@id":"http:\/\/www.accademiaitaliana.com.br\/site\/wordpress\/preparatorio-certificacao-proficiencia\/","url":"http:\/\/www.accademiaitaliana.com.br\/site\/wordpress\/preparatorio-certificacao-proficiencia\/","name":"Preparat\u00f3rios para Certifica\u00e7\u00e3o e Profici\u00eancia - Accademia Italiana Pellegrini","isPartOf":{"@id":"https:\/\/www.accademiaitaliana.com.br\/site\/wordpress\/#website"},"datePublished":"2020-09-02T02:28:29+00:00","dateModified":"2020-10-13T23:26:16+00:00","breadcrumb":{"@id":"http:\/\/www.accademiaitaliana.com.br\/site\/wordpress\/preparatorio-certificacao-proficiencia\/#breadcrumb"},"inLanguage":"pt-BR","potentialAction":[{"@type":"ReadAction","target":["http:\/\/www.accademiaitaliana.com.br\/site\/wordpress\/preparatorio-certificacao-proficiencia\/"]}]},{"@type":"BreadcrumbList","@id":"http:\/\/www.accademiaitaliana.com.br\/site\/wordpress\/preparatorio-certificacao-proficiencia\/#breadcrumb","itemListElement":[{"@type":"ListItem","position":1,"name":"Home","item":"https:\/\/www.accademiaitaliana.com.br\/site\/wordpress\/"},{"@type":"ListItem","position":2,"name":"Preparat\u00f3rios para Certifica\u00e7\u00e3o e Profici\u00eancia"}]},{"@type":"WebSite","@id":"https:\/\/www.accademiaitaliana.com.br\/site\/wordpress\/#website","url":"https:\/\/www.accademiaitaliana.com.br\/site\/wordpress\/","name":"Accademia Italiana Pellegrini","description":"escola, italiano, aula, cultura italiana","potentialAction":[{"@type":"SearchAction","target":{"@type":"EntryPoint","urlTemplate":"https:\/\/www.accademiaitaliana.com.br\/site\/wordpress\/?s={search_term_string}"},"query-input":{"@type":"PropertyValueSpecification","valueRequired":true,"valueName":"search_term_string"}}],"inLanguage":"pt-BR"}]}},"_links":{"self":[{"href":"https:\/\/www.accademiaitaliana.com.br\/site\/wordpress\/wp-json\/wp\/v2\/pages\/7397","targetHints":{"allow":["GET"]}}],"collection":[{"href":"https:\/\/www.accademiaitaliana.com.br\/site\/wordpress\/wp-json\/wp\/v2\/pages"}],"about":[{"href":"https:\/\/www.accademiaitaliana.com.br\/site\/wordpress\/wp-json\/wp\/v2\/types\/page"}],"author":[{"embeddable":true,"href":"https:\/\/www.accademiaitaliana.com.br\/site\/wordpress\/wp-json\/wp\/v2\/users\/1"}],"replies":[{"embeddable":true,"href":"https:\/\/www.accademiaitaliana.com.br\/site\/wordpress\/wp-json\/wp\/v2\/comments?post=7397"}],"version-history":[{"count":7,"href":"https:\/\/www.accademiaitaliana.com.br\/site\/wordpress\/wp-json\/wp\/v2\/pages\/7397\/revisions"}],"predecessor-version":[{"id":7547,"href":"https:\/\/www.accademiaitaliana.com.br\/site\/wordpress\/wp-json\/wp\/v2\/pages\/7397\/revisions\/7547"}],"wp:attachment":[{"href":"https:\/\/www.accademiaitaliana.com.br\/site\/wordpress\/wp-json\/wp\/v2\/media?parent=7397"}],"curies":[{"name":"wp","href":"https:\/\/api.w.org\/{rel}","templated":true}]}}