{"id":7393,"date":"2020-09-01T23:23:34","date_gmt":"2020-09-02T02:23:34","guid":{"rendered":"http:\/\/www.accademiaitaliana.siteoficial.ws\/site\/wordpress\/?page_id=7393"},"modified":"2020-10-13T20:28:44","modified_gmt":"2020-10-13T23:28:44","slug":"italia-intercambio","status":"publish","type":"page","link":"https:\/\/www.accademiaitaliana.com.br\/site\/wordpress\/italia-intercambio\/","title":{"rendered":"Na It\u00e1lia (Interc\u00e2mbio)"},"content":{"rendered":"<style type=\"text\/css\"> \n#cmsmasters_row_69f85a2dbf2846_81048560 { \n\tbackground-image: url(https:\/\/www.accademiaitaliana.com.br\/site\/wordpress\/wp-content\/uploads\/2020\/10\/italia_interc_banner.jpg); \n\tbackground-position: center center; \n\tbackground-repeat: no-repeat; \n\tbackground-attachment: scroll; \n\tbackground-size: cover; \n} \n\n#cmsmasters_row_69f85a2dbf2846_81048560 .cmsmasters_row_outer_parent { \n\tpadding-top: 180px; \n} \n\n#cmsmasters_row_69f85a2dbf2846_81048560 .cmsmasters_row_outer_parent { \n\tpadding-bottom: 180px; \n} \n\n#cmsmasters_row_69f85a2dbf2846_81048560 .cmsmasters_row_overlay { \n\tbackground-color:rgba(37,37,49,0.1);\n} \n\n \n#cmsmasters_heading_69f85a2dbfb7d7_36242245 { \n\ttext-align:center; \n\tmargin-top:70px; \n\tmargin-bottom:70px; \n} \n\n#cmsmasters_heading_69f85a2dbfb7d7_36242245 .cmsmasters_heading { \n\ttext-align:center; \n} \n\n#cmsmasters_heading_69f85a2dbfb7d7_36242245 .cmsmasters_heading, #cmsmasters_heading_69f85a2dbfb7d7_36242245 .cmsmasters_heading a { \n\tfont-size:50px; \n\tline-height:90px; \n\tfont-weight:300; \n\tfont-style:normal; \n\tcolor:#ffffff;\n} \n\n#cmsmasters_heading_69f85a2dbfb7d7_36242245 .cmsmasters_heading_divider { \n} \n\n \n#cmsmasters_row_69f85a2dbfc662_99142660 .cmsmasters_row_outer_parent { \n\tpadding-top: 20px; \n} \n\n#cmsmasters_row_69f85a2dbfc662_99142660 .cmsmasters_row_outer_parent { \n\tpadding-bottom: 20px; \n} \n\n \n#cmsmasters_heading_69f85a2dbfd049_93145691 { \n\ttext-align:left; \n\tmargin-top:0px; \n\tmargin-bottom:20px; \n} \n\n#cmsmasters_heading_69f85a2dbfd049_93145691 .cmsmasters_heading { \n\ttext-align:left; \n} \n\n#cmsmasters_heading_69f85a2dbfd049_93145691 .cmsmasters_heading, #cmsmasters_heading_69f85a2dbfd049_93145691 .cmsmasters_heading a { \n\tfont-weight:normal; \n\tfont-style:normal; \n} \n\n#cmsmasters_heading_69f85a2dbfd049_93145691 .cmsmasters_heading_divider { \n} \n\n \n#cmsmasters_row_69f85a2dbfd3f0_73088555 .cmsmasters_row_outer_parent { \n\tpadding-top: 0px; \n} \n\n#cmsmasters_row_69f85a2dbfd3f0_73088555 .cmsmasters_row_outer_parent { \n\tpadding-bottom: 50px; \n} \n\n \n#cmsmasters_row_69f85a2dc06370_81929434 .cmsmasters_row_outer_parent { \n\tpadding-top: 0px; \n} \n\n#cmsmasters_row_69f85a2dc06370_81929434 .cmsmasters_row_outer_parent { \n\tpadding-bottom: 50px; \n} \n\n \n#cmsmasters_row_69f85a2dc087b6_74697031 .cmsmasters_row_outer_parent { \n\tpadding-top: 0px; \n} \n\n#cmsmasters_row_69f85a2dc087b6_74697031 .cmsmasters_row_outer_parent { \n\tpadding-bottom: 50px; \n} \n\n \n#cmsmasters_row_69f85a2dc0aac2_54612117 .cmsmasters_row_outer_parent { \n\tpadding-top: 0px; \n} \n\n#cmsmasters_row_69f85a2dc0aac2_54612117 .cmsmasters_row_outer_parent { \n\tpadding-bottom: 50px; \n} \n\n<\/style><div id=\"cmsmasters_row_69f85a2dbf2846_81048560\" class=\"cmsmasters_row cmsmasters_color_scheme_default cmsmasters_row_top_default cmsmasters_row_bot_default cmsmasters_row_boxed\">\n<div class=\"cmsmasters_row_outer_parent\">\n<div class=\"cmsmasters_row_overlay\"><\/div>\n<div class=\"cmsmasters_row_outer\">\n<div class=\"cmsmasters_row_inner\">\n<div class=\"cmsmasters_row_margin\">\n<div class=\"cmsmasters_column one_first\">\n\n<div id=\"cmsmasters_heading_69f85a2dbfb7d7_36242245\" class=\"cmsmasters_heading_wrap cmsmasters_heading_align_center\">\n\t<h1 class=\"cmsmasters_heading cmsmasters-icon-notepad\">Na It\u00e1lia (Interc\u00e2mbio)<\/h1>\n<\/div>\n<\/div>\n<\/div>\n<\/div>\n<\/div>\n<\/div>\n<\/div>\n<div id=\"cmsmasters_row_69f85a2dbfc662_99142660\" class=\"cmsmasters_row cmsmasters_color_scheme_default cmsmasters_row_top_default cmsmasters_row_bot_default cmsmasters_row_boxed\">\n<div class=\"cmsmasters_row_outer_parent\">\n<div class=\"cmsmasters_row_outer\">\n<div class=\"cmsmasters_row_inner\">\n<div class=\"cmsmasters_row_margin\">\n<div class=\"cmsmasters_column one_first\">\n\n<div id=\"cmsmasters_heading_69f85a2dbfd049_93145691\" class=\"cmsmasters_heading_wrap cmsmasters_heading_align_left\">\n\t<h2 class=\"cmsmasters_heading cmsmasters-icon-compass-3\">NA IT\u00c1LIA (Intercambio)<\/h2>\n<\/div><div class=\"cmsmasters_text\">\n<p><span lang=\"PT-BR\">A Accademia Italiana Pellegrini mant\u00e9m parceria com diversas escolas, institutos e universidades localizadas em v\u00e1rias cidades italianas.<br \/>\nEm nossa escola, pode-se obter informa\u00e7\u00f5es, fazer or\u00e7amentos, inscri\u00e7\u00f5es e reservas de cursos e acomoda\u00e7\u00e3o sem nenhum custo adicional.<\/span><\/p>\n<p>Abaixo, uma lista das escolas de l\u00edngua italiana na It\u00e1lia e conveniadas com a Accademia Italiana:<\/p>\n<p>&nbsp;<\/p>\n<\/div>\n<\/div>\n<\/div>\n<\/div>\n<\/div>\n<\/div>\n<\/div>\n<div id=\"cmsmasters_row_69f85a2dbfd3f0_73088555\" class=\"cmsmasters_row cmsmasters_color_scheme_default cmsmasters_row_top_default cmsmasters_row_bot_default cmsmasters_row_boxed\">\n<div class=\"cmsmasters_row_outer_parent\">\n<div class=\"cmsmasters_row_outer\">\n<div class=\"cmsmasters_row_inner\">\n<div class=\"cmsmasters_row_margin\">\n<div class=\"cmsmasters_column one_third\">\n<div class=\"cmsmasters_img  cmsmasters_image_n\">\n<img decoding=\"async\" src=\"https:\/\/www.accademiaitaliana.com.br\/site\/wordpress\/wp-content\/uploads\/2020\/10\/01_edulinguia_logo-300x68.png\" \/>\n<\/div>\n<div class=\"cmsmasters_text\">\n<p>EDULINGUA &#8211; LABORATORIO DE LINGUA E CULTURA ITALIANA<br \/>\nLaboratorio di Lingua e Cultura Italiana<\/p>\n<p>Cidade: <strong>San Severino Marche \u2013 MACERATA<\/strong><\/p>\n<p>Endere\u00e7o: Via Cesare Battisti, 13\/15,<\/p>\n<p>Referente: Alessandra Coderoni<br \/>\nE-mail:\u00a0<a href=\"mailto:info@edulingua.it\">info@edulingua.it<\/a><br \/>\nSite:\u00a0<a href=\"http:\/\/www.edulingua.it\/\">www.edulingua.it<\/a><\/p>\n<\/div>\n<\/div>\n<div class=\"cmsmasters_column one_third\">\n<div class=\"cmsmasters_img  cmsmasters_image_n\">\n<img decoding=\"async\" src=\"https:\/\/www.accademiaitaliana.com.br\/site\/wordpress\/wp-content\/uploads\/2020\/10\/02_DILIT-300x155.png\" \/>\n<\/div>\n<div class=\"cmsmasters_text\">\n<p><strong><span lang=\"IT\">DILIT<\/span><\/strong><\/p>\n<p><span lang=\"IT\">Cidade:\u00a0<strong>Roma<br \/>\n<\/strong><br \/>\nEndere\u00e7o: Via Marghera 22<br \/>\nReferente: Tiziana Di Dedda<br \/>\nE-mail:\u00a0<\/span><span lang=\"IT\"><a href=\"mailto:info@dilit.it\"><strong>info@dilit.it<\/strong><\/a><\/span><span lang=\"IT\"><br \/>\nSite:\u00a0<\/span><span lang=\"IT\"><a href=\"http:\/\/www.dilit.it\/\" target=\"_blank\" rel=\"noopener noreferrer\"><strong>www.dilit.it<\/strong><\/a><\/span><\/p>\n<\/div>\n<\/div>\n<div class=\"cmsmasters_column one_third\">\n<div class=\"cmsmasters_img  cmsmasters_image_n\">\n<img decoding=\"async\" src=\"https:\/\/www.accademiaitaliana.com.br\/site\/wordpress\/wp-content\/uploads\/2020\/10\/03_CAMPUS-MAGNOLIE-300x291.png\" \/>\n<\/div>\n<div class=\"cmsmasters_text\">\n<p><strong>CAMPUS MAGNOLIE<\/strong><\/p>\n<p>Cidade: <strong>Castelraimondo (MACERATA) <\/strong><\/p>\n<p>Endere\u00e7o: Via E. Mattei, 69<br \/>\nE-mail:\u00a0<a href=\"mailto:info@campusmagnolie.it\">info@campusmagnolie.it<\/a><br \/>\nSite: <a href=\"https:\/\/www.campusmagnolie.it\/\">https:\/\/www.campusmagnolie.it\/<\/a><\/p>\n<\/div>\n<\/div>\n<\/div>\n<\/div>\n<\/div>\n<\/div>\n<\/div>\n<div id=\"cmsmasters_row_69f85a2dc06370_81929434\" class=\"cmsmasters_row cmsmasters_color_scheme_default cmsmasters_row_top_default cmsmasters_row_bot_default cmsmasters_row_boxed\">\n<div class=\"cmsmasters_row_outer_parent\">\n<div class=\"cmsmasters_row_outer\">\n<div class=\"cmsmasters_row_inner\">\n<div class=\"cmsmasters_row_margin\">\n<div class=\"cmsmasters_column one_third\">\n<div class=\"cmsmasters_img  cmsmasters_image_n\">\n<img decoding=\"async\" src=\"https:\/\/www.accademiaitaliana.com.br\/site\/wordpress\/wp-content\/uploads\/2020\/10\/04_LINGUA.IT_.png\" \/>\n<\/div>\n<div class=\"cmsmasters_text\">\n<p><strong>LINGUA IT<\/strong><\/p>\n<p>Cidade: <strong>Verona<\/strong><\/p>\n<p>Endere\u00e7o: Via F. Emilei, 24<br \/>\nEmail: <a href=\"mailto:info@linguait.it\">info@linguait.it<\/a><br \/>\nSite: <a href=\"https:\/\/www.linguait.it\/\">https:\/\/www.linguait.it\/<\/a><\/p>\n<p>&nbsp;<\/p>\n<\/div>\n<\/div>\n<div class=\"cmsmasters_column one_third\">\n<div class=\"cmsmasters_img  cmsmasters_image_n\">\n<img decoding=\"async\" src=\"https:\/\/www.accademiaitaliana.com.br\/site\/wordpress\/wp-content\/uploads\/2020\/10\/05_SCUOLA-LEONARDO-.png\" \/>\n<\/div>\n<div class=\"cmsmasters_text\">\n<p><strong>SCUOLA LEONARDO DA VINCI<\/strong><\/p>\n<p>Cidade:\u00a0<strong>Firenze, Milano, Roma e Siena<\/strong><br \/>\nEndere\u00e7o: Via Bufalini, 3 (Firenze)<br \/>\nEndere\u00e7o: Corso di Porta Vigentina, 35 (Milano)<br \/>\nEndere\u00e7o: Piazza dell&#8217;Orologio, 7 (Roma)<br \/>\nEndere\u00e7o: Via del Paradiso, 16 (Siena)<br \/>\nE-mail:\u00a0<a href=\"mailto:info@scuolaleonardo.com\">info@scuolaleonardo.com<\/a><br \/>\n<a href=\"mailto:scuolaleonardo@scuolaleonardo.com\">scuolaleonardo@scuolaleonardo.com<\/a><br \/>\nSite:\u00a0<a href=\"http:\/\/www.scuolaleonardo.com\/\">http:\/\/www.scuolaleonardo.com\/<\/a><\/p>\n<p>&nbsp;<\/p>\n<\/div>\n<\/div>\n<div class=\"cmsmasters_column one_third\">\n<div class=\"cmsmasters_img  cmsmasters_image_n\">\n<img decoding=\"async\" src=\"https:\/\/www.accademiaitaliana.com.br\/site\/wordpress\/wp-content\/uploads\/2020\/10\/06_DANTE-ALIGHIERI.png\" \/>\n<\/div>\n<div class=\"cmsmasters_text\">\n<p><strong>CENTRO LINGUISTICO DANTE ALIGHIERI<\/strong><\/p>\n<p>Cidade: <strong>Firenze<\/strong><\/p>\n<p>Endere\u00e7o: Piazza della Repubblica, 5<br \/>\nE-mail: info@scuola-dante-alighieri.it<br \/>\nSite: <a href=\"https:\/\/www.scuola-dante-alighieri.it\/firenze.htm\">https:\/\/www.scuola-dante-alighieri.it\/firenze.htm<\/a><\/p>\n<p>&nbsp;<\/p>\n<\/div>\n<\/div>\n<\/div>\n<\/div>\n<\/div>\n<\/div>\n<\/div>\n<div id=\"cmsmasters_row_69f85a2dc087b6_74697031\" class=\"cmsmasters_row cmsmasters_color_scheme_default cmsmasters_row_top_default cmsmasters_row_bot_default cmsmasters_row_boxed\">\n<div class=\"cmsmasters_row_outer_parent\">\n<div class=\"cmsmasters_row_outer\">\n<div class=\"cmsmasters_row_inner\">\n<div class=\"cmsmasters_row_margin\">\n<div class=\"cmsmasters_column one_third\">\n<div class=\"cmsmasters_img  cmsmasters_image_n\">\n<img decoding=\"async\" src=\"https:\/\/www.accademiaitaliana.com.br\/site\/wordpress\/wp-content\/uploads\/2020\/10\/07_LINGUAviva-300x153.jpg\" \/>\n<\/div>\n<div class=\"cmsmasters_text\">\n<p><strong>LINGUAVIVA<\/strong><\/p>\n<p>Cidade:\u00a0<strong>Firenze, Milano, Lignano<\/strong><\/p>\n<p>Endrere\u00e7o: Via Fiume 17 (Firenze)<br \/>\nEndere\u00e7o: Corso Buenos Aires 43 (Milano)<br \/>\nEndrere\u00e7o: Viale Centrale,\u00a0 29 (Lignano Sabbiadoro)<\/p>\n<p>Site: <a href=\"https:\/\/www.linguavivagroup.com\/en\/\">https:\/\/www.linguavivagroup.com\/en\/<\/a><\/p>\n<p>&nbsp;<\/p>\n<\/div>\n<\/div>\n<div class=\"cmsmasters_column one_third\">\n<div class=\"cmsmasters_img  cmsmasters_image_n\">\n<img decoding=\"async\" src=\"https:\/\/www.accademiaitaliana.com.br\/site\/wordpress\/wp-content\/uploads\/2020\/10\/08_piccola-universita-300x90.png\" \/>\n<\/div>\n<div class=\"cmsmasters_text\">\n<p><strong>PICCOLA UNIVERSIT\u00c0 ITALIANA<\/strong><\/p>\n<p>Cidade: <strong>Trieste, Tropea<\/strong><\/p>\n<p>Endere\u00e7o: Via Armando Diaz, 16, Trieste (Friuli Venezia Giulia)<br \/>\nEndere\u00e7o: Largo Antonio Pandullo, 5, Tropea (Calabria)<br \/>\nEmail: <a href=\"mailto:info@piccolauniversitaitaliana.com\"><strong>info@piccolauniversitaitaliana.com<\/strong><\/a><br \/>\nSite: <a href=\"https:\/\/piccolauniversitaitaliana.com\/\">https:\/\/piccolauniversitaitaliana.com\/<\/a><\/p>\n<p>&nbsp;<\/p>\n<\/div>\n<\/div>\n<div class=\"cmsmasters_column one_third\">\n<div class=\"cmsmasters_img  cmsmasters_image_n\">\n<img decoding=\"async\" src=\"https:\/\/www.accademiaitaliana.com.br\/site\/wordpress\/wp-content\/uploads\/2020\/10\/09_italianoporticando-300x140.png\" \/>\n<\/div>\n<div class=\"cmsmasters_text\">\n<p><strong>L\u2019ITALIANO\u00a0PORTANDO<br \/>\n<\/strong><strong>Scuola di Lingua e Cultura Italiana per Stranieri<\/strong><\/p>\n<p>Cidade: <strong>Torino<\/strong><\/p>\n<p>Endere\u00e7o: Via Pietro Micca, 20<br \/>\nEmail: <a href=\"mailto:info@italianoporticando.com\">info@italianoporticando.com<\/a><br \/>\nSite: <a href=\"https:\/\/www.italianoporticando.com\/it\/home\">https:\/\/www.italianoporticando.com\/it\/home<\/a><\/p>\n<p>&nbsp;<\/p>\n<\/div>\n<\/div>\n<\/div>\n<\/div>\n<\/div>\n<\/div>\n<\/div>\n<div id=\"cmsmasters_row_69f85a2dc0aac2_54612117\" class=\"cmsmasters_row cmsmasters_color_scheme_default cmsmasters_row_top_default cmsmasters_row_bot_default cmsmasters_row_boxed\">\n<div class=\"cmsmasters_row_outer_parent\">\n<div class=\"cmsmasters_row_outer\">\n<div class=\"cmsmasters_row_inner\">\n<div class=\"cmsmasters_row_margin\">\n<div class=\"cmsmasters_column one_first\">\n<\/div>\n<\/div>\n<\/div>\n<\/div>\n<\/div>\n<\/div>\n\n","protected":false},"excerpt":{"rendered":"","protected":false},"author":1,"featured_media":0,"parent":0,"menu_order":0,"comment_status":"closed","ping_status":"open","template":"","meta":{"footnotes":""},"class_list":["post-7393","page","type-page","status-publish","hentry"],"yoast_head":"<!-- This site is optimized with the Yoast SEO plugin v27.2 - https:\/\/yoast.com\/product\/yoast-seo-wordpress\/ -->\n<title>Na It\u00e1lia (Interc\u00e2mbio) - Accademia Italiana Pellegrini<\/title>\n<meta name=\"robots\" content=\"index, follow, max-snippet:-1, max-image-preview:large, max-video-preview:-1\" \/>\n<link rel=\"canonical\" href=\"https:\/\/www.accademiaitaliana.com.br\/site\/wordpress\/italia-intercambio\/\" \/>\n<meta property=\"og:locale\" content=\"pt_BR\" \/>\n<meta property=\"og:type\" content=\"article\" \/>\n<meta property=\"og:title\" content=\"Na It\u00e1lia (Interc\u00e2mbio) - Accademia Italiana Pellegrini\" \/>\n<meta property=\"og:url\" content=\"https:\/\/www.accademiaitaliana.com.br\/site\/wordpress\/italia-intercambio\/\" \/>\n<meta property=\"og:site_name\" content=\"Accademia Italiana Pellegrini\" \/>\n<meta property=\"article:publisher\" content=\"http:\/\/facebook.com\/accademiaitalianapellegrini\" \/>\n<meta property=\"article:modified_time\" content=\"2020-10-13T23:28:44+00:00\" \/>\n<meta name=\"twitter:card\" content=\"summary_large_image\" \/>\n<meta name=\"twitter:label1\" content=\"Est. tempo de leitura\" \/>\n\t<meta name=\"twitter:data1\" content=\"5 minutos\" \/>\n<script type=\"application\/ld+json\" class=\"yoast-schema-graph\">{\"@context\":\"https:\/\/schema.org\",\"@graph\":[{\"@type\":\"WebPage\",\"@id\":\"https:\/\/www.accademiaitaliana.com.br\/site\/wordpress\/italia-intercambio\/\",\"url\":\"https:\/\/www.accademiaitaliana.com.br\/site\/wordpress\/italia-intercambio\/\",\"name\":\"Na It\u00e1lia (Interc\u00e2mbio) - Accademia Italiana Pellegrini\",\"isPartOf\":{\"@id\":\"https:\/\/www.accademiaitaliana.com.br\/site\/wordpress\/#website\"},\"datePublished\":\"2020-09-02T02:23:34+00:00\",\"dateModified\":\"2020-10-13T23:28:44+00:00\",\"breadcrumb\":{\"@id\":\"https:\/\/www.accademiaitaliana.com.br\/site\/wordpress\/italia-intercambio\/#breadcrumb\"},\"inLanguage\":\"pt-BR\",\"potentialAction\":[{\"@type\":\"ReadAction\",\"target\":[\"https:\/\/www.accademiaitaliana.com.br\/site\/wordpress\/italia-intercambio\/\"]}]},{\"@type\":\"BreadcrumbList\",\"@id\":\"https:\/\/www.accademiaitaliana.com.br\/site\/wordpress\/italia-intercambio\/#breadcrumb\",\"itemListElement\":[{\"@type\":\"ListItem\",\"position\":1,\"name\":\"Home\",\"item\":\"https:\/\/www.accademiaitaliana.com.br\/site\/wordpress\/\"},{\"@type\":\"ListItem\",\"position\":2,\"name\":\"Na It\u00e1lia (Interc\u00e2mbio)\"}]},{\"@type\":\"WebSite\",\"@id\":\"https:\/\/www.accademiaitaliana.com.br\/site\/wordpress\/#website\",\"url\":\"https:\/\/www.accademiaitaliana.com.br\/site\/wordpress\/\",\"name\":\"Accademia Italiana Pellegrini\",\"description\":\"escola, italiano, aula, cultura italiana\",\"potentialAction\":[{\"@type\":\"SearchAction\",\"target\":{\"@type\":\"EntryPoint\",\"urlTemplate\":\"https:\/\/www.accademiaitaliana.com.br\/site\/wordpress\/?s={search_term_string}\"},\"query-input\":{\"@type\":\"PropertyValueSpecification\",\"valueRequired\":true,\"valueName\":\"search_term_string\"}}],\"inLanguage\":\"pt-BR\"}]}<\/script>\n<!-- \/ Yoast SEO plugin. -->","yoast_head_json":{"title":"Na It\u00e1lia (Interc\u00e2mbio) - Accademia Italiana Pellegrini","robots":{"index":"index","follow":"follow","max-snippet":"max-snippet:-1","max-image-preview":"max-image-preview:large","max-video-preview":"max-video-preview:-1"},"canonical":"https:\/\/www.accademiaitaliana.com.br\/site\/wordpress\/italia-intercambio\/","og_locale":"pt_BR","og_type":"article","og_title":"Na It\u00e1lia (Interc\u00e2mbio) - Accademia Italiana Pellegrini","og_url":"https:\/\/www.accademiaitaliana.com.br\/site\/wordpress\/italia-intercambio\/","og_site_name":"Accademia Italiana Pellegrini","article_publisher":"http:\/\/facebook.com\/accademiaitalianapellegrini","article_modified_time":"2020-10-13T23:28:44+00:00","twitter_card":"summary_large_image","twitter_misc":{"Est. tempo de leitura":"5 minutos"},"schema":{"@context":"https:\/\/schema.org","@graph":[{"@type":"WebPage","@id":"https:\/\/www.accademiaitaliana.com.br\/site\/wordpress\/italia-intercambio\/","url":"https:\/\/www.accademiaitaliana.com.br\/site\/wordpress\/italia-intercambio\/","name":"Na It\u00e1lia (Interc\u00e2mbio) - Accademia Italiana Pellegrini","isPartOf":{"@id":"https:\/\/www.accademiaitaliana.com.br\/site\/wordpress\/#website"},"datePublished":"2020-09-02T02:23:34+00:00","dateModified":"2020-10-13T23:28:44+00:00","breadcrumb":{"@id":"https:\/\/www.accademiaitaliana.com.br\/site\/wordpress\/italia-intercambio\/#breadcrumb"},"inLanguage":"pt-BR","potentialAction":[{"@type":"ReadAction","target":["https:\/\/www.accademiaitaliana.com.br\/site\/wordpress\/italia-intercambio\/"]}]},{"@type":"BreadcrumbList","@id":"https:\/\/www.accademiaitaliana.com.br\/site\/wordpress\/italia-intercambio\/#breadcrumb","itemListElement":[{"@type":"ListItem","position":1,"name":"Home","item":"https:\/\/www.accademiaitaliana.com.br\/site\/wordpress\/"},{"@type":"ListItem","position":2,"name":"Na It\u00e1lia (Interc\u00e2mbio)"}]},{"@type":"WebSite","@id":"https:\/\/www.accademiaitaliana.com.br\/site\/wordpress\/#website","url":"https:\/\/www.accademiaitaliana.com.br\/site\/wordpress\/","name":"Accademia Italiana Pellegrini","description":"escola, italiano, aula, cultura italiana","potentialAction":[{"@type":"SearchAction","target":{"@type":"EntryPoint","urlTemplate":"https:\/\/www.accademiaitaliana.com.br\/site\/wordpress\/?s={search_term_string}"},"query-input":{"@type":"PropertyValueSpecification","valueRequired":true,"valueName":"search_term_string"}}],"inLanguage":"pt-BR"}]}},"_links":{"self":[{"href":"https:\/\/www.accademiaitaliana.com.br\/site\/wordpress\/wp-json\/wp\/v2\/pages\/7393","targetHints":{"allow":["GET"]}}],"collection":[{"href":"https:\/\/www.accademiaitaliana.com.br\/site\/wordpress\/wp-json\/wp\/v2\/pages"}],"about":[{"href":"https:\/\/www.accademiaitaliana.com.br\/site\/wordpress\/wp-json\/wp\/v2\/types\/page"}],"author":[{"embeddable":true,"href":"https:\/\/www.accademiaitaliana.com.br\/site\/wordpress\/wp-json\/wp\/v2\/users\/1"}],"replies":[{"embeddable":true,"href":"https:\/\/www.accademiaitaliana.com.br\/site\/wordpress\/wp-json\/wp\/v2\/comments?post=7393"}],"version-history":[{"count":8,"href":"https:\/\/www.accademiaitaliana.com.br\/site\/wordpress\/wp-json\/wp\/v2\/pages\/7393\/revisions"}],"predecessor-version":[{"id":7549,"href":"https:\/\/www.accademiaitaliana.com.br\/site\/wordpress\/wp-json\/wp\/v2\/pages\/7393\/revisions\/7549"}],"wp:attachment":[{"href":"https:\/\/www.accademiaitaliana.com.br\/site\/wordpress\/wp-json\/wp\/v2\/media?parent=7393"}],"curies":[{"name":"wp","href":"https:\/\/api.w.org\/{rel}","templated":true}]}}