{"id":7386,"date":"2020-09-01T23:15:24","date_gmt":"2020-09-02T02:15:24","guid":{"rendered":"http:\/\/www.accademiaitaliana.siteoficial.ws\/site\/wordpress\/?page_id=7386"},"modified":"2020-10-06T22:26:13","modified_gmt":"2020-10-07T01:26:13","slug":"online","status":"publish","type":"page","link":"https:\/\/www.accademiaitaliana.com.br\/site\/wordpress\/online\/","title":{"rendered":"Online"},"content":{"rendered":"<style type=\"text\/css\"> \n#cmsmasters_row_69f1f36a484e68_77666623 { \n\tbackground-image: url(https:\/\/www.accademiaitaliana.com.br\/site\/wordpress\/wp-content\/uploads\/2020\/10\/cursos_online.jpg); \n\tbackground-position: center center; \n\tbackground-repeat: no-repeat; \n\tbackground-attachment: scroll; \n\tbackground-size: cover; \n} \n\n#cmsmasters_row_69f1f36a484e68_77666623 .cmsmasters_row_outer_parent { \n\tpadding-top: 180px; \n} \n\n#cmsmasters_row_69f1f36a484e68_77666623 .cmsmasters_row_outer_parent { \n\tpadding-bottom: 180px; \n} \n\n#cmsmasters_row_69f1f36a484e68_77666623 .cmsmasters_row_overlay { \n\tbackground-color:rgba(37,37,49,0.1);\n} \n\n \n#cmsmasters_heading_69f1f36a486a51_36403591 { \n\ttext-align:center; \n\tmargin-top:70px; \n\tmargin-bottom:70px; \n} \n\n#cmsmasters_heading_69f1f36a486a51_36403591 .cmsmasters_heading { \n\ttext-align:center; \n} \n\n#cmsmasters_heading_69f1f36a486a51_36403591 .cmsmasters_heading, #cmsmasters_heading_69f1f36a486a51_36403591 .cmsmasters_heading a { \n\tfont-size:50px; \n\tline-height:90px; \n\tfont-weight:300; \n\tfont-style:normal; \n\tcolor:#ffffff;\n} \n\n#cmsmasters_heading_69f1f36a486a51_36403591 .cmsmasters_heading_divider { \n} \n\n \n#cmsmasters_row_69f1f36a487659_76169623 .cmsmasters_row_outer_parent { \n\tpadding-top: 20px; \n} \n\n#cmsmasters_row_69f1f36a487659_76169623 .cmsmasters_row_outer_parent { \n\tpadding-bottom: 20px; \n} \n\n \n#cmsmasters_heading_69f1f36a487e20_12886059 { \n\ttext-align:left; \n\tmargin-top:0px; \n\tmargin-bottom:20px; \n} \n\n#cmsmasters_heading_69f1f36a487e20_12886059 .cmsmasters_heading { \n\ttext-align:left; \n} \n\n#cmsmasters_heading_69f1f36a487e20_12886059 .cmsmasters_heading, #cmsmasters_heading_69f1f36a487e20_12886059 .cmsmasters_heading a { \n\tfont-weight:normal; \n\tfont-style:normal; \n} \n\n#cmsmasters_heading_69f1f36a487e20_12886059 .cmsmasters_heading_divider { \n} \n\n<\/style><div id=\"cmsmasters_row_69f1f36a484e68_77666623\" class=\"cmsmasters_row cmsmasters_color_scheme_default cmsmasters_row_top_default cmsmasters_row_bot_default cmsmasters_row_boxed\">\n<div class=\"cmsmasters_row_outer_parent\">\n<div class=\"cmsmasters_row_overlay\"><\/div>\n<div class=\"cmsmasters_row_outer\">\n<div class=\"cmsmasters_row_inner\">\n<div class=\"cmsmasters_row_margin\">\n<div class=\"cmsmasters_column one_first\">\n\n<div id=\"cmsmasters_heading_69f1f36a486a51_36403591\" class=\"cmsmasters_heading_wrap cmsmasters_heading_align_center\">\n\t<h1 class=\"cmsmasters_heading cmsmasters-icon-notepad\">Online<\/h1>\n<\/div>\n<\/div>\n<\/div>\n<\/div>\n<\/div>\n<\/div>\n<\/div>\n<div id=\"cmsmasters_row_69f1f36a487659_76169623\" class=\"cmsmasters_row cmsmasters_color_scheme_default cmsmasters_row_top_default cmsmasters_row_bot_default cmsmasters_row_boxed\">\n<div class=\"cmsmasters_row_outer_parent\">\n<div class=\"cmsmasters_row_outer\">\n<div class=\"cmsmasters_row_inner\">\n<div class=\"cmsmasters_row_margin\">\n<div class=\"cmsmasters_column one_first\">\n\n<div id=\"cmsmasters_heading_69f1f36a487e20_12886059\" class=\"cmsmasters_heading_wrap cmsmasters_heading_align_left\">\n\t<h2 class=\"cmsmasters_heading cmsmasters-icon-connectdevelop\">ON LINE<\/h2>\n<\/div><div class=\"cmsmasters_text\">\n<p>A mesma qualidade e metodologia das aulas presenciais s\u00e3o levadas at\u00e9 o aluno atrav\u00e9s de aulas ministradas ao vivo pela internet por nossa equipe de professores.<\/p>\n<p>A intera\u00e7\u00e3o em tempo real garante aprendizado r\u00e1pido em situa\u00e7\u00f5es reais na comunica\u00e7\u00e3o do novo idioma, sem a necessidade de se deslocar at\u00e9 a Accademia Italiana, permitindo que alunos de qualquer lugar do pa\u00eds possam ter acesso \u00e0 nossa did\u00e1tica de alt\u00edssima qualidade de ensino.<\/p>\n<p>As aulas s\u00e3o ministradas individualmente ou em pequenos grupos. Dedica\u00e7\u00e3o total do professor ao aluno, dia e hor\u00e1rio de aula flex\u00edveis.<\/p>\n<p>Para maiores informa\u00e7\u00f5es, <a href=\"http:\/\/www.accademiaitaliana.siteoficial.ws\/site\/wordpress\/contato\/\">fale conosco<\/a><\/p>\n<\/div>\n<\/div>\n<\/div>\n<\/div>\n<\/div>\n<\/div>\n<\/div>\n\n","protected":false},"excerpt":{"rendered":"","protected":false},"author":1,"featured_media":0,"parent":0,"menu_order":0,"comment_status":"closed","ping_status":"open","template":"","meta":{"footnotes":""},"class_list":["post-7386","page","type-page","status-publish","hentry"],"yoast_head":"<!-- This site is optimized with the Yoast SEO plugin v27.2 - https:\/\/yoast.com\/product\/yoast-seo-wordpress\/ -->\n<title>Online - Accademia Italiana Pellegrini<\/title>\n<meta name=\"robots\" content=\"index, follow, max-snippet:-1, max-image-preview:large, max-video-preview:-1\" \/>\n<link rel=\"canonical\" href=\"https:\/\/www.accademiaitaliana.com.br\/site\/wordpress\/online\/\" \/>\n<meta property=\"og:locale\" content=\"pt_BR\" \/>\n<meta property=\"og:type\" content=\"article\" \/>\n<meta property=\"og:title\" content=\"Online - Accademia Italiana Pellegrini\" \/>\n<meta property=\"og:url\" content=\"https:\/\/www.accademiaitaliana.com.br\/site\/wordpress\/online\/\" \/>\n<meta property=\"og:site_name\" content=\"Accademia Italiana Pellegrini\" \/>\n<meta property=\"article:publisher\" content=\"http:\/\/facebook.com\/accademiaitalianapellegrini\" \/>\n<meta property=\"article:modified_time\" content=\"2020-10-07T01:26:13+00:00\" \/>\n<meta name=\"twitter:card\" content=\"summary_large_image\" \/>\n<meta name=\"twitter:label1\" content=\"Est. tempo de leitura\" \/>\n\t<meta name=\"twitter:data1\" content=\"1 minuto\" \/>\n<script type=\"application\/ld+json\" class=\"yoast-schema-graph\">{\"@context\":\"https:\/\/schema.org\",\"@graph\":[{\"@type\":\"WebPage\",\"@id\":\"https:\/\/www.accademiaitaliana.com.br\/site\/wordpress\/online\/\",\"url\":\"https:\/\/www.accademiaitaliana.com.br\/site\/wordpress\/online\/\",\"name\":\"Online - Accademia Italiana Pellegrini\",\"isPartOf\":{\"@id\":\"https:\/\/www.accademiaitaliana.com.br\/site\/wordpress\/#website\"},\"datePublished\":\"2020-09-02T02:15:24+00:00\",\"dateModified\":\"2020-10-07T01:26:13+00:00\",\"breadcrumb\":{\"@id\":\"https:\/\/www.accademiaitaliana.com.br\/site\/wordpress\/online\/#breadcrumb\"},\"inLanguage\":\"pt-BR\",\"potentialAction\":[{\"@type\":\"ReadAction\",\"target\":[\"https:\/\/www.accademiaitaliana.com.br\/site\/wordpress\/online\/\"]}]},{\"@type\":\"BreadcrumbList\",\"@id\":\"https:\/\/www.accademiaitaliana.com.br\/site\/wordpress\/online\/#breadcrumb\",\"itemListElement\":[{\"@type\":\"ListItem\",\"position\":1,\"name\":\"Home\",\"item\":\"https:\/\/www.accademiaitaliana.com.br\/site\/wordpress\/\"},{\"@type\":\"ListItem\",\"position\":2,\"name\":\"Online\"}]},{\"@type\":\"WebSite\",\"@id\":\"https:\/\/www.accademiaitaliana.com.br\/site\/wordpress\/#website\",\"url\":\"https:\/\/www.accademiaitaliana.com.br\/site\/wordpress\/\",\"name\":\"Accademia Italiana Pellegrini\",\"description\":\"escola, italiano, aula, cultura italiana\",\"potentialAction\":[{\"@type\":\"SearchAction\",\"target\":{\"@type\":\"EntryPoint\",\"urlTemplate\":\"https:\/\/www.accademiaitaliana.com.br\/site\/wordpress\/?s={search_term_string}\"},\"query-input\":{\"@type\":\"PropertyValueSpecification\",\"valueRequired\":true,\"valueName\":\"search_term_string\"}}],\"inLanguage\":\"pt-BR\"}]}<\/script>\n<!-- \/ Yoast SEO plugin. -->","yoast_head_json":{"title":"Online - Accademia Italiana Pellegrini","robots":{"index":"index","follow":"follow","max-snippet":"max-snippet:-1","max-image-preview":"max-image-preview:large","max-video-preview":"max-video-preview:-1"},"canonical":"https:\/\/www.accademiaitaliana.com.br\/site\/wordpress\/online\/","og_locale":"pt_BR","og_type":"article","og_title":"Online - Accademia Italiana Pellegrini","og_url":"https:\/\/www.accademiaitaliana.com.br\/site\/wordpress\/online\/","og_site_name":"Accademia Italiana Pellegrini","article_publisher":"http:\/\/facebook.com\/accademiaitalianapellegrini","article_modified_time":"2020-10-07T01:26:13+00:00","twitter_card":"summary_large_image","twitter_misc":{"Est. tempo de leitura":"1 minuto"},"schema":{"@context":"https:\/\/schema.org","@graph":[{"@type":"WebPage","@id":"https:\/\/www.accademiaitaliana.com.br\/site\/wordpress\/online\/","url":"https:\/\/www.accademiaitaliana.com.br\/site\/wordpress\/online\/","name":"Online - Accademia Italiana Pellegrini","isPartOf":{"@id":"https:\/\/www.accademiaitaliana.com.br\/site\/wordpress\/#website"},"datePublished":"2020-09-02T02:15:24+00:00","dateModified":"2020-10-07T01:26:13+00:00","breadcrumb":{"@id":"https:\/\/www.accademiaitaliana.com.br\/site\/wordpress\/online\/#breadcrumb"},"inLanguage":"pt-BR","potentialAction":[{"@type":"ReadAction","target":["https:\/\/www.accademiaitaliana.com.br\/site\/wordpress\/online\/"]}]},{"@type":"BreadcrumbList","@id":"https:\/\/www.accademiaitaliana.com.br\/site\/wordpress\/online\/#breadcrumb","itemListElement":[{"@type":"ListItem","position":1,"name":"Home","item":"https:\/\/www.accademiaitaliana.com.br\/site\/wordpress\/"},{"@type":"ListItem","position":2,"name":"Online"}]},{"@type":"WebSite","@id":"https:\/\/www.accademiaitaliana.com.br\/site\/wordpress\/#website","url":"https:\/\/www.accademiaitaliana.com.br\/site\/wordpress\/","name":"Accademia Italiana Pellegrini","description":"escola, italiano, aula, cultura italiana","potentialAction":[{"@type":"SearchAction","target":{"@type":"EntryPoint","urlTemplate":"https:\/\/www.accademiaitaliana.com.br\/site\/wordpress\/?s={search_term_string}"},"query-input":{"@type":"PropertyValueSpecification","valueRequired":true,"valueName":"search_term_string"}}],"inLanguage":"pt-BR"}]}},"_links":{"self":[{"href":"https:\/\/www.accademiaitaliana.com.br\/site\/wordpress\/wp-json\/wp\/v2\/pages\/7386","targetHints":{"allow":["GET"]}}],"collection":[{"href":"https:\/\/www.accademiaitaliana.com.br\/site\/wordpress\/wp-json\/wp\/v2\/pages"}],"about":[{"href":"https:\/\/www.accademiaitaliana.com.br\/site\/wordpress\/wp-json\/wp\/v2\/types\/page"}],"author":[{"embeddable":true,"href":"https:\/\/www.accademiaitaliana.com.br\/site\/wordpress\/wp-json\/wp\/v2\/users\/1"}],"replies":[{"embeddable":true,"href":"https:\/\/www.accademiaitaliana.com.br\/site\/wordpress\/wp-json\/wp\/v2\/comments?post=7386"}],"version-history":[{"count":3,"href":"https:\/\/www.accademiaitaliana.com.br\/site\/wordpress\/wp-json\/wp\/v2\/pages\/7386\/revisions"}],"predecessor-version":[{"id":7509,"href":"https:\/\/www.accademiaitaliana.com.br\/site\/wordpress\/wp-json\/wp\/v2\/pages\/7386\/revisions\/7509"}],"wp:attachment":[{"href":"https:\/\/www.accademiaitaliana.com.br\/site\/wordpress\/wp-json\/wp\/v2\/media?parent=7386"}],"curies":[{"name":"wp","href":"https:\/\/api.w.org\/{rel}","templated":true}]}}