{"id":7363,"date":"2020-09-01T22:56:38","date_gmt":"2020-09-02T01:56:38","guid":{"rendered":"http:\/\/www.accademiaitaliana.siteoficial.ws\/site\/wordpress\/?page_id=7363"},"modified":"2020-10-22T18:39:01","modified_gmt":"2020-10-22T21:39:01","slug":"depoimentos","status":"publish","type":"page","link":"https:\/\/www.accademiaitaliana.com.br\/site\/wordpress\/depoimentos\/","title":{"rendered":"Depoimentos"},"content":{"rendered":"<style type=\"text\/css\"> \n#cmsmasters_row_69f1f3695fa182_21965855 { \n\tbackground-image: url(https:\/\/www.accademiaitaliana.com.br\/site\/wordpress\/wp-content\/uploads\/2020\/10\/testimonials_banner.jpg); \n\tbackground-position: bottom center; \n\tbackground-repeat: no-repeat; \n\tbackground-attachment: scroll; \n\tbackground-size: cover; \n} \n\n#cmsmasters_row_69f1f3695fa182_21965855 .cmsmasters_row_outer_parent { \n\tpadding-top: 180px; \n} \n\n#cmsmasters_row_69f1f3695fa182_21965855 .cmsmasters_row_outer_parent { \n\tpadding-bottom: 180px; \n} \n\n#cmsmasters_row_69f1f3695fa182_21965855 .cmsmasters_row_overlay { \n\tbackground-color:rgba(37,37,49,0.1);\n} \n\n \n#cmsmasters_heading_69f1f3695fe578_01068423 { \n\ttext-align:center; \n\tmargin-top:70px; \n\tmargin-bottom:70px; \n} \n\n#cmsmasters_heading_69f1f3695fe578_01068423 .cmsmasters_heading { \n\ttext-align:center; \n} \n\n#cmsmasters_heading_69f1f3695fe578_01068423 .cmsmasters_heading, #cmsmasters_heading_69f1f3695fe578_01068423 .cmsmasters_heading a { \n\tfont-size:50px; \n\tline-height:90px; \n\tfont-weight:300; \n\tfont-style:normal; \n\tcolor:#ffffff;\n} \n\n#cmsmasters_heading_69f1f3695fe578_01068423 .cmsmasters_heading_divider { \n} \n\n \n#cmsmasters_row_69f1f3695ff135_05995383 .cmsmasters_row_outer_parent { \n\tpadding-top: 50px; \n} \n\n#cmsmasters_row_69f1f3695ff135_05995383 .cmsmasters_row_outer_parent { \n\tpadding-bottom: 20px; \n} \n\n \n#cmsmasters_row_69f1f369608b06_48894462 .cmsmasters_row_outer_parent { \n\tpadding-top: 20px; \n} \n\n#cmsmasters_row_69f1f369608b06_48894462 .cmsmasters_row_outer_parent { \n\tpadding-bottom: 50px; \n} \n\n \n#cmsmasters_heading_69f1f369609ad9_99579631 { \n\ttext-align:left; \n\tmargin-top:20px; \n\tmargin-bottom:10px; \n} \n\n#cmsmasters_heading_69f1f369609ad9_99579631 .cmsmasters_heading { \n\ttext-align:left; \n} \n\n#cmsmasters_heading_69f1f369609ad9_99579631 .cmsmasters_heading, #cmsmasters_heading_69f1f369609ad9_99579631 .cmsmasters_heading a { \n\tfont-size:26px; \n\tfont-weight:300; \n\tfont-style:normal; \n} \n\n#cmsmasters_heading_69f1f369609ad9_99579631 .cmsmasters_heading_divider { \n} \n\n.quote_grid #cmsmasters_quote_69f1f36961a6f8_62947770.cmsmasters_quote_inner:before {background-color:#7a1042;}.quote_grid #cmsmasters_quote_69f1f36961b088_24437378.cmsmasters_quote_inner:before {background-color:#f9bd4c;}.quote_grid #cmsmasters_quote_69f1f36961b5e2_25367642.cmsmasters_quote_inner:before {background-color:#f9bd4c;}.quote_grid #cmsmasters_quote_69f1f36961ba28_04749052.cmsmasters_quote_inner:before {background-color:#7a1042;}.quote_grid #cmsmasters_quote_69f1f36961bd39_74376581.cmsmasters_quote_inner:before {background-color:#7a1042;}.quote_grid #cmsmasters_quote_69f1f36961c069_12445794.cmsmasters_quote_inner:before {background-color:#f9bd4c;}<\/style><div id=\"cmsmasters_row_69f1f3695fa182_21965855\" class=\"cmsmasters_row cmsmasters_color_scheme_default cmsmasters_row_top_default cmsmasters_row_bot_default cmsmasters_row_boxed\">\n<div class=\"cmsmasters_row_outer_parent\">\n<div class=\"cmsmasters_row_overlay\"><\/div>\n<div class=\"cmsmasters_row_outer\">\n<div class=\"cmsmasters_row_inner\">\n<div class=\"cmsmasters_row_margin\">\n<div class=\"cmsmasters_column one_first\">\n\n<div id=\"cmsmasters_heading_69f1f3695fe578_01068423\" class=\"cmsmasters_heading_wrap cmsmasters_heading_align_center\">\n\t<h1 class=\"cmsmasters_heading\">Depoimentos<\/h1>\n<\/div>\n<\/div>\n<\/div>\n<\/div>\n<\/div>\n<\/div>\n<\/div>\n<div id=\"cmsmasters_row_69f1f3695ff135_05995383\" class=\"cmsmasters_row cmsmasters_color_scheme_default cmsmasters_row_top_default cmsmasters_row_bot_default cmsmasters_row_boxed\">\n<div class=\"cmsmasters_row_outer_parent\">\n<div class=\"cmsmasters_row_outer\">\n<div class=\"cmsmasters_row_inner\">\n<div class=\"cmsmasters_row_margin\">\n<div class=\"cmsmasters_column one_third\">\n<div class=\"cmsmasters_embed_wrap\">\n<iframe loading=\"lazy\" title=\"#OrgulhoSerAccademia (Ivana)\" width=\"500\" height=\"281\" src=\"https:\/\/www.youtube.com\/embed\/FOfAcxw9WPg?feature=oembed\" frameborder=\"0\" allow=\"accelerometer; autoplay; clipboard-write; encrypted-media; gyroscope; picture-in-picture; web-share\" referrerpolicy=\"strict-origin-when-cross-origin\" allowfullscreen><\/iframe><\/div>\n<\/div>\n<div class=\"cmsmasters_column one_third\">\n<div class=\"cmsmasters_embed_wrap\">\n<iframe loading=\"lazy\" title=\"#OrgulhoSerAccademia (Vinicius)\" width=\"500\" height=\"281\" src=\"https:\/\/www.youtube.com\/embed\/1LeDrISoqls?feature=oembed\" frameborder=\"0\" allow=\"accelerometer; autoplay; clipboard-write; encrypted-media; gyroscope; picture-in-picture; web-share\" referrerpolicy=\"strict-origin-when-cross-origin\" allowfullscreen><\/iframe><\/div>\n<\/div>\n<div class=\"cmsmasters_column one_third\">\n<div class=\"cmsmasters_embed_wrap\">\n<iframe loading=\"lazy\" title=\"#OrgulhoSerAccademia (Felipe)\" width=\"500\" height=\"281\" src=\"https:\/\/www.youtube.com\/embed\/MlIFjPhA3Vg?feature=oembed\" frameborder=\"0\" allow=\"accelerometer; autoplay; clipboard-write; encrypted-media; gyroscope; picture-in-picture; web-share\" referrerpolicy=\"strict-origin-when-cross-origin\" allowfullscreen><\/iframe><\/div>\n<\/div>\n<\/div>\n<\/div>\n<\/div>\n<\/div>\n<\/div>\n<div id=\"cmsmasters_row_69f1f369608b06_48894462\" class=\"cmsmasters_row cmsmasters_color_scheme_default cmsmasters_row_top_default cmsmasters_row_bot_default cmsmasters_row_boxed\">\n<div class=\"cmsmasters_row_outer_parent\">\n<div class=\"cmsmasters_row_outer\">\n<div class=\"cmsmasters_row_inner\">\n<div class=\"cmsmasters_row_margin\">\n<div class=\"cmsmasters_column one_first\">\n\n<div id=\"cmsmasters_heading_69f1f369609ad9_99579631\" class=\"cmsmasters_heading_wrap cmsmasters_heading_align_left\">\n\t<h2 class=\"cmsmasters_heading cmsmasters-icon-chat-empty\">Depoimentos<\/h2>\n<\/div><div class=\"cmsmasters_quotes quote_grid quote_two\" data-animation=\"bounceIn\" data-delay=\"0\">\n<div class=\"quote_vert\"><\/div><div class=\"quotes_list\">\n<div class=\"cmsmasters_quote\">\n\r\n<!-- Start Grid Article  -->\r\n\r\n<article class=\"cmsmasters_quote_inner\" id=\"cmsmasters_quote_69f1f36961a6f8_62947770\">\r\n\t<div class=\"quote_content_wrap\">\r\n\t<div class=\"quote_content\">\n<p>Sou muito grata a todos os ensinamentos da l\u00edngua italiana que aprendi na Accademia Italiana Pellegrini! Hoje vivo na It\u00e1lia e me sinto segura de frequentar todos os dias meu curso de contabilidade porque eu sei que tive uma \u00f3tima base da l\u00edngua italiana.<\/p>\n<\/div>\n<div class=\"quote_info_wrap\"><div class=\"wrap_quote_title\"><h6 class=\"quote_title\">Viviany<\/h6>\n<span class=\"quote_subtitle\">(aluna do curso regular em grupo)<\/span>\n<\/div>\t\t<\/div>\r\n\t<\/div>\r\n<\/article>\r\n<!-- Finish Grid Article  -->\r\n\r\n<\/div>\n<div class=\"cmsmasters_quote\">\n\r\n<!-- Start Grid Article  -->\r\n\r\n<article class=\"cmsmasters_quote_inner\" id=\"cmsmasters_quote_69f1f36961b088_24437378\">\r\n\t<div class=\"quote_content_wrap\">\r\n\t<div class=\"quote_content\">\n<p>Tinha apenas 1 m\u00eas para me preparar para o exame de profici\u00eancia em Italiano e gra\u00e7as ao apoio e dedica\u00e7\u00e3o de \u00f3timos profissionais, al\u00e9m de materiais de qualidade, consegui atingir meu objetivo! As aulas foram intensas, proveitosas e agrad\u00e1veis ao mesmo tempo, me deixando sempre animada para a aula seguinte! Grazie!<\/p>\n<\/div>\n<div class=\"quote_info_wrap\"><div class=\"wrap_quote_title\"><h6 class=\"quote_title\">Manuela<\/h6>\n<span class=\"quote_subtitle\">aluna do curso preparat\u00f3rio para exame Latu Sensu (aulas particulares)<\/span>\n<\/div>\t\t<\/div>\r\n\t<\/div>\r\n<\/article>\r\n<!-- Finish Grid Article  -->\r\n\r\n<\/div>\n<\/div><div class=\"quotes_list\">\n<div class=\"cmsmasters_quote\">\n\r\n<!-- Start Grid Article  -->\r\n\r\n<article class=\"cmsmasters_quote_inner\" id=\"cmsmasters_quote_69f1f36961b5e2_25367642\">\r\n\t<div class=\"quote_content_wrap\">\r\n\t<div class=\"quote_content\">\n<p>Quero dizer que foi um prazer imenso estudar na Accademia. Foram 4 anos e alguns meses que estive com voc\u00eas, todos os s\u00e1bados, aprendendo e absorvendo, dentro da minha capacidade, a l\u00edngua e cultura italianas.<\/p>\n<p>Agrade\u00e7o a acolhida\u00a0cordial desde o primeiro dia na escola\u00a0e\u00a0tamb\u00e9m a paci\u00eancia e conhecimento de todos os professores com os quais convivi. Todos muito dedicados \u00e0 tarefa de ensinar a l\u00edngua italiana a estrangeiros.<\/p>\n<p>&nbsp;<\/p>\n<\/div>\n<div class=\"quote_info_wrap\"><div class=\"wrap_quote_title\"><h6 class=\"quote_title\">Devanir<\/h6>\n<span class=\"quote_subtitle\">aluno do curso regular em grupo<\/span>\n<\/div>\t\t<\/div>\r\n\t<\/div>\r\n<\/article>\r\n<!-- Finish Grid Article  -->\r\n\r\n<\/div>\n<div class=\"cmsmasters_quote\">\n\r\n<!-- Start Grid Article  -->\r\n\r\n<article class=\"cmsmasters_quote_inner\" id=\"cmsmasters_quote_69f1f36961ba28_04749052\">\r\n\t<div class=\"quote_content_wrap\">\r\n\t<div class=\"quote_content\">\n<p>Realizei meu sonho de ir para a It\u00e1lia!<\/p>\n<p>No \u00faltimo m\u00eas de junho, fui sozinha e passei 17 dias por l\u00e1&#8230; Cheguei em Roma, depois fui conhecer a cidade onde meu bisav\u00f4 nasceu: chorei muito de emo\u00e7\u00e3o! Depois fui para Firenze, Pisa e Taormina na Sic\u00edlia! E sabe com o que eu me espantei? Eu consegui me comunicar sem muitos problemas&#8230; Que orgulho de mim!!!<\/p>\n<p>Muito obrigada pela oportunidade de poder estudar nessa escola que pra mim foi como uma fam\u00edlia&#8230; e sempre ser\u00e1! Gosto demais de cada um de voc\u00eas e n\u00e3o via a hora de compartilhar essa minha felicidade!!!<\/p>\n<\/div>\n<div class=\"quote_info_wrap\"><div class=\"wrap_quote_title\"><h6 class=\"quote_title\">Nara<\/h6>\n<span class=\"quote_subtitle\">aluna do curso regular em grupo <\/span>\n<\/div>\t\t<\/div>\r\n\t<\/div>\r\n<\/article>\r\n<!-- Finish Grid Article  -->\r\n\r\n<\/div>\n<\/div><div class=\"quotes_list\">\n<div class=\"cmsmasters_quote\">\n\r\n<!-- Start Grid Article  -->\r\n\r\n<article class=\"cmsmasters_quote_inner\" id=\"cmsmasters_quote_69f1f36961bd39_74376581\">\r\n\t<div class=\"quote_content_wrap\">\r\n\t<div class=\"quote_content\">\n<p>O ambiente \u00e9 profissional e acolhedor&#8230; sempre tem um bom caff\u00e8 pra dar aquela energia&#8230;<br \/>\nA localiza\u00e7\u00e3o \u00e9 privilegiada e s\u00e3o v\u00e1rios os hor\u00e1rios e tipos de aulas oferecidos&#8230;<br \/>\nAs turmas s\u00e3o pequenas, as aulas s\u00e3o interessantes, pr\u00e1ticas, din\u00e2micas&#8230;<br \/>\nDesde a primeira aula a l\u00edngua que parliamo \u00e9 o italiano&#8230;<br \/>\nOs professores s\u00e3o nativos, o que ajuda muito tanto na pron\u00fancia\/conversa\u00e7\u00e3o como na<br \/>\ncompreens\u00e3o da gramatica.<br \/>\nA escola organiza v\u00e1rios eventos para difundir a cultura italiana, aumentar a intera\u00e7\u00e3o e por em<br \/>\npr\u00e1tica o aprendizado dos seus alunos&#8230; tutto sempre molto divertido e saboroso!<br \/>\nA escola tamb\u00e9m oferece certifica\u00e7\u00e3o internacional e parceria com institui\u00e7\u00f5es italianas<br \/>\nespecializadas em cursos intensivos da l\u00edngua, com imers\u00e3o na cultura italiana al\u00e9m do melhor do<br \/>\nturismo cultural, gastron\u00f4mico e de natureza\/aventura&#8230; uma experi\u00eancia inesquec\u00edvel de f\u00e9rias,<br \/>\nque uni estudo e lazer num grande estilo: o estilo italiano!!<\/p>\n<\/div>\n<div class=\"quote_info_wrap\"><div class=\"wrap_quote_title\"><h6 class=\"quote_title\">Claudia<\/h6>\n<span class=\"quote_subtitle\">aluna do curso intensivo B1<\/span>\n<\/div>\t\t<\/div>\r\n\t<\/div>\r\n<\/article>\r\n<!-- Finish Grid Article  -->\r\n\r\n<\/div>\n<div class=\"cmsmasters_quote\">\n\r\n<!-- Start Grid Article  -->\r\n\r\n<article class=\"cmsmasters_quote_inner\" id=\"cmsmasters_quote_69f1f36961c069_12445794\">\r\n\t<div class=\"quote_content_wrap\">\r\n\t<div class=\"quote_content\">\n<p>H\u00e1 mais de dois anos estudo na Accademia Italiana Pellegrini. Os cursos s\u00e3o bastante abrangentes<br \/>\ne as aulas din\u00e2micas. Ir para a Accademia \u00e9 minha divers\u00e3o semanal, e divers\u00e3o com<br \/>\nconhecimento! Aprendo a l\u00edngua e tradi\u00e7\u00e3o italianas cada vez mais e gosto do ambiente acolhedor<br \/>\ne da gentileza dos funcion\u00e1rios, professores e dire\u00e7\u00e3o. Todos semestres celebramos a cultura da<br \/>\nIt\u00e1lia e do Brasil em festas e encontros cheios de comida, alegria, risos e boas conversas!<\/p>\n<p>Vieni anche tu e fa\u2019 parte dell\u2019Accademia!<\/p>\n<\/div>\n<div class=\"quote_info_wrap\"><div class=\"wrap_quote_title\"><h6 class=\"quote_title\">F\u00e1bio<\/h6>\n<span class=\"quote_subtitle\">aluno do curso AVANZATO<\/span>\n<\/div>\t\t<\/div>\r\n\t<\/div>\r\n<\/article>\r\n<!-- Finish Grid Article  -->\r\n\r\n<\/div>\n<\/div><div class=\"quotes_list\">\n<\/div>\n<\/div>\n<\/div>\n<\/div>\n<\/div>\n<\/div>\n<\/div>\n<\/div>\n\n","protected":false},"excerpt":{"rendered":"","protected":false},"author":1,"featured_media":0,"parent":0,"menu_order":0,"comment_status":"closed","ping_status":"open","template":"","meta":{"footnotes":""},"class_list":["post-7363","page","type-page","status-publish","hentry"],"yoast_head":"<!-- This site is optimized with the Yoast SEO plugin v27.2 - https:\/\/yoast.com\/product\/yoast-seo-wordpress\/ -->\n<title>Depoimentos - Accademia Italiana Pellegrini<\/title>\n<meta name=\"robots\" content=\"index, follow, max-snippet:-1, max-image-preview:large, max-video-preview:-1\" \/>\n<link rel=\"canonical\" href=\"https:\/\/www.accademiaitaliana.com.br\/site\/wordpress\/depoimentos\/\" \/>\n<meta property=\"og:locale\" content=\"pt_BR\" \/>\n<meta property=\"og:type\" content=\"article\" \/>\n<meta property=\"og:title\" content=\"Depoimentos - Accademia Italiana Pellegrini\" \/>\n<meta property=\"og:url\" content=\"https:\/\/www.accademiaitaliana.com.br\/site\/wordpress\/depoimentos\/\" \/>\n<meta property=\"og:site_name\" content=\"Accademia Italiana Pellegrini\" \/>\n<meta property=\"article:publisher\" content=\"http:\/\/facebook.com\/accademiaitalianapellegrini\" \/>\n<meta property=\"article:modified_time\" content=\"2020-10-22T21:39:01+00:00\" \/>\n<meta name=\"twitter:card\" content=\"summary_large_image\" \/>\n<meta name=\"twitter:label1\" content=\"Est. tempo de leitura\" \/>\n\t<meta name=\"twitter:data1\" content=\"4 minutos\" \/>\n<script type=\"application\/ld+json\" class=\"yoast-schema-graph\">{\"@context\":\"https:\/\/schema.org\",\"@graph\":[{\"@type\":\"WebPage\",\"@id\":\"https:\/\/www.accademiaitaliana.com.br\/site\/wordpress\/depoimentos\/\",\"url\":\"https:\/\/www.accademiaitaliana.com.br\/site\/wordpress\/depoimentos\/\",\"name\":\"Depoimentos - Accademia Italiana Pellegrini\",\"isPartOf\":{\"@id\":\"https:\/\/www.accademiaitaliana.com.br\/site\/wordpress\/#website\"},\"datePublished\":\"2020-09-02T01:56:38+00:00\",\"dateModified\":\"2020-10-22T21:39:01+00:00\",\"breadcrumb\":{\"@id\":\"https:\/\/www.accademiaitaliana.com.br\/site\/wordpress\/depoimentos\/#breadcrumb\"},\"inLanguage\":\"pt-BR\",\"potentialAction\":[{\"@type\":\"ReadAction\",\"target\":[\"https:\/\/www.accademiaitaliana.com.br\/site\/wordpress\/depoimentos\/\"]}]},{\"@type\":\"BreadcrumbList\",\"@id\":\"https:\/\/www.accademiaitaliana.com.br\/site\/wordpress\/depoimentos\/#breadcrumb\",\"itemListElement\":[{\"@type\":\"ListItem\",\"position\":1,\"name\":\"Home\",\"item\":\"https:\/\/www.accademiaitaliana.com.br\/site\/wordpress\/\"},{\"@type\":\"ListItem\",\"position\":2,\"name\":\"Depoimentos\"}]},{\"@type\":\"WebSite\",\"@id\":\"https:\/\/www.accademiaitaliana.com.br\/site\/wordpress\/#website\",\"url\":\"https:\/\/www.accademiaitaliana.com.br\/site\/wordpress\/\",\"name\":\"Accademia Italiana Pellegrini\",\"description\":\"escola, italiano, aula, cultura italiana\",\"potentialAction\":[{\"@type\":\"SearchAction\",\"target\":{\"@type\":\"EntryPoint\",\"urlTemplate\":\"https:\/\/www.accademiaitaliana.com.br\/site\/wordpress\/?s={search_term_string}\"},\"query-input\":{\"@type\":\"PropertyValueSpecification\",\"valueRequired\":true,\"valueName\":\"search_term_string\"}}],\"inLanguage\":\"pt-BR\"}]}<\/script>\n<!-- \/ Yoast SEO plugin. -->","yoast_head_json":{"title":"Depoimentos - Accademia Italiana Pellegrini","robots":{"index":"index","follow":"follow","max-snippet":"max-snippet:-1","max-image-preview":"max-image-preview:large","max-video-preview":"max-video-preview:-1"},"canonical":"https:\/\/www.accademiaitaliana.com.br\/site\/wordpress\/depoimentos\/","og_locale":"pt_BR","og_type":"article","og_title":"Depoimentos - Accademia Italiana Pellegrini","og_url":"https:\/\/www.accademiaitaliana.com.br\/site\/wordpress\/depoimentos\/","og_site_name":"Accademia Italiana Pellegrini","article_publisher":"http:\/\/facebook.com\/accademiaitalianapellegrini","article_modified_time":"2020-10-22T21:39:01+00:00","twitter_card":"summary_large_image","twitter_misc":{"Est. tempo de leitura":"4 minutos"},"schema":{"@context":"https:\/\/schema.org","@graph":[{"@type":"WebPage","@id":"https:\/\/www.accademiaitaliana.com.br\/site\/wordpress\/depoimentos\/","url":"https:\/\/www.accademiaitaliana.com.br\/site\/wordpress\/depoimentos\/","name":"Depoimentos - Accademia Italiana Pellegrini","isPartOf":{"@id":"https:\/\/www.accademiaitaliana.com.br\/site\/wordpress\/#website"},"datePublished":"2020-09-02T01:56:38+00:00","dateModified":"2020-10-22T21:39:01+00:00","breadcrumb":{"@id":"https:\/\/www.accademiaitaliana.com.br\/site\/wordpress\/depoimentos\/#breadcrumb"},"inLanguage":"pt-BR","potentialAction":[{"@type":"ReadAction","target":["https:\/\/www.accademiaitaliana.com.br\/site\/wordpress\/depoimentos\/"]}]},{"@type":"BreadcrumbList","@id":"https:\/\/www.accademiaitaliana.com.br\/site\/wordpress\/depoimentos\/#breadcrumb","itemListElement":[{"@type":"ListItem","position":1,"name":"Home","item":"https:\/\/www.accademiaitaliana.com.br\/site\/wordpress\/"},{"@type":"ListItem","position":2,"name":"Depoimentos"}]},{"@type":"WebSite","@id":"https:\/\/www.accademiaitaliana.com.br\/site\/wordpress\/#website","url":"https:\/\/www.accademiaitaliana.com.br\/site\/wordpress\/","name":"Accademia Italiana Pellegrini","description":"escola, italiano, aula, cultura italiana","potentialAction":[{"@type":"SearchAction","target":{"@type":"EntryPoint","urlTemplate":"https:\/\/www.accademiaitaliana.com.br\/site\/wordpress\/?s={search_term_string}"},"query-input":{"@type":"PropertyValueSpecification","valueRequired":true,"valueName":"search_term_string"}}],"inLanguage":"pt-BR"}]}},"_links":{"self":[{"href":"https:\/\/www.accademiaitaliana.com.br\/site\/wordpress\/wp-json\/wp\/v2\/pages\/7363","targetHints":{"allow":["GET"]}}],"collection":[{"href":"https:\/\/www.accademiaitaliana.com.br\/site\/wordpress\/wp-json\/wp\/v2\/pages"}],"about":[{"href":"https:\/\/www.accademiaitaliana.com.br\/site\/wordpress\/wp-json\/wp\/v2\/types\/page"}],"author":[{"embeddable":true,"href":"https:\/\/www.accademiaitaliana.com.br\/site\/wordpress\/wp-json\/wp\/v2\/users\/1"}],"replies":[{"embeddable":true,"href":"https:\/\/www.accademiaitaliana.com.br\/site\/wordpress\/wp-json\/wp\/v2\/comments?post=7363"}],"version-history":[{"count":11,"href":"https:\/\/www.accademiaitaliana.com.br\/site\/wordpress\/wp-json\/wp\/v2\/pages\/7363\/revisions"}],"predecessor-version":[{"id":7569,"href":"https:\/\/www.accademiaitaliana.com.br\/site\/wordpress\/wp-json\/wp\/v2\/pages\/7363\/revisions\/7569"}],"wp:attachment":[{"href":"https:\/\/www.accademiaitaliana.com.br\/site\/wordpress\/wp-json\/wp\/v2\/media?parent=7363"}],"curies":[{"name":"wp","href":"https:\/\/api.w.org\/{rel}","templated":true}]}}