{"id":7343,"date":"2020-09-01T22:15:06","date_gmt":"2020-09-02T01:15:06","guid":{"rendered":"http:\/\/www.accademiaitaliana.siteoficial.ws\/site\/wordpress\/?page_id=7343"},"modified":"2020-10-06T21:23:38","modified_gmt":"2020-10-07T00:23:38","slug":"nossa-historia","status":"publish","type":"page","link":"https:\/\/www.accademiaitaliana.com.br\/site\/wordpress\/nossa-historia\/","title":{"rendered":"Nossa Hist\u00f3ria"},"content":{"rendered":"<style type=\"text\/css\"> \n#cmsmasters_row_69f1f35807b3e5_75655882 { \n\tbackground-image: url(https:\/\/www.accademiaitaliana.com.br\/site\/wordpress\/wp-content\/uploads\/2020\/10\/nossa_historia_2.jpg); \n\tbackground-position: center center; \n\tbackground-repeat: no-repeat; \n\tbackground-attachment: scroll; \n\tbackground-size: cover; \n} \n\n#cmsmasters_row_69f1f35807b3e5_75655882 .cmsmasters_row_outer_parent { \n\tpadding-top: 180px; \n} \n\n#cmsmasters_row_69f1f35807b3e5_75655882 .cmsmasters_row_outer_parent { \n\tpadding-bottom: 180px; \n} \n\n#cmsmasters_row_69f1f35807b3e5_75655882 .cmsmasters_row_overlay { \n\tbackground-color:rgba(37,37,49,0.1);\n} \n\n \n#cmsmasters_heading_69f1f35807fa33_10761808 { \n\ttext-align:center; \n\tmargin-top:70px; \n\tmargin-bottom:70px; \n} \n\n#cmsmasters_heading_69f1f35807fa33_10761808 .cmsmasters_heading { \n\ttext-align:center; \n} \n\n#cmsmasters_heading_69f1f35807fa33_10761808 .cmsmasters_heading, #cmsmasters_heading_69f1f35807fa33_10761808 .cmsmasters_heading a { \n\tfont-size:50px; \n\tline-height:90px; \n\tfont-weight:300; \n\tfont-style:normal; \n\tcolor:#ffffff;\n} \n\n#cmsmasters_heading_69f1f35807fa33_10761808 .cmsmasters_heading_divider { \n} \n\n \n#cmsmasters_row_69f1f358080ac0_71724112 .cmsmasters_row_outer_parent { \n\tpadding-top: 70px; \n} \n\n#cmsmasters_row_69f1f358080ac0_71724112 .cmsmasters_row_outer_parent { \n\tpadding-bottom: 60px; \n} \n\n \n#cmsmasters_divider_69f1f358081cc5_41242267 { \n\tborder-bottom-width:0px; \n\tborder-bottom-style:solid; \n\tpadding-top:15px; \n\tmargin-bottom:15px; \n} \n \n#cmsmasters_heading_69f1f358082080_09386700 { \n\ttext-align:left; \n\tmargin-top:0px; \n\tmargin-bottom:20px; \n} \n\n#cmsmasters_heading_69f1f358082080_09386700 .cmsmasters_heading { \n\ttext-align:left; \n} \n\n#cmsmasters_heading_69f1f358082080_09386700 .cmsmasters_heading, #cmsmasters_heading_69f1f358082080_09386700 .cmsmasters_heading a { \n\tfont-size:26px; \n\tfont-weight:300; \n\tfont-style:normal; \n} \n\n#cmsmasters_heading_69f1f358082080_09386700 .cmsmasters_heading_divider { \n} \n\n \n#cmsmasters_heading_69f1f3580821a8_87465012 { \n\ttext-align:left; \n\tmargin-top:0px; \n\tmargin-bottom:20px; \n} \n\n#cmsmasters_heading_69f1f3580821a8_87465012 .cmsmasters_heading { \n\ttext-align:left; \n} \n\n#cmsmasters_heading_69f1f3580821a8_87465012 .cmsmasters_heading, #cmsmasters_heading_69f1f3580821a8_87465012 .cmsmasters_heading a { \n\tfont-weight:300; \n\tfont-style:normal; \n} \n\n#cmsmasters_heading_69f1f3580821a8_87465012 .cmsmasters_heading_divider { \n} \n\n<\/style><div id=\"cmsmasters_row_69f1f35807b3e5_75655882\" class=\"cmsmasters_row cmsmasters_color_scheme_default cmsmasters_row_top_default cmsmasters_row_bot_default cmsmasters_row_boxed\">\n<div class=\"cmsmasters_row_outer_parent\">\n<div class=\"cmsmasters_row_overlay\"><\/div>\n<div class=\"cmsmasters_row_outer\">\n<div class=\"cmsmasters_row_inner\">\n<div class=\"cmsmasters_row_margin\">\n<div class=\"cmsmasters_column one_first\">\n\n<div id=\"cmsmasters_heading_69f1f35807fa33_10761808\" class=\"cmsmasters_heading_wrap cmsmasters_heading_align_center\">\n\t<h1 class=\"cmsmasters_heading\">Nossa Hist\u00f3ria<\/h1>\n<\/div>\n<\/div>\n<\/div>\n<\/div>\n<\/div>\n<\/div>\n<\/div>\n<div id=\"cmsmasters_row_69f1f358080ac0_71724112\" class=\"cmsmasters_row cmsmasters_color_scheme_default cmsmasters_row_top_default cmsmasters_row_bot_default cmsmasters_row_boxed\">\n<div class=\"cmsmasters_row_outer_parent\">\n<div class=\"cmsmasters_row_outer\">\n<div class=\"cmsmasters_row_inner\">\n<div class=\"cmsmasters_row_margin\">\n<div class=\"cmsmasters_column one_first\">\n\n<div id=\"cmsmasters_divider_69f1f358081cc5_41242267\" class=\"cl\"><\/div>\n\n<div id=\"cmsmasters_heading_69f1f358082080_09386700\" class=\"cmsmasters_heading_wrap cmsmasters_heading_align_left\">\n\t<h2 class=\"cmsmasters_heading cmsmasters-icon-history\">Hist\u00f3ria<\/h2>\n<\/div>\n<div id=\"cmsmasters_heading_69f1f3580821a8_87465012\" class=\"cmsmasters_heading_wrap cmsmasters_heading_align_left\">\n\t<h4 class=\"cmsmasters_heading\">O nosso desejo \u00e9 trazer a It\u00e1lia para perto de voc\u00ea<\/h4>\n<\/div><div class=\"cmsmasters_text\" data-animation=\"bounceInUp\" data-delay=\"0\">\n<p>A <strong>Accademia Italiana Pellegrini<\/strong> foi fundada pelo Prof. Pellegrini que em 1992 inaugura a escola no bairro Taquaral sob o nome de \u201cFlavio Pellegrini Lingua Italiana\u201d.<\/p>\n<p>Em 1994, come\u00e7am os primeiros programas de estudo e turismo na It\u00e1lia junto \u00e0 escola do Prof. Angelo Chiuchi\u00f9, em Assis, transformando assim a escola em um centro de l\u00edngua e cultura. O nome atual, Accademia Italiana Pellegrini, surge no in\u00edcio de 1998.<\/p>\n<p>No final dos anos \u201990 e in\u00edcio dos anos 2000, a Accademia muda de endere\u00e7o e se transfere numa casa do in\u00edcio s\u00e9culo passado, localizada na tradicional Rua Duque de Caxias, \u00e0 apenas dois quarteir\u00f5es do hospital Casa de Sa\u00fade de Campinas, fundada no ano de 1881 como <em>Circolo Italiani Uniti<\/em> com o objetivo de atender \u00e0s necessidades educacionais dos filhos dos imigrantes italianos e servir como Casa de Caridade e Centro Cultural para a comunidade \u00edtalo-brasileira de Campinas.<\/p>\n<p>Em 2006 a prof.a Ilaria Bisanti, italiana nata e formada em L\u00ednguas pela Universit\u00e0 di Lecce, It\u00e1lia, \u00e9 convidada a lecionar na Accademia. Em 2010 assume a coordena\u00e7\u00e3o did\u00e1tica e d\u00e1 in\u00edcio \u00e0 amplia\u00e7\u00e3o das atividades e servi\u00e7os oferecidos.<\/p>\n<p>Entre 2010 e 2016 a Accademia Italiana estabelece parcerias e acordos com v\u00e1rias empresas, universidades e institui\u00e7\u00f5es italianas e brasileiras, entre outras Pirelli, Magneti Marelli, Facamp, Universit\u00e0 di Venezia, Rotary, Edulingua, Campus Magnolie, Sociedade H\u00edpica de Campinas, Unimed.<\/p>\n<p>Em 2015 a profa Ilaria se torna s\u00f3cia e diretora did\u00e1tica da Accademia e, em 2018 o prof. Pellegrini se retira totalmente da Accademia para se dedicar a outros projetos.<\/p>\n<p>No mesmo ano acontece a primeira Festa cultural na sede da Accademia com o intuito de prestigiar a imigra\u00e7\u00e3o italiana no Brasil e o legado lingu\u00edstico, cultural e gastron\u00f4mico deixado por milh\u00f5es de italianos que cruzaram o oceano.<\/p>\n<p>A partir de 2016 at\u00e9 hoje, gra\u00e7as tamb\u00e9m ao apoio da Secretaria de Coopera\u00e7\u00e3o Internacional da Prefeitura de Campinas, dois eventos culturais se tornaram fixos na programa\u00e7\u00e3o da Accademia Italiana: <em>La Festa della Mortadella<\/em>, em mar\u00e7o e <em>La Festa della Polenta<\/em> em julho que, al\u00e9m de comida e m\u00fasica t\u00edpicas, oferecem apresenta\u00e7\u00f5es culturais ligadas \u00e0 l\u00edngua e cultura italiana.<\/p>\n<p>Em 2017 A Accademia Italiana Pellegrini e a <em>Universit\u00e0 Roma TRE<\/em> assinam o conv\u00eanio para a realiza\u00e7\u00e3o dos exames oficiais de profici\u00eancia em L\u00edngua Italiana; assim a Accademia Italiana \u00e9 a \u00fanica sede oficial em Campinas e regi\u00e3o, credenciada para realizar o exame cert.IT, exame de compet\u00eancia comunicativa na l\u00edngua italiana da <a href=\"https:\/\/l.facebook.com\/l.php?u=http%3A%2F%2Fwww.certificazioneitaliano.uniroma3.it%2F%3Ffbclid%3DIwAR0cPqlceCP8r7hWEfh2OdUb-_WLhUVslULFMMxamNCrOWgNfUoKjoZs7uQ&amp;h=AT0h2Kdgvkmte9lkM3ClUg1fBbCso-0AF6hCvaSlC8KBt6LALCWsJhFCL3Zc4id6_o0yjZcbtIvohF68iNX3Xk4_59vltCVEU1sNg1KtDJeDKdV_alned2F-oSlRSDs7keeiOnhlF6dJjPT69ntvlh16\"><em>Universit\u00e0 Roma Tre<\/em><\/a>, reconhecido pelo governo italiano.<\/p>\n<p>No ano de 2018 a Accademia \u00e9 tamb\u00e9m creditada pela <em>Universit\u00e0 di Perugia<\/em> para aplicar exames DILS-PG (<a href=\"https:\/\/l.facebook.com\/l.php?u=https%3A%2F%2Fwww.unistrapg.it%2Fit%2Fcertificati-di-conoscenza-della-lingua-italiana%2Fdils-pg-certificazione-didattica-dell-italiano-lingua-straniera%3Ffbclid%3DIwAR1vkSpCxt6giBXjixvwgvT_JFb-kUpqCe9sCuoiwws5J6yZV2DmJsgCdE0&amp;h=AT1gOxcImNtMeNkKRstZ__Q-krkB9Zc7JleqqKag2-c8vyPYoLVNn6LaEqe3HF5qIFGTxU2Chd0soLW8WHmF7XwJ1K45Bm7IpJjnsg30mPrEnysS0m4bpuBUrvgtiaop-ZXrAj76ayo\"><em>Certificazione in Didattica dell&#8217;Italiano come Lingua Straniera<\/em><\/a>) acrescentado mais um objetivo na difus\u00e3o da l\u00edngua e cultura italiana: ser centro de refer\u00eancia tamb\u00e9m no \u00e2mbito da forma\u00e7\u00e3o docente dos professores de l\u00edngua italiana.<\/p>\n<p>Em 2019 o <a href=\"https:\/\/l.facebook.com\/l.php?u=https%3A%2F%2Fconssanpaolo.esteri.it%2Fconsolato_sanpaolo%2Fpt%2Fi_servizi%2Fper_i_cittadini%2Fstudi%2Fcorsi_di_lingua%3Ffbclid%3DIwAR3ZQVnW34bIe6BW12OKrbJ8lzQCugbZPeWriuD6R1IyogfFnNQwzsWNNbc&amp;h=AT2zKkGc3SKJ8ubeeQWVtDSMio553v2X7yH2oixrmQYyI-paZg9fnWDt6pPLigv4S_YNRwc_hLLwQP_qzTOuipAKsz6aTL1i0JiIvoT29IvtqZl4rSApC8AcrseV0wOn_4TSaQlyx5g\">Consulado Italiano de S\u00e3o Paulo<\/a> indica a Accademia Italiana como centro oficial de ensino e promo\u00e7\u00e3o da l\u00edngua e cultura italiana no territ\u00f3rio brasileiro.<\/p>\n<p>Em 2020 a Accademia \u00e9 convidada pelo Consulado Italiano de S\u00e3o Paulo para participar do planejamento e organiza\u00e7\u00e3o da <em>20\u00aa Settimana della Lingua Italiana nel mondo, <\/em>evento nascido em 2001 de um acordo entre o Minist\u00e9rio de Rela\u00e7\u00f5es Exteriores e Coopera\u00e7\u00e3o Internacional da It\u00e1lia e a <a href=\"https:\/\/l.facebook.com\/l.php?u=https%3A%2F%2Fpt.wikipedia.org%2Fwiki%2FAccademia_della_Crusca%3Ffbclid%3DIwAR3NGgP22ELE2AeJbfyft1cwoXYcKq_nBoiQ6UDJkGDVn_EWvrJrUoQAwhY&amp;h=AT3pOE90bgUsCPkF4VDCFc2LZYTIZ3_wYXk96y3HcM8Cm8T4C-RcAE6isuM-DPEkOGp_7THM-2yOCX83t7C69uyc22rybBQgTBZImUweWeKxDEMQvDrI2QHxZiWF34kTSU38sN67Odg\"><em>Accademia della Crusca<\/em><\/a> com o objetivo de promover e difundir a l\u00edngua italiana no mundo.<\/p>\n<p>Ao longo destes anos, mais de 4.000 alunos frequentaram os cursos de l\u00edngua e cultura italiana da Accademia Italiana. Este \u00e9 o objetivo da Accademia Italiana Pellegrini: ser um polo difusor da l\u00edngua e da cultura italiana bem como uma refer\u00eancia para todos aqueles que desejam conhecer melhor o \u201c<em>Bel Paese<\/em>\u201d.<\/p>\n<p>O nosso desejo \u00e9 trazer a It\u00e1lia mais perto de voc\u00ea!<\/p>\n<\/div>\n<\/div>\n<\/div>\n<\/div>\n<\/div>\n<\/div>\n<\/div>\n\n","protected":false},"excerpt":{"rendered":"","protected":false},"author":1,"featured_media":0,"parent":0,"menu_order":0,"comment_status":"closed","ping_status":"open","template":"","meta":{"footnotes":""},"class_list":["post-7343","page","type-page","status-publish","hentry"],"yoast_head":"<!-- This site is optimized with the Yoast SEO plugin v27.2 - https:\/\/yoast.com\/product\/yoast-seo-wordpress\/ -->\n<title>Nossa Hist\u00f3ria - Accademia Italiana Pellegrini<\/title>\n<meta name=\"robots\" content=\"index, follow, max-snippet:-1, max-image-preview:large, max-video-preview:-1\" \/>\n<link rel=\"canonical\" href=\"https:\/\/www.accademiaitaliana.com.br\/site\/wordpress\/nossa-historia\/\" \/>\n<meta property=\"og:locale\" content=\"pt_BR\" \/>\n<meta property=\"og:type\" content=\"article\" \/>\n<meta property=\"og:title\" content=\"Nossa Hist\u00f3ria - Accademia Italiana Pellegrini\" \/>\n<meta property=\"og:url\" content=\"https:\/\/www.accademiaitaliana.com.br\/site\/wordpress\/nossa-historia\/\" \/>\n<meta property=\"og:site_name\" content=\"Accademia Italiana Pellegrini\" \/>\n<meta property=\"article:publisher\" content=\"http:\/\/facebook.com\/accademiaitalianapellegrini\" \/>\n<meta property=\"article:modified_time\" content=\"2020-10-07T00:23:38+00:00\" \/>\n<meta name=\"twitter:card\" content=\"summary_large_image\" \/>\n<meta name=\"twitter:label1\" content=\"Est. tempo de leitura\" \/>\n\t<meta name=\"twitter:data1\" content=\"4 minutos\" \/>\n<script type=\"application\/ld+json\" class=\"yoast-schema-graph\">{\"@context\":\"https:\/\/schema.org\",\"@graph\":[{\"@type\":\"WebPage\",\"@id\":\"https:\/\/www.accademiaitaliana.com.br\/site\/wordpress\/nossa-historia\/\",\"url\":\"https:\/\/www.accademiaitaliana.com.br\/site\/wordpress\/nossa-historia\/\",\"name\":\"Nossa Hist\u00f3ria - Accademia Italiana Pellegrini\",\"isPartOf\":{\"@id\":\"https:\/\/www.accademiaitaliana.com.br\/site\/wordpress\/#website\"},\"datePublished\":\"2020-09-02T01:15:06+00:00\",\"dateModified\":\"2020-10-07T00:23:38+00:00\",\"breadcrumb\":{\"@id\":\"https:\/\/www.accademiaitaliana.com.br\/site\/wordpress\/nossa-historia\/#breadcrumb\"},\"inLanguage\":\"pt-BR\",\"potentialAction\":[{\"@type\":\"ReadAction\",\"target\":[\"https:\/\/www.accademiaitaliana.com.br\/site\/wordpress\/nossa-historia\/\"]}]},{\"@type\":\"BreadcrumbList\",\"@id\":\"https:\/\/www.accademiaitaliana.com.br\/site\/wordpress\/nossa-historia\/#breadcrumb\",\"itemListElement\":[{\"@type\":\"ListItem\",\"position\":1,\"name\":\"Home\",\"item\":\"https:\/\/www.accademiaitaliana.com.br\/site\/wordpress\/\"},{\"@type\":\"ListItem\",\"position\":2,\"name\":\"Nossa Hist\u00f3ria\"}]},{\"@type\":\"WebSite\",\"@id\":\"https:\/\/www.accademiaitaliana.com.br\/site\/wordpress\/#website\",\"url\":\"https:\/\/www.accademiaitaliana.com.br\/site\/wordpress\/\",\"name\":\"Accademia Italiana Pellegrini\",\"description\":\"escola, italiano, aula, cultura italiana\",\"potentialAction\":[{\"@type\":\"SearchAction\",\"target\":{\"@type\":\"EntryPoint\",\"urlTemplate\":\"https:\/\/www.accademiaitaliana.com.br\/site\/wordpress\/?s={search_term_string}\"},\"query-input\":{\"@type\":\"PropertyValueSpecification\",\"valueRequired\":true,\"valueName\":\"search_term_string\"}}],\"inLanguage\":\"pt-BR\"}]}<\/script>\n<!-- \/ Yoast SEO plugin. -->","yoast_head_json":{"title":"Nossa Hist\u00f3ria - Accademia Italiana Pellegrini","robots":{"index":"index","follow":"follow","max-snippet":"max-snippet:-1","max-image-preview":"max-image-preview:large","max-video-preview":"max-video-preview:-1"},"canonical":"https:\/\/www.accademiaitaliana.com.br\/site\/wordpress\/nossa-historia\/","og_locale":"pt_BR","og_type":"article","og_title":"Nossa Hist\u00f3ria - Accademia Italiana Pellegrini","og_url":"https:\/\/www.accademiaitaliana.com.br\/site\/wordpress\/nossa-historia\/","og_site_name":"Accademia Italiana Pellegrini","article_publisher":"http:\/\/facebook.com\/accademiaitalianapellegrini","article_modified_time":"2020-10-07T00:23:38+00:00","twitter_card":"summary_large_image","twitter_misc":{"Est. tempo de leitura":"4 minutos"},"schema":{"@context":"https:\/\/schema.org","@graph":[{"@type":"WebPage","@id":"https:\/\/www.accademiaitaliana.com.br\/site\/wordpress\/nossa-historia\/","url":"https:\/\/www.accademiaitaliana.com.br\/site\/wordpress\/nossa-historia\/","name":"Nossa Hist\u00f3ria - Accademia Italiana Pellegrini","isPartOf":{"@id":"https:\/\/www.accademiaitaliana.com.br\/site\/wordpress\/#website"},"datePublished":"2020-09-02T01:15:06+00:00","dateModified":"2020-10-07T00:23:38+00:00","breadcrumb":{"@id":"https:\/\/www.accademiaitaliana.com.br\/site\/wordpress\/nossa-historia\/#breadcrumb"},"inLanguage":"pt-BR","potentialAction":[{"@type":"ReadAction","target":["https:\/\/www.accademiaitaliana.com.br\/site\/wordpress\/nossa-historia\/"]}]},{"@type":"BreadcrumbList","@id":"https:\/\/www.accademiaitaliana.com.br\/site\/wordpress\/nossa-historia\/#breadcrumb","itemListElement":[{"@type":"ListItem","position":1,"name":"Home","item":"https:\/\/www.accademiaitaliana.com.br\/site\/wordpress\/"},{"@type":"ListItem","position":2,"name":"Nossa Hist\u00f3ria"}]},{"@type":"WebSite","@id":"https:\/\/www.accademiaitaliana.com.br\/site\/wordpress\/#website","url":"https:\/\/www.accademiaitaliana.com.br\/site\/wordpress\/","name":"Accademia Italiana Pellegrini","description":"escola, italiano, aula, cultura italiana","potentialAction":[{"@type":"SearchAction","target":{"@type":"EntryPoint","urlTemplate":"https:\/\/www.accademiaitaliana.com.br\/site\/wordpress\/?s={search_term_string}"},"query-input":{"@type":"PropertyValueSpecification","valueRequired":true,"valueName":"search_term_string"}}],"inLanguage":"pt-BR"}]}},"_links":{"self":[{"href":"https:\/\/www.accademiaitaliana.com.br\/site\/wordpress\/wp-json\/wp\/v2\/pages\/7343","targetHints":{"allow":["GET"]}}],"collection":[{"href":"https:\/\/www.accademiaitaliana.com.br\/site\/wordpress\/wp-json\/wp\/v2\/pages"}],"about":[{"href":"https:\/\/www.accademiaitaliana.com.br\/site\/wordpress\/wp-json\/wp\/v2\/types\/page"}],"author":[{"embeddable":true,"href":"https:\/\/www.accademiaitaliana.com.br\/site\/wordpress\/wp-json\/wp\/v2\/users\/1"}],"replies":[{"embeddable":true,"href":"https:\/\/www.accademiaitaliana.com.br\/site\/wordpress\/wp-json\/wp\/v2\/comments?post=7343"}],"version-history":[{"count":3,"href":"https:\/\/www.accademiaitaliana.com.br\/site\/wordpress\/wp-json\/wp\/v2\/pages\/7343\/revisions"}],"predecessor-version":[{"id":7477,"href":"https:\/\/www.accademiaitaliana.com.br\/site\/wordpress\/wp-json\/wp\/v2\/pages\/7343\/revisions\/7477"}],"wp:attachment":[{"href":"https:\/\/www.accademiaitaliana.com.br\/site\/wordpress\/wp-json\/wp\/v2\/media?parent=7343"}],"curies":[{"name":"wp","href":"https:\/\/api.w.org\/{rel}","templated":true}]}}