{"id":7337,"date":"2020-09-01T22:02:17","date_gmt":"2020-09-02T01:02:17","guid":{"rendered":"http:\/\/www.accademiaitaliana.siteoficial.ws\/site\/wordpress\/?page_id=7337"},"modified":"2020-09-01T22:12:30","modified_gmt":"2020-09-02T01:12:30","slug":"servicos","status":"publish","type":"page","link":"https:\/\/www.accademiaitaliana.com.br\/site\/wordpress\/servicos\/","title":{"rendered":"Servi\u00e7os"},"content":{"rendered":"<style type=\"text\/css\"> \n#cmsmasters_row_69f1f33b0ea1e6_36368127 { \n\tbackground-image: url(https:\/\/www.accademiaitaliana.com.br\/site\/wordpress\/wp-content\/uploads\/2020\/08\/accad_banner.jpg); \n\tbackground-position: center center; \n\tbackground-repeat: no-repeat; \n\tbackground-attachment: scroll; \n\tbackground-size: cover; \n} \n\n#cmsmasters_row_69f1f33b0ea1e6_36368127 .cmsmasters_row_outer_parent { \n\tpadding-top: 180px; \n} \n\n#cmsmasters_row_69f1f33b0ea1e6_36368127 .cmsmasters_row_outer_parent { \n\tpadding-bottom: 180px; \n} \n\n#cmsmasters_row_69f1f33b0ea1e6_36368127 .cmsmasters_row_overlay { \n\tbackground-color:rgba(37,37,49,0.1);\n} \n\n \n#cmsmasters_heading_69f1f33b0ed162_25047134 { \n\ttext-align:center; \n\tmargin-top:70px; \n\tmargin-bottom:70px; \n} \n\n#cmsmasters_heading_69f1f33b0ed162_25047134 .cmsmasters_heading { \n\ttext-align:center; \n} \n\n#cmsmasters_heading_69f1f33b0ed162_25047134 .cmsmasters_heading, #cmsmasters_heading_69f1f33b0ed162_25047134 .cmsmasters_heading a { \n\tfont-size:50px; \n\tline-height:90px; \n\tfont-weight:300; \n\tfont-style:normal; \n\tcolor:#ffffff;\n} \n\n#cmsmasters_heading_69f1f33b0ed162_25047134 .cmsmasters_heading_divider { \n} \n\n \n#cmsmasters_row_69f1f33b0ee193_02007430 .cmsmasters_row_outer_parent { \n\tpadding-top: 0px; \n} \n\n#cmsmasters_row_69f1f33b0ee193_02007430 .cmsmasters_row_outer_parent { \n\tpadding-bottom: 0px; \n} \n\n \n#cmsmasters_divider_69f1f33b0eed16_83142711 { \n\tborder-bottom-width:0px; \n\tborder-bottom-style:solid; \n\tpadding-top:20px; \n\tmargin-bottom:20px; \n} \n<\/style><div id=\"cmsmasters_row_69f1f33b0ea1e6_36368127\" class=\"cmsmasters_row cmsmasters_color_scheme_default cmsmasters_row_top_default cmsmasters_row_bot_default cmsmasters_row_boxed\">\n<div class=\"cmsmasters_row_outer_parent\">\n<div class=\"cmsmasters_row_overlay\"><\/div>\n<div class=\"cmsmasters_row_outer\">\n<div class=\"cmsmasters_row_inner\">\n<div class=\"cmsmasters_row_margin\">\n<div class=\"cmsmasters_column one_first\">\n\n<div id=\"cmsmasters_heading_69f1f33b0ed162_25047134\" class=\"cmsmasters_heading_wrap cmsmasters_heading_align_center\">\n\t<h1 class=\"cmsmasters_heading\">Servi\u00e7os<\/h1>\n<\/div>\n<\/div>\n<\/div>\n<\/div>\n<\/div>\n<\/div>\n<\/div>\n<div id=\"cmsmasters_row_69f1f33b0ee193_02007430\" class=\"cmsmasters_row cmsmasters_color_scheme_default cmsmasters_row_top_default cmsmasters_row_bot_default cmsmasters_row_boxed\">\n<div class=\"cmsmasters_row_outer_parent\">\n<div class=\"cmsmasters_row_outer\">\n<div class=\"cmsmasters_row_inner\">\n<div class=\"cmsmasters_row_margin\">\n<div class=\"cmsmasters_column one_first\">\n\n<div id=\"cmsmasters_divider_69f1f33b0eed16_83142711\" class=\"cl\"><\/div><div class=\"cmsmasters_text\">\n<p>Diretamente ou por interm\u00e9dio de parceiros no Brasil e It\u00e1lia, prestamos todo tipo de servi\u00e7o vinculado \u00e0 l\u00edngua e cultura italiana:<\/p>\n<ul>\n<li>Cursos regulares de l\u00edngua e cultura italiana, nas modalidades presencial ou online;<\/li>\n<li>Cursos de l\u00edngua e cultura italiana na It\u00e1lia;<\/li>\n<li>Cursos intensivos e preparat\u00f3rios para profici\u00eancia e viagens de lazer ou trabalho;<\/li>\n<li>Cursos In Company;<\/li>\n<li>Interc\u00e2mbio na It\u00e1lia para cursos de gradua\u00e7\u00e3o e p\u00f3s gradua\u00e7\u00e3o;<\/li>\n<li>Cursos para forma\u00e7\u00e3o de professores de L\u00edngua Italiana<\/li>\n<li>Eventos culturais e de gastronomia italiana;<\/li>\n<li>Excurs\u00f5es<\/li>\n<li>Tradu\u00e7\u00f5es de todos os tipos, inclusive simult\u00e2nea e juramentada<\/li>\n<li>Assessoria e acompanhamento nos Processos de reconhecimento de cidadania italiana.<\/li>\n<\/ul>\n<p>Entre em contato conosco : <a href=\"mailto:info@accademiaitaliana.com.br\">info@accademiaitaliana.com.br<\/a><\/p>\n<\/div>\n<\/div>\n<\/div>\n<\/div>\n<\/div>\n<\/div>\n<\/div>\n\n","protected":false},"excerpt":{"rendered":"","protected":false},"author":1,"featured_media":0,"parent":0,"menu_order":0,"comment_status":"closed","ping_status":"open","template":"","meta":{"footnotes":""},"class_list":["post-7337","page","type-page","status-publish","hentry"],"yoast_head":"<!-- This site is optimized with the Yoast SEO plugin v27.2 - https:\/\/yoast.com\/product\/yoast-seo-wordpress\/ -->\n<title>Servi\u00e7os - Accademia Italiana Pellegrini<\/title>\n<meta name=\"robots\" content=\"index, follow, max-snippet:-1, max-image-preview:large, max-video-preview:-1\" \/>\n<link rel=\"canonical\" href=\"https:\/\/www.accademiaitaliana.com.br\/site\/wordpress\/servicos\/\" \/>\n<meta property=\"og:locale\" content=\"pt_BR\" \/>\n<meta property=\"og:type\" content=\"article\" \/>\n<meta property=\"og:title\" content=\"Servi\u00e7os - Accademia Italiana Pellegrini\" \/>\n<meta property=\"og:url\" content=\"https:\/\/www.accademiaitaliana.com.br\/site\/wordpress\/servicos\/\" \/>\n<meta property=\"og:site_name\" content=\"Accademia Italiana Pellegrini\" \/>\n<meta property=\"article:publisher\" content=\"http:\/\/facebook.com\/accademiaitalianapellegrini\" \/>\n<meta property=\"article:modified_time\" content=\"2020-09-02T01:12:30+00:00\" \/>\n<meta name=\"twitter:card\" content=\"summary_large_image\" \/>\n<meta name=\"twitter:label1\" content=\"Est. tempo de leitura\" \/>\n\t<meta name=\"twitter:data1\" content=\"1 minuto\" \/>\n<script type=\"application\/ld+json\" class=\"yoast-schema-graph\">{\"@context\":\"https:\/\/schema.org\",\"@graph\":[{\"@type\":\"WebPage\",\"@id\":\"https:\/\/www.accademiaitaliana.com.br\/site\/wordpress\/servicos\/\",\"url\":\"https:\/\/www.accademiaitaliana.com.br\/site\/wordpress\/servicos\/\",\"name\":\"Servi\u00e7os - Accademia Italiana Pellegrini\",\"isPartOf\":{\"@id\":\"https:\/\/www.accademiaitaliana.com.br\/site\/wordpress\/#website\"},\"datePublished\":\"2020-09-02T01:02:17+00:00\",\"dateModified\":\"2020-09-02T01:12:30+00:00\",\"breadcrumb\":{\"@id\":\"https:\/\/www.accademiaitaliana.com.br\/site\/wordpress\/servicos\/#breadcrumb\"},\"inLanguage\":\"pt-BR\",\"potentialAction\":[{\"@type\":\"ReadAction\",\"target\":[\"https:\/\/www.accademiaitaliana.com.br\/site\/wordpress\/servicos\/\"]}]},{\"@type\":\"BreadcrumbList\",\"@id\":\"https:\/\/www.accademiaitaliana.com.br\/site\/wordpress\/servicos\/#breadcrumb\",\"itemListElement\":[{\"@type\":\"ListItem\",\"position\":1,\"name\":\"Home\",\"item\":\"https:\/\/www.accademiaitaliana.com.br\/site\/wordpress\/\"},{\"@type\":\"ListItem\",\"position\":2,\"name\":\"Servi\u00e7os\"}]},{\"@type\":\"WebSite\",\"@id\":\"https:\/\/www.accademiaitaliana.com.br\/site\/wordpress\/#website\",\"url\":\"https:\/\/www.accademiaitaliana.com.br\/site\/wordpress\/\",\"name\":\"Accademia Italiana Pellegrini\",\"description\":\"escola, italiano, aula, cultura italiana\",\"potentialAction\":[{\"@type\":\"SearchAction\",\"target\":{\"@type\":\"EntryPoint\",\"urlTemplate\":\"https:\/\/www.accademiaitaliana.com.br\/site\/wordpress\/?s={search_term_string}\"},\"query-input\":{\"@type\":\"PropertyValueSpecification\",\"valueRequired\":true,\"valueName\":\"search_term_string\"}}],\"inLanguage\":\"pt-BR\"}]}<\/script>\n<!-- \/ Yoast SEO plugin. -->","yoast_head_json":{"title":"Servi\u00e7os - Accademia Italiana Pellegrini","robots":{"index":"index","follow":"follow","max-snippet":"max-snippet:-1","max-image-preview":"max-image-preview:large","max-video-preview":"max-video-preview:-1"},"canonical":"https:\/\/www.accademiaitaliana.com.br\/site\/wordpress\/servicos\/","og_locale":"pt_BR","og_type":"article","og_title":"Servi\u00e7os - Accademia Italiana Pellegrini","og_url":"https:\/\/www.accademiaitaliana.com.br\/site\/wordpress\/servicos\/","og_site_name":"Accademia Italiana Pellegrini","article_publisher":"http:\/\/facebook.com\/accademiaitalianapellegrini","article_modified_time":"2020-09-02T01:12:30+00:00","twitter_card":"summary_large_image","twitter_misc":{"Est. tempo de leitura":"1 minuto"},"schema":{"@context":"https:\/\/schema.org","@graph":[{"@type":"WebPage","@id":"https:\/\/www.accademiaitaliana.com.br\/site\/wordpress\/servicos\/","url":"https:\/\/www.accademiaitaliana.com.br\/site\/wordpress\/servicos\/","name":"Servi\u00e7os - Accademia Italiana Pellegrini","isPartOf":{"@id":"https:\/\/www.accademiaitaliana.com.br\/site\/wordpress\/#website"},"datePublished":"2020-09-02T01:02:17+00:00","dateModified":"2020-09-02T01:12:30+00:00","breadcrumb":{"@id":"https:\/\/www.accademiaitaliana.com.br\/site\/wordpress\/servicos\/#breadcrumb"},"inLanguage":"pt-BR","potentialAction":[{"@type":"ReadAction","target":["https:\/\/www.accademiaitaliana.com.br\/site\/wordpress\/servicos\/"]}]},{"@type":"BreadcrumbList","@id":"https:\/\/www.accademiaitaliana.com.br\/site\/wordpress\/servicos\/#breadcrumb","itemListElement":[{"@type":"ListItem","position":1,"name":"Home","item":"https:\/\/www.accademiaitaliana.com.br\/site\/wordpress\/"},{"@type":"ListItem","position":2,"name":"Servi\u00e7os"}]},{"@type":"WebSite","@id":"https:\/\/www.accademiaitaliana.com.br\/site\/wordpress\/#website","url":"https:\/\/www.accademiaitaliana.com.br\/site\/wordpress\/","name":"Accademia Italiana Pellegrini","description":"escola, italiano, aula, cultura italiana","potentialAction":[{"@type":"SearchAction","target":{"@type":"EntryPoint","urlTemplate":"https:\/\/www.accademiaitaliana.com.br\/site\/wordpress\/?s={search_term_string}"},"query-input":{"@type":"PropertyValueSpecification","valueRequired":true,"valueName":"search_term_string"}}],"inLanguage":"pt-BR"}]}},"_links":{"self":[{"href":"https:\/\/www.accademiaitaliana.com.br\/site\/wordpress\/wp-json\/wp\/v2\/pages\/7337","targetHints":{"allow":["GET"]}}],"collection":[{"href":"https:\/\/www.accademiaitaliana.com.br\/site\/wordpress\/wp-json\/wp\/v2\/pages"}],"about":[{"href":"https:\/\/www.accademiaitaliana.com.br\/site\/wordpress\/wp-json\/wp\/v2\/types\/page"}],"author":[{"embeddable":true,"href":"https:\/\/www.accademiaitaliana.com.br\/site\/wordpress\/wp-json\/wp\/v2\/users\/1"}],"replies":[{"embeddable":true,"href":"https:\/\/www.accademiaitaliana.com.br\/site\/wordpress\/wp-json\/wp\/v2\/comments?post=7337"}],"version-history":[{"count":4,"href":"https:\/\/www.accademiaitaliana.com.br\/site\/wordpress\/wp-json\/wp\/v2\/pages\/7337\/revisions"}],"predecessor-version":[{"id":7342,"href":"https:\/\/www.accademiaitaliana.com.br\/site\/wordpress\/wp-json\/wp\/v2\/pages\/7337\/revisions\/7342"}],"wp:attachment":[{"href":"https:\/\/www.accademiaitaliana.com.br\/site\/wordpress\/wp-json\/wp\/v2\/media?parent=7337"}],"curies":[{"name":"wp","href":"https:\/\/api.w.org\/{rel}","templated":true}]}}