{"id":7251,"date":"2020-08-11T20:19:27","date_gmt":"2020-08-11T23:19:27","guid":{"rendered":"http:\/\/www.accademiaitaliana.siteoficial.ws\/site\/wordpress\/?page_id=7251"},"modified":"2020-10-22T18:54:58","modified_gmt":"2020-10-22T21:54:58","slug":"parcerias","status":"publish","type":"page","link":"https:\/\/www.accademiaitaliana.com.br\/site\/wordpress\/parcerias\/","title":{"rendered":"Parcerias"},"content":{"rendered":"<style type=\"text\/css\"> \n#cmsmasters_row_69f1f35807ae96_31747163 { \n\tbackground-image: url(https:\/\/www.accademiaitaliana.com.br\/site\/wordpress\/wp-content\/uploads\/2020\/08\/parceria_opaque1.jpg); \n\tbackground-position: center center; \n\tbackground-repeat: no-repeat; \n\tbackground-attachment: scroll; \n\tbackground-size: cover; \n} \n\n#cmsmasters_row_69f1f35807ae96_31747163 .cmsmasters_row_outer_parent { \n\tpadding-top: 180px; \n} \n\n#cmsmasters_row_69f1f35807ae96_31747163 .cmsmasters_row_outer_parent { \n\tpadding-bottom: 180px; \n} \n\n#cmsmasters_row_69f1f35807ae96_31747163 .cmsmasters_row_overlay { \n\tbackground-color:rgba(37,37,49,0.1);\n} \n\n \n#cmsmasters_heading_69f1f35807dd64_08764696 { \n\ttext-align:center; \n\tmargin-top:70px; \n\tmargin-bottom:70px; \n} \n\n#cmsmasters_heading_69f1f35807dd64_08764696 .cmsmasters_heading { \n\ttext-align:center; \n} \n\n#cmsmasters_heading_69f1f35807dd64_08764696 .cmsmasters_heading, #cmsmasters_heading_69f1f35807dd64_08764696 .cmsmasters_heading a { \n\tfont-size:50px; \n\tline-height:90px; \n\tfont-weight:300; \n\tfont-style:normal; \n\tcolor:#ffffff;\n} \n\n#cmsmasters_heading_69f1f35807dd64_08764696 .cmsmasters_heading_divider { \n} \n\n \n#cmsmasters_row_69f1f35807ed93_11836274 .cmsmasters_row_outer_parent { \n\tpadding-top: 50px; \n} \n\n#cmsmasters_row_69f1f35807ed93_11836274 .cmsmasters_row_outer_parent { \n\tpadding-bottom: 10px; \n} \n\n \n#cmsmasters_heading_69f1f358080405_10681904 { \n\ttext-align:left; \n\tmargin-top:0px; \n\tmargin-bottom:20px; \n} \n\n#cmsmasters_heading_69f1f358080405_10681904 .cmsmasters_heading { \n\ttext-align:left; \n} \n\n#cmsmasters_heading_69f1f358080405_10681904 .cmsmasters_heading, #cmsmasters_heading_69f1f358080405_10681904 .cmsmasters_heading a { \n\tfont-size:26px; \n\tfont-weight:300; \n\tfont-style:normal; \n} \n\n#cmsmasters_heading_69f1f358080405_10681904 .cmsmasters_heading_divider { \n} \n\n \n#cmsmasters_tabs_list_item_69f1f358082514_81454118.current_tab:before { \n\tbackground-color:#1219e5;\n} \n\n#cmsmasters_tabs_list_item_69f1f358086ba1_54239245.current_tab:before { \n\tbackground-color:#01a2a5;\n} \n\n#cmsmasters_tabs_list_item_69f1f358088374_61812862.current_tab:before { \n\tbackground-color:#02c92d;\n} \n\n#cmsmasters_tabs_list_item_69f1f358089255_22858193.current_tab:before { \n\tbackground-color:#000000;\n} \n\n#cmsmasters_tabs_list_item_69f1f35808b472_08640136.current_tab:before { \n\tbackground-color:#5173a6;\n} \n\n#cmsmasters_tabs_list_item_69f1f35808d833_42881708.current_tab:before { \n\tbackground-color:#d43c18;\n} \n\n#cmsmasters_tabs_list_item_69f1f35808f2b7_46108767.current_tab:before { \n\tbackground-color:#269e0e;\n} \n \n#cmsmasters_divider_69f1f358086695_99153544 { \n\tborder-bottom-width:0px; \n\tborder-bottom-style:solid; \n\tpadding-top:10px; \n\tmargin-bottom:10px; \n} \n \n#cmsmasters_divider_69f1f358088061_22794208 { \n\tborder-bottom-width:0px; \n\tborder-bottom-style:solid; \n\tpadding-top:10px; \n\tmargin-bottom:10px; \n} \n \n#cmsmasters_divider_69f1f358089007_05573073 { \n\tborder-bottom-width:0px; \n\tborder-bottom-style:solid; \n\tpadding-top:10px; \n\tmargin-bottom:10px; \n} \n \n#cmsmasters_divider_69f1f35808b106_08548543 { \n\tborder-bottom-width:0px; \n\tborder-bottom-style:solid; \n\tpadding-top:10px; \n\tmargin-bottom:10px; \n} \n \n#cmsmasters_divider_69f1f35808d0c8_69392766 { \n\tborder-bottom-width:0px; \n\tborder-bottom-style:solid; \n\tpadding-top:10px; \n\tmargin-bottom:10px; \n} \n \n#cmsmasters_divider_69f1f35808eec2_39067499 { \n\tborder-bottom-width:0px; \n\tborder-bottom-style:solid; \n\tpadding-top:10px; \n\tmargin-bottom:10px; \n} \n \n#cmsmasters_divider_69f1f3580903c3_68464839 { \n\tborder-bottom-width:0px; \n\tborder-bottom-style:solid; \n\tpadding-top:10px; \n\tmargin-bottom:10px; \n} \n \n#cmsmasters_divider_69f1f358093f92_63847704 { \n\tborder-bottom-width:1px; \n\tborder-bottom-style:solid; \n\tpadding-top:30px; \n\tmargin-bottom:10px; \n} \n \n#cmsmasters_row_69f1f3580944d5_28426962 .cmsmasters_row_outer_parent { \n\tpadding-top: 0px; \n} \n\n#cmsmasters_row_69f1f3580944d5_28426962 .cmsmasters_row_outer_parent { \n\tpadding-bottom: 0px; \n} \n\n \n#cmsmasters_heading_69f1f358095501_71083358 { \n\ttext-align:left; \n\tmargin-top:0px; \n\tmargin-bottom:20px; \n} \n\n#cmsmasters_heading_69f1f358095501_71083358 .cmsmasters_heading { \n\ttext-align:left; \n} \n\n#cmsmasters_heading_69f1f358095501_71083358 .cmsmasters_heading, #cmsmasters_heading_69f1f358095501_71083358 .cmsmasters_heading a { \n\tfont-size:26px; \n\tfont-weight:300; \n\tfont-style:normal; \n} \n\n#cmsmasters_heading_69f1f358095501_71083358 .cmsmasters_heading_divider { \n} \n\n \n#cmsmasters_divider_69f1f3580959e7_82977813 { \n\tborder-bottom-width:1px; \n\tborder-bottom-style:solid; \n\tpadding-top:30px; \n\tmargin-bottom:10px; \n} \n \n#cmsmasters_row_69f1f358095c13_11769659 .cmsmasters_row_outer_parent { \n\tpadding-top: 0px; \n} \n\n#cmsmasters_row_69f1f358095c13_11769659 .cmsmasters_row_outer_parent { \n\tpadding-bottom: 0px; \n} \n\n \n#cmsmasters_heading_69f1f3580966d0_67999081 { \n\ttext-align:left; \n\tmargin-top:0px; \n\tmargin-bottom:20px; \n} \n\n#cmsmasters_heading_69f1f3580966d0_67999081 .cmsmasters_heading { \n\ttext-align:left; \n} \n\n#cmsmasters_heading_69f1f3580966d0_67999081 .cmsmasters_heading, #cmsmasters_heading_69f1f3580966d0_67999081 .cmsmasters_heading a { \n\tfont-size:26px; \n\tfont-weight:300; \n\tfont-style:normal; \n} \n\n#cmsmasters_heading_69f1f3580966d0_67999081 .cmsmasters_heading_divider { \n} \n\n<\/style><div id=\"cmsmasters_row_69f1f35807ae96_31747163\" class=\"cmsmasters_row cmsmasters_color_scheme_default cmsmasters_row_top_default cmsmasters_row_bot_default cmsmasters_row_boxed\">\n<div class=\"cmsmasters_row_outer_parent\">\n<div class=\"cmsmasters_row_overlay\"><\/div>\n<div class=\"cmsmasters_row_outer\">\n<div class=\"cmsmasters_row_inner\">\n<div class=\"cmsmasters_row_margin\">\n<div class=\"cmsmasters_column one_first\">\n\n<div id=\"cmsmasters_heading_69f1f35807dd64_08764696\" class=\"cmsmasters_heading_wrap cmsmasters_heading_align_center\">\n\t<h1 class=\"cmsmasters_heading cmsmasters-icon-refresh-alt\">Parcerias<\/h1>\n<\/div>\n<\/div>\n<\/div>\n<\/div>\n<\/div>\n<\/div>\n<\/div>\n<div id=\"cmsmasters_row_69f1f35807ed93_11836274\" class=\"cmsmasters_row cmsmasters_color_scheme_default cmsmasters_row_top_default cmsmasters_row_bot_default cmsmasters_row_boxed\">\n<div class=\"cmsmasters_row_outer_parent\">\n<div class=\"cmsmasters_row_outer\">\n<div class=\"cmsmasters_row_inner\">\n<div class=\"cmsmasters_row_margin\">\n<div class=\"cmsmasters_column one_first\">\n\n<div id=\"cmsmasters_heading_69f1f358080405_10681904\" class=\"cmsmasters_heading_wrap cmsmasters_heading_align_left\">\n\t<h2 class=\"cmsmasters_heading cmsmasters-icon-dollar\">Parcerias com desconto<\/h2>\n<\/div><div class=\"cmsmasters_text\" data-animation=\"bounceInUp\" data-delay=\"0\">\n<p>A <strong>Accademia Italiana Pellegrini<\/strong> sempre valorizou as parcerias pois entende que o apoio m\u00fatuo gera beneficio a todos e ao longo de todos estes anos, desenvolveu parcerias de descontos e conv\u00eanios com v\u00e1rias empresas e institui\u00e7\u00f5es.<\/p>\n<p>Conhe\u00e7a nossos parceiros e venha ser nosso parceiro voc\u00ea tamb\u00e9m.<\/p>\n<p>&nbsp;<\/p>\n<\/div>\n \n<div class=\"cmsmasters_tabs tabs_mode_tour tabs_pos_left\">\n<ul class=\"cmsmasters_tabs_list\">\n<li id=\"cmsmasters_tabs_list_item_69f1f358082514_81454118\" class=\"cmsmasters_tabs_list_item current_tab\">\n<a href=\"#\">\n<span>IBM<\/span>\n<\/a>\n<\/li><li id=\"cmsmasters_tabs_list_item_69f1f358086ba1_54239245\" class=\"cmsmasters_tabs_list_item\">\n<a href=\"#\">\n<span>Sociedade H\u00edpica de Campinas<\/span>\n<\/a>\n<\/li><li id=\"cmsmasters_tabs_list_item_69f1f358088374_61812862\" class=\"cmsmasters_tabs_list_item\">\n<a href=\"#\">\n<span>Unimed Campinas<\/span>\n<\/a>\n<\/li><li id=\"cmsmasters_tabs_list_item_69f1f358089255_22858193\" class=\"cmsmasters_tabs_list_item\">\n<a href=\"#\">\n<span>T\u00eanis Clube Campinas<\/span>\n<\/a>\n<\/li><li id=\"cmsmasters_tabs_list_item_69f1f35808b472_08640136\" class=\"cmsmasters_tabs_list_item\">\n<a href=\"#\">\n<span>FACAMP<\/span>\n<\/a>\n<\/li><li id=\"cmsmasters_tabs_list_item_69f1f35808d833_42881708\" class=\"cmsmasters_tabs_list_item\">\n<a href=\"#\">\n<span>CMB Imobili\u00e1ria<\/span>\n<\/a>\n<\/li><li id=\"cmsmasters_tabs_list_item_69f1f35808f2b7_46108767\" class=\"cmsmasters_tabs_list_item\">\n<a href=\"#\">\n<span>GNB (Grupo de Neg\u00f3cios Bugrinos)<\/span>\n<\/a>\n<\/li><li id=\"cmsmasters_tabs_list_item_69f1f358090730_91392146\" class=\"cmsmasters_tabs_list_item\">\n<a href=\"#\">\n<span>Serasa<\/span>\n<\/a>\n<\/li><\/ul>\n<div class=\"cmsmasters_tabs_wrap\">\n<div id=\"cmsmasters_tab_69f1f358082514_81454118\" class=\"cmsmasters_tab active_tab\">\n<div class=\"cmsmasters_tab_inner\">\n<div class=\"cmsmasters_img  cmsmasters_image_l\">\n<img decoding=\"async\" src=\"https:\/\/www.accademiaitaliana.com.br\/site\/wordpress\/wp-content\/uploads\/2020\/08\/ibm_logo.png\" \/>\n<\/div>\n\n<div id=\"cmsmasters_divider_69f1f358086695_99153544\" class=\"cl\"><\/div>\n<p>Funcion\u00e1rios IBM, bem como seu dependentes, tem direito a:<\/p>\n<ul>\n<li>Desconto de 20% na(s) mensalidades dos curso(s)\u00a0de l\u00edngua e cultura italiana de aulas em <strong>GRUPO em turmas formadas por no m\u00ednimo 7 Funcion\u00e1rios IBM.<\/strong><\/li>\n<li>Desconto de 10% na(s) mensalidades dos curso(s)\u00a0<strong>de aulas INDIVIDUAIS, SEMI-INDIVIDUAIS (at\u00e9 3 alunos)<\/strong>e\u00a0<strong>ON-LINE<\/strong>.<\/li>\n<li>Desconto de 10% na(s) mensalidades dos curso(s)<strong>de aulas em GRUPO nas turmas em andamento ou iniciantes que estejam formadas tamb\u00e9m com outros alunos (n\u00e3o funcion\u00e1rios IBM).<\/strong><\/li>\n<\/ul>\n<p><strong>(esse desconto n\u00e3o \u00e9 cumulativo com os outros oferecidos)<\/strong><\/p>\n<\/div>\n<\/div><div id=\"cmsmasters_tab_69f1f358086ba1_54239245\" class=\"cmsmasters_tab\">\n<div class=\"cmsmasters_tab_inner\">\n<div class=\"cmsmasters_img  cmsmasters_image_l\">\n<img decoding=\"async\" src=\"https:\/\/www.accademiaitaliana.com.br\/site\/wordpress\/wp-content\/uploads\/2020\/08\/logo_hipica_avatar_960px.png\" \/>\n<\/div>\n\n<div id=\"cmsmasters_divider_69f1f358088061_22794208\" class=\"cl\"><\/div>\n<p>Associados da SHC bem como seus dependentes, tem direito a:<\/p>\n<ul>\n<li>Desconto de 20% na(s) mensalidade(s) dos curso(s) em GRUPO nas turmas novas com n\u00famero m\u00ednimo de 7 ASSOCIADOS.<\/li>\n<li>desconto de 10% em aulas INDIVIDUAIS, SEMI-INDIVIDUAIS (at\u00e9 3 alunos) e ON-LINE.<\/li>\n<li>desconto de 10% nas aulas em GRUPO nas turmas em andamento ou iniciantes<\/li>\n<\/ul>\n<p>(esse desconto n\u00e3o \u00e9 cumulativo com os outros oferecidos)<\/p>\n<\/div>\n<\/div><div id=\"cmsmasters_tab_69f1f358088374_61812862\" class=\"cmsmasters_tab\">\n<div class=\"cmsmasters_tab_inner\">\n<div class=\"cmsmasters_img  cmsmasters_image_l\">\n<img decoding=\"async\" src=\"https:\/\/www.accademiaitaliana.com.br\/site\/wordpress\/wp-content\/uploads\/2020\/08\/unimed_logo.png\" \/>\n<\/div>\n\n<div id=\"cmsmasters_divider_69f1f358089007_05573073\" class=\"cl\"><\/div>\n<p>Cooperados da UNIMED Campinas bem como seus dependentes, tem direito a:<\/p>\n<ul>\n<li>Desconto de 20% na(s) mensalidade(s) dos curso(s) em GRUPO nas turmas novas com n\u00famero m\u00ednimo de 7 cooperados.<\/li>\n<li>desconto de 10% em aulas INDIVIDUAIS, SEMI-INDIVIDUAIS (at\u00e9 3 alunos) e ON-LINE.<\/li>\n<li>desconto de 10% nas aulas em GRUPO nas turmas em andamento ou iniciantes<\/li>\n<\/ul>\n<p><strong>(esse desconto n\u00e3o \u00e9 cumulativo com os outros oferecidos)<\/strong><\/p>\n<\/div>\n<\/div><div id=\"cmsmasters_tab_69f1f358089255_22858193\" class=\"cmsmasters_tab\">\n<div class=\"cmsmasters_tab_inner\">\n<div class=\"cmsmasters_img  cmsmasters_image_l\">\n<img decoding=\"async\" src=\"https:\/\/www.accademiaitaliana.com.br\/site\/wordpress\/wp-content\/uploads\/2020\/08\/tenis_clube.png\" \/>\n<\/div>\n\n<div id=\"cmsmasters_divider_69f1f35808b106_08548543\" class=\"cl\"><\/div>\n<p>Associados T\u00eanis Clube bem como seus dependentes, tem direito a:<\/p>\n<ul>\n<li>Desconto de 20% na(s) mensalidade(s) dos curso(s) em GRUPO nas turmas novas com n\u00famero m\u00ednimo de 7 ASSOCIADOS.<\/li>\n<li>desconto de 10% em aulas INDIVIDUAIS, SEMI-INDIVIDUAIS (at\u00e9 3 alunos) e ON-LINE.<\/li>\n<li>desconto de 10% nas aulas em GRUPO nas turmas em andamento ou iniciantes<\/li>\n<\/ul>\n<p>(esse desconto n\u00e3o \u00e9 cumulativo com os outros oferecidos)<\/p>\n<\/div>\n<\/div><div id=\"cmsmasters_tab_69f1f35808b472_08640136\" class=\"cmsmasters_tab\">\n<div class=\"cmsmasters_tab_inner\">\n<div class=\"cmsmasters_img  cmsmasters_image_l\">\n<img decoding=\"async\" src=\"https:\/\/www.accademiaitaliana.com.br\/site\/wordpress\/wp-content\/uploads\/2020\/08\/facamp-300x247.png\" \/>\n<\/div>\n\n<div id=\"cmsmasters_divider_69f1f35808d0c8_69392766\" class=\"cl\"><\/div>\n<p>Alunos da Faculdade de Campinas tem direito a<\/p>\n<ul>\n<li>desconto de 10% nas mensalidade de todos os cursos em GRUPO<\/li>\n<li>isen\u00e7\u00e3o taxa matr\u00edcula<\/li>\n<\/ul>\n<p>(esse desconto n\u00e3o \u00e9 cumulativo com os outros oferecidos e n\u00e3o se aplica para aulas particulares).<\/p>\n<\/div>\n<\/div><div id=\"cmsmasters_tab_69f1f35808d833_42881708\" class=\"cmsmasters_tab\">\n<div class=\"cmsmasters_tab_inner\">\n<div class=\"cmsmasters_img  cmsmasters_image_l\">\n<img decoding=\"async\" src=\"https:\/\/www.accademiaitaliana.com.br\/site\/wordpress\/wp-content\/uploads\/2020\/08\/cmb.png\" \/>\n<\/div>\n\n<div id=\"cmsmasters_divider_69f1f35808eec2_39067499\" class=\"cl\"><\/div>\n<ul>\n<li>desconto de 10% nas mensalidade de cursos em GRUPO<\/li>\n<li>isen\u00e7\u00e3o taxa matr\u00edcula<\/li>\n<\/ul>\n<p>(esse desconto n\u00e3o \u00e9 cumulativo com os outros oferecidos e n\u00e3o se aplica para aulas particulares).<\/p>\n<\/div>\n<\/div><div id=\"cmsmasters_tab_69f1f35808f2b7_46108767\" class=\"cmsmasters_tab\">\n<div class=\"cmsmasters_tab_inner\">\n<div class=\"cmsmasters_img  cmsmasters_image_l\">\n<img decoding=\"async\" src=\"https:\/\/www.accademiaitaliana.com.br\/site\/wordpress\/wp-content\/uploads\/2020\/08\/gnb.png\" \/>\n<\/div>\n\n<div id=\"cmsmasters_divider_69f1f3580903c3_68464839\" class=\"cl\"><\/div>\n<ul>\n<li>desconto de 10% nas mensalidade de cursos em GRUPO<\/li>\n<li>isen\u00e7\u00e3o taxa matr\u00edcula<\/li>\n<\/ul>\n<p>(esse desconto n\u00e3o \u00e9 cumulativo com os outros oferecidos e n\u00e3o se aplica para aulas particulares).<\/p>\n<\/div>\n<\/div><div id=\"cmsmasters_tab_69f1f358090730_91392146\" class=\"cmsmasters_tab\">\n<div class=\"cmsmasters_tab_inner\">\n<div class=\"cmsmasters_img  cmsmasters_image_l\">\n<img decoding=\"async\" src=\"https:\/\/www.accademiaitaliana.com.br\/site\/wordpress\/wp-content\/uploads\/2020\/10\/LOGO-SERASA-300x165.png\" \/>\n<\/div>\n<p>Funcion\u00e1rios SERASA e parentes de 1\u00ba grau tem direito a:<\/p>\n<ul>\n<li>10% de desconto na mensalidade das aulas INDIVIDUAIS e SEMI-INDIVIDUAIS (modalidade Presencial e Virtual);<\/li>\n<li>20% de desconto na mensalidade das aulas em GRUPO (presencial e on-line) nas turmas j\u00e1 em andamento ou em turmas novas com n\u00famero m\u00ednimo de 5 alunos.<\/li>\n<\/ul>\n<\/div>\n<\/div><\/div>\n<\/div>\n\n<div id=\"cmsmasters_divider_69f1f358093f92_63847704\" class=\"cmsmasters_divider cmsmasters_divider_width_long cmsmasters_divider_pos_center\"><\/div>\n<\/div>\n<\/div>\n<\/div>\n<\/div>\n<\/div>\n<\/div>\n<div id=\"cmsmasters_row_69f1f3580944d5_28426962\" class=\"cmsmasters_row cmsmasters_color_scheme_default cmsmasters_row_top_default cmsmasters_row_bot_default cmsmasters_row_boxed\">\n<div class=\"cmsmasters_row_outer_parent\">\n<div class=\"cmsmasters_row_outer\">\n<div class=\"cmsmasters_row_inner\">\n<div class=\"cmsmasters_row_margin\">\n<div class=\"cmsmasters_column one_first\">\n\n<div id=\"cmsmasters_heading_69f1f358095501_71083358\" class=\"cmsmasters_heading_wrap cmsmasters_heading_align_left\">\n\t<h2 class=\"cmsmasters_heading cmsmasters-icon-star-empty\">Descontos Especiais<\/h2>\n<\/div><div class=\"cmsmasters_text\" data-animation=\"bounceInUp\" data-delay=\"0\">\n<ul>\n<li><strong>DESCONTO FAM\u00cdLIA<\/strong><\/li>\n<\/ul>\n<p>Familiares dos alunos (em curso) da Accademia Italiana ganham 5% de desconto nas mensalidades dos cursos em GRUPO. O desconto \u00e9 aplicado tamb\u00e9m para o aluno.<\/p>\n<ul>\n<li><strong>DESCONTO &#8220;INDIQUE UM AMIGO&#8221;<\/strong><\/li>\n<\/ul>\n<p>Alunos matriculados que indicarem um amigo, ganham 20% de desconto na mensalidade seguinte \u00e0 efetiva\u00e7\u00e3o da matr\u00edcula do amigo.<\/p>\n<\/div>\n\n<div id=\"cmsmasters_divider_69f1f3580959e7_82977813\" class=\"cmsmasters_divider cmsmasters_divider_width_long cmsmasters_divider_pos_center\"><\/div>\n<\/div>\n<\/div>\n<\/div>\n<\/div>\n<\/div>\n<\/div>\n<div id=\"cmsmasters_row_69f1f358095c13_11769659\" class=\"cmsmasters_row cmsmasters_color_scheme_default cmsmasters_row_top_default cmsmasters_row_bot_default cmsmasters_row_boxed\">\n<div class=\"cmsmasters_row_outer_parent\">\n<div class=\"cmsmasters_row_outer\">\n<div class=\"cmsmasters_row_inner\">\n<div class=\"cmsmasters_row_margin\">\n<div class=\"cmsmasters_column one_first\">\n\n<div id=\"cmsmasters_heading_69f1f3580966d0_67999081\" class=\"cmsmasters_heading_wrap cmsmasters_heading_align_left\">\n\t<h2 class=\"cmsmasters_heading cmsmasters-icon-user-group\">Seja Parceiro<\/h2>\n<\/div><div class=\"cmsmasters_text\" data-animation=\"bounceInUp\" data-delay=\"0\">\n<p>Sua empresa pode tamb\u00e9m ser parceira da Accademia Italiana e proporcionar condi\u00e7\u00f5es especiais para seus funcion\u00e1rios e clientes.<\/p>\n<p>Entre em contato conosco <a href=\"mailto:info@accademiaitaliana.com.br\">AQUI<\/a>.<\/p>\n<p>&nbsp;<\/p>\n<\/div>\n<\/div>\n<\/div>\n<\/div>\n<\/div>\n<\/div>\n<\/div>\n\n","protected":false},"excerpt":{"rendered":"","protected":false},"author":1,"featured_media":0,"parent":0,"menu_order":0,"comment_status":"closed","ping_status":"open","template":"","meta":{"footnotes":""},"class_list":["post-7251","page","type-page","status-publish","hentry"],"yoast_head":"<!-- This site is optimized with the Yoast SEO plugin v27.2 - https:\/\/yoast.com\/product\/yoast-seo-wordpress\/ -->\n<title>Parcerias - Accademia Italiana Pellegrini<\/title>\n<meta name=\"robots\" content=\"index, follow, max-snippet:-1, max-image-preview:large, max-video-preview:-1\" \/>\n<link rel=\"canonical\" href=\"https:\/\/www.accademiaitaliana.com.br\/site\/wordpress\/parcerias\/\" \/>\n<meta property=\"og:locale\" content=\"pt_BR\" \/>\n<meta property=\"og:type\" content=\"article\" \/>\n<meta property=\"og:title\" content=\"Parcerias - Accademia Italiana Pellegrini\" \/>\n<meta property=\"og:url\" content=\"https:\/\/www.accademiaitaliana.com.br\/site\/wordpress\/parcerias\/\" \/>\n<meta property=\"og:site_name\" content=\"Accademia Italiana Pellegrini\" \/>\n<meta property=\"article:publisher\" content=\"http:\/\/facebook.com\/accademiaitalianapellegrini\" \/>\n<meta property=\"article:modified_time\" content=\"2020-10-22T21:54:58+00:00\" \/>\n<meta name=\"twitter:card\" content=\"summary_large_image\" \/>\n<meta name=\"twitter:label1\" content=\"Est. tempo de leitura\" \/>\n\t<meta name=\"twitter:data1\" content=\"6 minutos\" \/>\n<script type=\"application\/ld+json\" class=\"yoast-schema-graph\">{\"@context\":\"https:\/\/schema.org\",\"@graph\":[{\"@type\":\"WebPage\",\"@id\":\"https:\/\/www.accademiaitaliana.com.br\/site\/wordpress\/parcerias\/\",\"url\":\"https:\/\/www.accademiaitaliana.com.br\/site\/wordpress\/parcerias\/\",\"name\":\"Parcerias - Accademia Italiana Pellegrini\",\"isPartOf\":{\"@id\":\"https:\/\/www.accademiaitaliana.com.br\/site\/wordpress\/#website\"},\"datePublished\":\"2020-08-11T23:19:27+00:00\",\"dateModified\":\"2020-10-22T21:54:58+00:00\",\"breadcrumb\":{\"@id\":\"https:\/\/www.accademiaitaliana.com.br\/site\/wordpress\/parcerias\/#breadcrumb\"},\"inLanguage\":\"pt-BR\",\"potentialAction\":[{\"@type\":\"ReadAction\",\"target\":[\"https:\/\/www.accademiaitaliana.com.br\/site\/wordpress\/parcerias\/\"]}]},{\"@type\":\"BreadcrumbList\",\"@id\":\"https:\/\/www.accademiaitaliana.com.br\/site\/wordpress\/parcerias\/#breadcrumb\",\"itemListElement\":[{\"@type\":\"ListItem\",\"position\":1,\"name\":\"Home\",\"item\":\"https:\/\/www.accademiaitaliana.com.br\/site\/wordpress\/\"},{\"@type\":\"ListItem\",\"position\":2,\"name\":\"Parcerias\"}]},{\"@type\":\"WebSite\",\"@id\":\"https:\/\/www.accademiaitaliana.com.br\/site\/wordpress\/#website\",\"url\":\"https:\/\/www.accademiaitaliana.com.br\/site\/wordpress\/\",\"name\":\"Accademia Italiana Pellegrini\",\"description\":\"escola, italiano, aula, cultura italiana\",\"potentialAction\":[{\"@type\":\"SearchAction\",\"target\":{\"@type\":\"EntryPoint\",\"urlTemplate\":\"https:\/\/www.accademiaitaliana.com.br\/site\/wordpress\/?s={search_term_string}\"},\"query-input\":{\"@type\":\"PropertyValueSpecification\",\"valueRequired\":true,\"valueName\":\"search_term_string\"}}],\"inLanguage\":\"pt-BR\"}]}<\/script>\n<!-- \/ Yoast SEO plugin. -->","yoast_head_json":{"title":"Parcerias - Accademia Italiana Pellegrini","robots":{"index":"index","follow":"follow","max-snippet":"max-snippet:-1","max-image-preview":"max-image-preview:large","max-video-preview":"max-video-preview:-1"},"canonical":"https:\/\/www.accademiaitaliana.com.br\/site\/wordpress\/parcerias\/","og_locale":"pt_BR","og_type":"article","og_title":"Parcerias - Accademia Italiana Pellegrini","og_url":"https:\/\/www.accademiaitaliana.com.br\/site\/wordpress\/parcerias\/","og_site_name":"Accademia Italiana Pellegrini","article_publisher":"http:\/\/facebook.com\/accademiaitalianapellegrini","article_modified_time":"2020-10-22T21:54:58+00:00","twitter_card":"summary_large_image","twitter_misc":{"Est. tempo de leitura":"6 minutos"},"schema":{"@context":"https:\/\/schema.org","@graph":[{"@type":"WebPage","@id":"https:\/\/www.accademiaitaliana.com.br\/site\/wordpress\/parcerias\/","url":"https:\/\/www.accademiaitaliana.com.br\/site\/wordpress\/parcerias\/","name":"Parcerias - Accademia Italiana Pellegrini","isPartOf":{"@id":"https:\/\/www.accademiaitaliana.com.br\/site\/wordpress\/#website"},"datePublished":"2020-08-11T23:19:27+00:00","dateModified":"2020-10-22T21:54:58+00:00","breadcrumb":{"@id":"https:\/\/www.accademiaitaliana.com.br\/site\/wordpress\/parcerias\/#breadcrumb"},"inLanguage":"pt-BR","potentialAction":[{"@type":"ReadAction","target":["https:\/\/www.accademiaitaliana.com.br\/site\/wordpress\/parcerias\/"]}]},{"@type":"BreadcrumbList","@id":"https:\/\/www.accademiaitaliana.com.br\/site\/wordpress\/parcerias\/#breadcrumb","itemListElement":[{"@type":"ListItem","position":1,"name":"Home","item":"https:\/\/www.accademiaitaliana.com.br\/site\/wordpress\/"},{"@type":"ListItem","position":2,"name":"Parcerias"}]},{"@type":"WebSite","@id":"https:\/\/www.accademiaitaliana.com.br\/site\/wordpress\/#website","url":"https:\/\/www.accademiaitaliana.com.br\/site\/wordpress\/","name":"Accademia Italiana Pellegrini","description":"escola, italiano, aula, cultura italiana","potentialAction":[{"@type":"SearchAction","target":{"@type":"EntryPoint","urlTemplate":"https:\/\/www.accademiaitaliana.com.br\/site\/wordpress\/?s={search_term_string}"},"query-input":{"@type":"PropertyValueSpecification","valueRequired":true,"valueName":"search_term_string"}}],"inLanguage":"pt-BR"}]}},"_links":{"self":[{"href":"https:\/\/www.accademiaitaliana.com.br\/site\/wordpress\/wp-json\/wp\/v2\/pages\/7251","targetHints":{"allow":["GET"]}}],"collection":[{"href":"https:\/\/www.accademiaitaliana.com.br\/site\/wordpress\/wp-json\/wp\/v2\/pages"}],"about":[{"href":"https:\/\/www.accademiaitaliana.com.br\/site\/wordpress\/wp-json\/wp\/v2\/types\/page"}],"author":[{"embeddable":true,"href":"https:\/\/www.accademiaitaliana.com.br\/site\/wordpress\/wp-json\/wp\/v2\/users\/1"}],"replies":[{"embeddable":true,"href":"https:\/\/www.accademiaitaliana.com.br\/site\/wordpress\/wp-json\/wp\/v2\/comments?post=7251"}],"version-history":[{"count":14,"href":"https:\/\/www.accademiaitaliana.com.br\/site\/wordpress\/wp-json\/wp\/v2\/pages\/7251\/revisions"}],"predecessor-version":[{"id":7571,"href":"https:\/\/www.accademiaitaliana.com.br\/site\/wordpress\/wp-json\/wp\/v2\/pages\/7251\/revisions\/7571"}],"wp:attachment":[{"href":"https:\/\/www.accademiaitaliana.com.br\/site\/wordpress\/wp-json\/wp\/v2\/media?parent=7251"}],"curies":[{"name":"wp","href":"https:\/\/api.w.org\/{rel}","templated":true}]}}