{"id":7232,"date":"2020-08-10T16:02:40","date_gmt":"2020-08-10T19:02:40","guid":{"rendered":"http:\/\/www.accademiaitaliana.siteoficial.ws\/site\/wordpress\/?page_id=7232"},"modified":"2020-08-12T14:18:43","modified_gmt":"2020-08-12T17:18:43","slug":"traducoes-cidadania","status":"publish","type":"page","link":"https:\/\/www.accademiaitaliana.com.br\/site\/wordpress\/traducoes-cidadania\/","title":{"rendered":"Tradu\u00e7\u00f5es e Cidadania"},"content":{"rendered":"<style type=\"text\/css\"> \n#cmsmasters_row_69f1f32814a598_62676963 { \n\tbackground-image: url(https:\/\/www.accademiaitaliana.com.br\/site\/wordpress\/wp-content\/uploads\/2020\/08\/traducoes_accad_1.jpg); \n\tbackground-position: center center; \n\tbackground-repeat: no-repeat; \n\tbackground-attachment: scroll; \n\tbackground-size: cover; \n} \n\n#cmsmasters_row_69f1f32814a598_62676963 .cmsmasters_row_outer_parent { \n\tpadding-top: 180px; \n} \n\n#cmsmasters_row_69f1f32814a598_62676963 .cmsmasters_row_outer_parent { \n\tpadding-bottom: 180px; \n} \n\n#cmsmasters_row_69f1f32814a598_62676963 .cmsmasters_row_overlay { \n\tbackground-color:rgba(37,37,49,0.1);\n} \n\n \n#cmsmasters_heading_69f1f32814c079_88150864 { \n\ttext-align:center; \n\tmargin-top:70px; \n\tmargin-bottom:70px; \n} \n\n#cmsmasters_heading_69f1f32814c079_88150864 .cmsmasters_heading { \n\ttext-align:center; \n} \n\n#cmsmasters_heading_69f1f32814c079_88150864 .cmsmasters_heading, #cmsmasters_heading_69f1f32814c079_88150864 .cmsmasters_heading a { \n\tfont-size:50px; \n\tline-height:90px; \n\tfont-weight:300; \n\tfont-style:normal; \n\tcolor:#ffffff;\n} \n\n#cmsmasters_heading_69f1f32814c079_88150864 .cmsmasters_heading_divider { \n} \n\n \n#cmsmasters_row_69f1f32814ccc5_89900951 .cmsmasters_row_outer_parent { \n\tpadding-top: 70px; \n} \n\n#cmsmasters_row_69f1f32814ccc5_89900951 .cmsmasters_row_outer_parent { \n\tpadding-bottom: 60px; \n} \n\n \n#cmsmasters_heading_69f1f32814d868_65710803 { \n\ttext-align:left; \n\tmargin-top:0px; \n\tmargin-bottom:20px; \n} \n\n#cmsmasters_heading_69f1f32814d868_65710803 .cmsmasters_heading { \n\ttext-align:left; \n} \n\n#cmsmasters_heading_69f1f32814d868_65710803 .cmsmasters_heading, #cmsmasters_heading_69f1f32814d868_65710803 .cmsmasters_heading a { \n\tfont-size:26px; \n\tfont-weight:300; \n\tfont-style:normal; \n} \n\n#cmsmasters_heading_69f1f32814d868_65710803 .cmsmasters_heading_divider { \n} \n\n \n#cmsmasters_divider_69f1f32814dc42_03510820 { \n\tborder-bottom-width:1px; \n\tborder-bottom-style:solid; \n\tpadding-top:15px; \n\tmargin-bottom:15px; \n} \n \n#cmsmasters_heading_69f1f32814dd16_56742806 { \n\ttext-align:left; \n\tmargin-top:0px; \n\tmargin-bottom:20px; \n} \n\n#cmsmasters_heading_69f1f32814dd16_56742806 .cmsmasters_heading { \n\ttext-align:left; \n} \n\n#cmsmasters_heading_69f1f32814dd16_56742806 .cmsmasters_heading, #cmsmasters_heading_69f1f32814dd16_56742806 .cmsmasters_heading a { \n\tfont-size:26px; \n\tfont-weight:300; \n\tfont-style:normal; \n} \n\n#cmsmasters_heading_69f1f32814dd16_56742806 .cmsmasters_heading_divider { \n} \n\n \n#cmsmasters_row_69f1f32814e031_35149569 .cmsmasters_row_outer_parent { \n\tpadding-top: 0px; \n} \n\n#cmsmasters_row_69f1f32814e031_35149569 .cmsmasters_row_outer_parent { \n\tpadding-bottom: 50px; \n} \n\n \n#cmsmasters_icon_box_69f1f32814e618_95538523 { \n\tborder-width:5px; \n\t-webkit-border-radius:15px; \n\tborder-radius:15px; \n\tcolor:#ffffff;\n\tbackground-color:#d66e16;\n\tborder-color:#ffffff;\n} \n\n#cmsmasters_icon_box_69f1f32814e618_95538523:before, \n#cmsmasters_icon_box_69f1f32814e618_95538523 .icon_box_heading:before { \n\tfont-size:30px; \n\tline-height:44px; \n\twidth:50px; \n\theight:50px; \n\tborder-width:3px; \n\t-webkit-border-radius:50%; \n\tborder-radius:50%; \n\tcolor:#d66e16;\n\tbackground-color:#ffffff;\n\tborder-color:#ffffff;\n} \n\n#cmsmasters_icon_box_69f1f32814e618_95538523.cmsmasters_icon_heading_left, \n#cmsmasters_icon_box_69f1f32814e618_95538523.cmsmasters_icon_top, \n#cmsmasters_icon_box_69f1f32814e618_95538523.cmsmasters_icon_box_left_top { \n\tpadding:30px 20px; } \n\n#cmsmasters_icon_box_69f1f32814e618_95538523.cmsmasters_icon_top:before { \n\ttop:30px;} \n\n#cmsmasters_icon_box_69f1f32814e618_95538523 a:not(.cmsmasters_button), \n#cmsmasters_icon_box_69f1f32814e618_95538523 a:not(.cmsmasters_button):hover, \n#cmsmasters_icon_box_69f1f32814e618_95538523 h1, \n#cmsmasters_icon_box_69f1f32814e618_95538523 h2, \n#cmsmasters_icon_box_69f1f32814e618_95538523 h3, \n#cmsmasters_icon_box_69f1f32814e618_95538523 h4, \n#cmsmasters_icon_box_69f1f32814e618_95538523 h5, \n#cmsmasters_icon_box_69f1f32814e618_95538523 h6 { \n\tcolor:#ffffff;} \n\n#cmsmasters_icon_box_69f1f32814e618_95538523 a:not(.cmsmasters_button) { \n\n\ttext-decoration:underline;} \n\n#cmsmasters_icon_box_69f1f32814e618_95538523 a:not(.cmsmasters_button):hover { \n\n\ttext-decoration:none;} \n\n#cmsmasters_icon_box_69f1f32814e618_95538523 { \n\tpadding-top:80px; } \n\n#cmsmasters_icon_box_69f1f32814e618_95538523:before, \n#cmsmasters_icon_box_69f1f32814e618_95538523 .icon_box_heading:before { \n\tmargin-left:-25px; \n\t} \n\n#cmsmasters_icon_box_69f1f32814e618_95538523.cmsmasters_icon_top { \n\tpadding-top:110px; \n\t} \n\n \n#cmsmasters_icon_box_69f1f32814e9c2_80689038 { \n\tborder-width:2px; \n\t-webkit-border-radius:15px; \n\tborder-radius:15px; \n\tbackground-color:#ffffff;\n\tborder-color:#d66e16;\n} \n\n#cmsmasters_icon_box_69f1f32814e9c2_80689038:before, \n#cmsmasters_icon_box_69f1f32814e9c2_80689038 .icon_box_heading:before { \n\tfont-size:30px; \n\tline-height:50px; \n\twidth:50px; \n\theight:50px; \n\tborder-width:0px; \n\t-webkit-border-radius:50%; \n\tborder-radius:50%; \n\tcolor:#d66e16;\n\tbackground-color:#ffffff;\n\tborder-color:#ffffff;\n} \n\n#cmsmasters_icon_box_69f1f32814e9c2_80689038.cmsmasters_icon_heading_left, \n#cmsmasters_icon_box_69f1f32814e9c2_80689038.cmsmasters_icon_top, \n#cmsmasters_icon_box_69f1f32814e9c2_80689038.cmsmasters_icon_box_left_top { \n\tpadding:30px 20px; } \n\n#cmsmasters_icon_box_69f1f32814e9c2_80689038.cmsmasters_icon_top:before { \n\ttop:30px;} \n\n#cmsmasters_icon_box_69f1f32814e9c2_80689038 { \n\tpadding-top:80px; } \n\n#cmsmasters_icon_box_69f1f32814e9c2_80689038:before, \n#cmsmasters_icon_box_69f1f32814e9c2_80689038 .icon_box_heading:before { \n\tmargin-left:-25px; \n\t} \n\n#cmsmasters_icon_box_69f1f32814e9c2_80689038.cmsmasters_icon_top { \n\tpadding-top:110px; \n\t} \n\n \n#cmsmasters_icon_box_69f1f32814ecf9_07439089 { \n\tborder-width:5px; \n\t-webkit-border-radius:15px; \n\tborder-radius:15px; \n\tcolor:#ffffff;\n\tbackground-color:#d66e16;\n\tborder-color:#ffffff;\n} \n\n#cmsmasters_icon_box_69f1f32814ecf9_07439089:before, \n#cmsmasters_icon_box_69f1f32814ecf9_07439089 .icon_box_heading:before { \n\tfont-size:30px; \n\tline-height:44px; \n\twidth:50px; \n\theight:50px; \n\tborder-width:3px; \n\t-webkit-border-radius:50%; \n\tborder-radius:50%; \n\tcolor:#d66e16;\n\tbackground-color:#ffffff;\n} \n\n#cmsmasters_icon_box_69f1f32814ecf9_07439089.cmsmasters_icon_heading_left, \n#cmsmasters_icon_box_69f1f32814ecf9_07439089.cmsmasters_icon_top, \n#cmsmasters_icon_box_69f1f32814ecf9_07439089.cmsmasters_icon_box_left_top { \n\tpadding:30px 20px; } \n\n#cmsmasters_icon_box_69f1f32814ecf9_07439089.cmsmasters_icon_top:before { \n\ttop:30px;} \n\n#cmsmasters_icon_box_69f1f32814ecf9_07439089 a:not(.cmsmasters_button), \n#cmsmasters_icon_box_69f1f32814ecf9_07439089 a:not(.cmsmasters_button):hover, \n#cmsmasters_icon_box_69f1f32814ecf9_07439089 h1, \n#cmsmasters_icon_box_69f1f32814ecf9_07439089 h2, \n#cmsmasters_icon_box_69f1f32814ecf9_07439089 h3, \n#cmsmasters_icon_box_69f1f32814ecf9_07439089 h4, \n#cmsmasters_icon_box_69f1f32814ecf9_07439089 h5, \n#cmsmasters_icon_box_69f1f32814ecf9_07439089 h6 { \n\tcolor:#ffffff;} \n\n#cmsmasters_icon_box_69f1f32814ecf9_07439089 a:not(.cmsmasters_button) { \n\n\ttext-decoration:underline;} \n\n#cmsmasters_icon_box_69f1f32814ecf9_07439089 a:not(.cmsmasters_button):hover { \n\n\ttext-decoration:none;} \n\n#cmsmasters_icon_box_69f1f32814ecf9_07439089 { \n\tpadding-top:80px; } \n\n#cmsmasters_icon_box_69f1f32814ecf9_07439089:before, \n#cmsmasters_icon_box_69f1f32814ecf9_07439089 .icon_box_heading:before { \n\tmargin-left:-25px; \n\t} \n\n#cmsmasters_icon_box_69f1f32814ecf9_07439089.cmsmasters_icon_top { \n\tpadding-top:110px; \n\t} \n\n \n#cmsmasters_row_69f1f32814ef64_97401190 .cmsmasters_row_outer_parent { \n\tpadding-top: 0px; \n} \n\n#cmsmasters_row_69f1f32814ef64_97401190 .cmsmasters_row_outer_parent { \n\tpadding-bottom: 50px; \n} \n\n<\/style><div id=\"cmsmasters_row_69f1f32814a598_62676963\" class=\"cmsmasters_row cmsmasters_color_scheme_default cmsmasters_row_top_default cmsmasters_row_bot_default cmsmasters_row_boxed\">\n<div class=\"cmsmasters_row_outer_parent\">\n<div class=\"cmsmasters_row_overlay\"><\/div>\n<div class=\"cmsmasters_row_outer\">\n<div class=\"cmsmasters_row_inner\">\n<div class=\"cmsmasters_row_margin\">\n<div class=\"cmsmasters_column one_first\">\n\n<div id=\"cmsmasters_heading_69f1f32814c079_88150864\" class=\"cmsmasters_heading_wrap cmsmasters_heading_align_center\">\n\t<h1 class=\"cmsmasters_heading\">Tradu\u00e7\u00f5es e Cidadania<\/h1>\n<\/div>\n<\/div>\n<\/div>\n<\/div>\n<\/div>\n<\/div>\n<\/div>\n<div id=\"cmsmasters_row_69f1f32814ccc5_89900951\" class=\"cmsmasters_row cmsmasters_color_scheme_default cmsmasters_row_top_default cmsmasters_row_bot_default cmsmasters_row_boxed\">\n<div class=\"cmsmasters_row_outer_parent\">\n<div class=\"cmsmasters_row_outer\">\n<div class=\"cmsmasters_row_inner\">\n<div class=\"cmsmasters_row_margin\">\n<div class=\"cmsmasters_column one_first\">\n\n<div id=\"cmsmasters_heading_69f1f32814d868_65710803\" class=\"cmsmasters_heading_wrap cmsmasters_heading_align_left\">\n\t<h2 class=\"cmsmasters_heading cmsmasters-icon-language\">Tradu\u00e7\u00f5es<\/h2>\n<\/div><div class=\"cmsmasters_text\" data-animation=\"bounceInUp\" data-delay=\"0\">\n<p>Atendendo \u00e0s necessidades de nossos clientes, realizamos:<\/p>\n<p>Tradu\u00e7\u00f5es simples;<br \/>\nTradu\u00e7\u00f5es juramentadas;<br \/>\nTradu\u00e7\u00f5es liter\u00e1rias;<br \/>\nTradu\u00e7\u00f5es t\u00e9cnicas;<br \/>\nVers\u00f5es de textos escritos originalmente em Portugu\u00eas;<br \/>\nCorre\u00e7\u00e3o de textos escritos originalmente em Portugu\u00eas;<br \/>\nCorre\u00e7\u00e3o de textos escritos originalmente em Italiano.<\/p>\n<p>Oferecemos tamb\u00e9m servi\u00e7o de interprete e tradu\u00e7\u00f5es consecutivas.<\/p>\n<p><a href=\"mailto:info@accademiaitaliana.com.br\">CLIQUE AQUI E ENTRE EM CONTATO CONOSCO<\/a> para mais informa\u00e7\u00f5es e or\u00e7amentos.<\/p>\n<\/div>\n\n<div id=\"cmsmasters_divider_69f1f32814dc42_03510820\" class=\"cmsmasters_divider cmsmasters_divider_width_long cmsmasters_divider_pos_center\"><\/div>\n\n<div id=\"cmsmasters_heading_69f1f32814dd16_56742806\" class=\"cmsmasters_heading_wrap cmsmasters_heading_align_left\">\n\t<h2 class=\"cmsmasters_heading cmsmasters-icon-user-confirm\">Cidadania<\/h2>\n<\/div><div class=\"cmsmasters_text\" data-animation=\"bounceInUp\" data-delay=\"0\">\n<p>Voc\u00ea \u00e9 descendente de italianos?<br \/>\nJ\u00e1 pensou em reconhecer sua cidadania italiana diretamente na It\u00e1lia?<\/p>\n<p>Criamos um servi\u00e7o para orientar e auxiliar o pretendente a montar seu processo, atrav\u00e9s da an\u00e1lise objetiva e criteriosa de cada caso. O processo como um todo se divide em tr\u00eas etapas principais, conduzidas por pessoas parceiras envolvidas em uma ou mais delas (no Brasil e na It\u00e1lia):<\/p>\n<\/div>\n<\/div>\n<\/div>\n<\/div>\n<\/div>\n<\/div>\n<\/div>\n<div id=\"cmsmasters_row_69f1f32814e031_35149569\" class=\"cmsmasters_row cmsmasters_color_scheme_default cmsmasters_row_top_default cmsmasters_row_bot_default cmsmasters_row_boxed\">\n<div class=\"cmsmasters_row_outer_parent\">\n<div class=\"cmsmasters_row_outer\">\n<div class=\"cmsmasters_row_inner\">\n<div class=\"cmsmasters_row_margin\">\n<div class=\"cmsmasters_column one_third\">\n\n<div id=\"cmsmasters_icon_box_69f1f32814e618_95538523\" class=\"cmsmasters_icon_box cmsmasters_icon_top box_icon_type_icon cmsmasters-icon-link-3\">\n<div class=\"icon_box_inner\">\n<h2 class=\"icon_box_heading\">ETAPA DA ORIGEM (Assessoria na an\u00e1lise<\/h2>\n<div class=\"icon_box_text\">\n<p>Consiste da an\u00e1lise da viabilidade da cidadania, na an\u00e1lise dos documentos do ancestral e dos descendentes e na adequa\u00e7\u00e3o desses documentos \u00e0s normas italianas, os quais ser\u00e3o checados previamente na It\u00e1lia.<\/p>\n<\/div>\n<\/div>\n<\/div>\n<\/div>\n<div class=\"cmsmasters_column one_third\">\n\n<div id=\"cmsmasters_icon_box_69f1f32814e9c2_80689038\" class=\"cmsmasters_icon_box cmsmasters_icon_top box_icon_type_icon cmsmasters-icon-map-2\">\n<div class=\"icon_box_inner\">\n<h2 class=\"icon_box_heading\">ETAPA BRASILEIRA (Assessoria do processo)<\/h2>\n<div class=\"icon_box_text\">\n<p>Com a documenta\u00e7\u00e3o brasileira analisada e com as devidas corre\u00e7\u00f5es (se for o caso) encaminhadas, esta etapa ser\u00e1 a de orientar o pretendente na montagem e encaminhamento do processo na forma correta de tramita\u00e7\u00e3o no Brasil e na It\u00e1lia.<\/p>\n<\/div>\n<\/div>\n<\/div>\n<\/div>\n<div class=\"cmsmasters_column one_third\">\n\n<div id=\"cmsmasters_icon_box_69f1f32814ecf9_07439089\" class=\"cmsmasters_icon_box cmsmasters_icon_top box_icon_type_icon cmsmasters-icon-sign\">\n<div class=\"icon_box_inner\">\n<h2 class=\"icon_box_heading\">ETAPA ITALIANA (Acolhimento e registro)<\/h2>\n<div class=\"icon_box_text\">\n<p>Agendamento da viagem; acolhimento do pretendente no <em>comune<\/em> italiano; contrata\u00e7\u00e3o pr\u00e9via da obrigat\u00f3ria resid\u00eancia na modalidade loca\u00e7\u00e3o (padr\u00e3o: im\u00f3vel mobiliado e equipado); assist\u00eancia total ao processo at\u00e9 a concess\u00e3o da cidadania e a emiss\u00e3o dos documentos afins.<\/p>\n<p>*O pretendente dever\u00e1 residir legalmente na It\u00e1lia pelo m\u00ednimo de 3 meses.<\/p>\n<\/div>\n<\/div>\n<\/div>\n<\/div>\n<\/div>\n<\/div>\n<\/div>\n<\/div>\n<\/div>\n<div id=\"cmsmasters_row_69f1f32814ef64_97401190\" class=\"cmsmasters_row cmsmasters_color_scheme_default cmsmasters_row_top_default cmsmasters_row_bot_default cmsmasters_row_boxed\">\n<div class=\"cmsmasters_row_outer_parent\">\n<div class=\"cmsmasters_row_outer\">\n<div class=\"cmsmasters_row_inner\">\n<div class=\"cmsmasters_row_margin\">\n<div class=\"cmsmasters_column one_first\">\n<div class=\"cmsmasters_text\">\n<p>Curso de italiano dispon\u00edvel. No Brasil e na It\u00e1lia.<\/p>\n<p>Se desejar mais informa\u00e7\u00f5es, <a href=\"mailto:info@accademiaitaliana.com.br\">fale conosco<\/a>!<\/p>\n<\/div>\n<\/div>\n<\/div>\n<\/div>\n<\/div>\n<\/div>\n<\/div>\n\n","protected":false},"excerpt":{"rendered":"","protected":false},"author":1,"featured_media":0,"parent":0,"menu_order":0,"comment_status":"closed","ping_status":"open","template":"","meta":{"footnotes":""},"class_list":["post-7232","page","type-page","status-publish","hentry"],"yoast_head":"<!-- This site is optimized with the Yoast SEO plugin v27.2 - https:\/\/yoast.com\/product\/yoast-seo-wordpress\/ -->\n<title>Tradu\u00e7\u00f5es e Cidadania - Accademia Italiana Pellegrini<\/title>\n<meta name=\"robots\" content=\"index, follow, max-snippet:-1, max-image-preview:large, max-video-preview:-1\" \/>\n<link rel=\"canonical\" href=\"https:\/\/www.accademiaitaliana.com.br\/site\/wordpress\/traducoes-cidadania\/\" \/>\n<meta property=\"og:locale\" content=\"pt_BR\" \/>\n<meta property=\"og:type\" content=\"article\" \/>\n<meta property=\"og:title\" content=\"Tradu\u00e7\u00f5es e Cidadania - Accademia Italiana Pellegrini\" \/>\n<meta property=\"og:url\" content=\"https:\/\/www.accademiaitaliana.com.br\/site\/wordpress\/traducoes-cidadania\/\" \/>\n<meta property=\"og:site_name\" content=\"Accademia Italiana Pellegrini\" \/>\n<meta property=\"article:publisher\" content=\"http:\/\/facebook.com\/accademiaitalianapellegrini\" \/>\n<meta property=\"article:modified_time\" content=\"2020-08-12T17:18:43+00:00\" \/>\n<meta name=\"twitter:card\" content=\"summary_large_image\" \/>\n<meta name=\"twitter:label1\" content=\"Est. tempo de leitura\" \/>\n\t<meta name=\"twitter:data1\" content=\"4 minutos\" \/>\n<script type=\"application\/ld+json\" class=\"yoast-schema-graph\">{\"@context\":\"https:\/\/schema.org\",\"@graph\":[{\"@type\":\"WebPage\",\"@id\":\"https:\/\/www.accademiaitaliana.com.br\/site\/wordpress\/traducoes-cidadania\/\",\"url\":\"https:\/\/www.accademiaitaliana.com.br\/site\/wordpress\/traducoes-cidadania\/\",\"name\":\"Tradu\u00e7\u00f5es e Cidadania - Accademia Italiana Pellegrini\",\"isPartOf\":{\"@id\":\"https:\/\/www.accademiaitaliana.com.br\/site\/wordpress\/#website\"},\"datePublished\":\"2020-08-10T19:02:40+00:00\",\"dateModified\":\"2020-08-12T17:18:43+00:00\",\"breadcrumb\":{\"@id\":\"https:\/\/www.accademiaitaliana.com.br\/site\/wordpress\/traducoes-cidadania\/#breadcrumb\"},\"inLanguage\":\"pt-BR\",\"potentialAction\":[{\"@type\":\"ReadAction\",\"target\":[\"https:\/\/www.accademiaitaliana.com.br\/site\/wordpress\/traducoes-cidadania\/\"]}]},{\"@type\":\"BreadcrumbList\",\"@id\":\"https:\/\/www.accademiaitaliana.com.br\/site\/wordpress\/traducoes-cidadania\/#breadcrumb\",\"itemListElement\":[{\"@type\":\"ListItem\",\"position\":1,\"name\":\"Home\",\"item\":\"https:\/\/www.accademiaitaliana.com.br\/site\/wordpress\/\"},{\"@type\":\"ListItem\",\"position\":2,\"name\":\"Tradu\u00e7\u00f5es e Cidadania\"}]},{\"@type\":\"WebSite\",\"@id\":\"https:\/\/www.accademiaitaliana.com.br\/site\/wordpress\/#website\",\"url\":\"https:\/\/www.accademiaitaliana.com.br\/site\/wordpress\/\",\"name\":\"Accademia Italiana Pellegrini\",\"description\":\"escola, italiano, aula, cultura italiana\",\"potentialAction\":[{\"@type\":\"SearchAction\",\"target\":{\"@type\":\"EntryPoint\",\"urlTemplate\":\"https:\/\/www.accademiaitaliana.com.br\/site\/wordpress\/?s={search_term_string}\"},\"query-input\":{\"@type\":\"PropertyValueSpecification\",\"valueRequired\":true,\"valueName\":\"search_term_string\"}}],\"inLanguage\":\"pt-BR\"}]}<\/script>\n<!-- \/ Yoast SEO plugin. -->","yoast_head_json":{"title":"Tradu\u00e7\u00f5es e Cidadania - Accademia Italiana Pellegrini","robots":{"index":"index","follow":"follow","max-snippet":"max-snippet:-1","max-image-preview":"max-image-preview:large","max-video-preview":"max-video-preview:-1"},"canonical":"https:\/\/www.accademiaitaliana.com.br\/site\/wordpress\/traducoes-cidadania\/","og_locale":"pt_BR","og_type":"article","og_title":"Tradu\u00e7\u00f5es e Cidadania - Accademia Italiana Pellegrini","og_url":"https:\/\/www.accademiaitaliana.com.br\/site\/wordpress\/traducoes-cidadania\/","og_site_name":"Accademia Italiana Pellegrini","article_publisher":"http:\/\/facebook.com\/accademiaitalianapellegrini","article_modified_time":"2020-08-12T17:18:43+00:00","twitter_card":"summary_large_image","twitter_misc":{"Est. tempo de leitura":"4 minutos"},"schema":{"@context":"https:\/\/schema.org","@graph":[{"@type":"WebPage","@id":"https:\/\/www.accademiaitaliana.com.br\/site\/wordpress\/traducoes-cidadania\/","url":"https:\/\/www.accademiaitaliana.com.br\/site\/wordpress\/traducoes-cidadania\/","name":"Tradu\u00e7\u00f5es e Cidadania - Accademia Italiana Pellegrini","isPartOf":{"@id":"https:\/\/www.accademiaitaliana.com.br\/site\/wordpress\/#website"},"datePublished":"2020-08-10T19:02:40+00:00","dateModified":"2020-08-12T17:18:43+00:00","breadcrumb":{"@id":"https:\/\/www.accademiaitaliana.com.br\/site\/wordpress\/traducoes-cidadania\/#breadcrumb"},"inLanguage":"pt-BR","potentialAction":[{"@type":"ReadAction","target":["https:\/\/www.accademiaitaliana.com.br\/site\/wordpress\/traducoes-cidadania\/"]}]},{"@type":"BreadcrumbList","@id":"https:\/\/www.accademiaitaliana.com.br\/site\/wordpress\/traducoes-cidadania\/#breadcrumb","itemListElement":[{"@type":"ListItem","position":1,"name":"Home","item":"https:\/\/www.accademiaitaliana.com.br\/site\/wordpress\/"},{"@type":"ListItem","position":2,"name":"Tradu\u00e7\u00f5es e Cidadania"}]},{"@type":"WebSite","@id":"https:\/\/www.accademiaitaliana.com.br\/site\/wordpress\/#website","url":"https:\/\/www.accademiaitaliana.com.br\/site\/wordpress\/","name":"Accademia Italiana Pellegrini","description":"escola, italiano, aula, cultura italiana","potentialAction":[{"@type":"SearchAction","target":{"@type":"EntryPoint","urlTemplate":"https:\/\/www.accademiaitaliana.com.br\/site\/wordpress\/?s={search_term_string}"},"query-input":{"@type":"PropertyValueSpecification","valueRequired":true,"valueName":"search_term_string"}}],"inLanguage":"pt-BR"}]}},"_links":{"self":[{"href":"https:\/\/www.accademiaitaliana.com.br\/site\/wordpress\/wp-json\/wp\/v2\/pages\/7232","targetHints":{"allow":["GET"]}}],"collection":[{"href":"https:\/\/www.accademiaitaliana.com.br\/site\/wordpress\/wp-json\/wp\/v2\/pages"}],"about":[{"href":"https:\/\/www.accademiaitaliana.com.br\/site\/wordpress\/wp-json\/wp\/v2\/types\/page"}],"author":[{"embeddable":true,"href":"https:\/\/www.accademiaitaliana.com.br\/site\/wordpress\/wp-json\/wp\/v2\/users\/1"}],"replies":[{"embeddable":true,"href":"https:\/\/www.accademiaitaliana.com.br\/site\/wordpress\/wp-json\/wp\/v2\/comments?post=7232"}],"version-history":[{"count":12,"href":"https:\/\/www.accademiaitaliana.com.br\/site\/wordpress\/wp-json\/wp\/v2\/pages\/7232\/revisions"}],"predecessor-version":[{"id":7275,"href":"https:\/\/www.accademiaitaliana.com.br\/site\/wordpress\/wp-json\/wp\/v2\/pages\/7232\/revisions\/7275"}],"wp:attachment":[{"href":"https:\/\/www.accademiaitaliana.com.br\/site\/wordpress\/wp-json\/wp\/v2\/media?parent=7232"}],"curies":[{"name":"wp","href":"https:\/\/api.w.org\/{rel}","templated":true}]}}